{"id":36186,"date":"2023-12-22T17:59:49","date_gmt":"2023-12-22T17:59:49","guid":{"rendered":"https:\/\/e.kosmolat.eu\/product\/glorix-aizsargajosa-attirosa-zeleja-rokam-750-ml\/"},"modified":"2025-09-19T21:15:57","modified_gmt":"2025-09-19T21:15:57","slug":"glorix-aizsargajosa-attirosa-zeleja-rokam-750-ml","status":"publish","type":"product","link":"https:\/\/e.kosmolat.eu\/lt\/produktas\/glorix-aizsargajosa-attirosa-zeleja-rokam-750-ml\/","title":{"rendered":"GLORIX \u010dG\u0116\u00dc \u041e\u0427\u010c\u0429\u0104\u017d\u0429\u010c\u0419 \u00c4\u0116\u042f \u0160\u0423\u041a \u0104\u041d\u0422\u010c\u0421G\u041f\u0422\u010c\u0427G\u0421\u041a\u010c\u0419 8\u00d5750\u041c\u0116"},"content":{"rendered":"<\/p>\n","protected":false},"excerpt":{"rendered":"","protected":false},"featured_media":84846,"template":"","meta":[],"product_cat":[1754],"product_tag":[],"class_list":{"0":"post-36186","1":"product","2":"type-product","3":"status-publish","4":"has-post-thumbnail","6":"product_brand-unilever-rus-lt","7":"product_cat-dezinfekcijos-priemones","9":"first","10":"outofstock","11":"taxable","12":"shipping-taxable","13":"product-type-simple"},"_links":{"self":[{"href":"https:\/\/e.kosmolat.eu\/lt\/wp-json\/wp\/v2\/product\/36186","targetHints":{"allow":["GET"]}}],"collection":[{"href":"https:\/\/e.kosmolat.eu\/lt\/wp-json\/wp\/v2\/product"}],"about":[{"href":"https:\/\/e.kosmolat.eu\/lt\/wp-json\/wp\/v2\/types\/product"}],"wp:featuredmedia":[{"embeddable":true,"href":"https:\/\/e.kosmolat.eu\/lt\/wp-json\/wp\/v2\/media\/84846"}],"wp:attachment":[{"href":"https:\/\/e.kosmolat.eu\/lt\/wp-json\/wp\/v2\/media?parent=36186"}],"wp:term":[{"taxonomy":"product_cat","embeddable":true,"href":"https:\/\/e.kosmolat.eu\/lt\/wp-json\/wp\/v2\/product_cat?post=36186"},{"taxonomy":"product_tag","embeddable":true,"href":"https:\/\/e.kosmolat.eu\/lt\/wp-json\/wp\/v2\/product_tag?post=36186"}],"curies":[{"name":"wp","href":"https:\/\/api.w.org\/{rel}","templated":true}]}}