{"id":36174,"date":"2023-12-22T17:58:33","date_gmt":"2023-12-22T17:58:33","guid":{"rendered":"https:\/\/e.kosmolat.eu\/product\/cl-natura-sejas-maska-mirdzums-1-gab\/"},"modified":"2025-09-19T21:15:18","modified_gmt":"2025-09-19T21:15:18","slug":"cl-natura-sejas-maska-mirdzums-1-gab","status":"publish","type":"product","link":"https:\/\/e.kosmolat.eu\/lt\/produktas\/cl-natura-sejas-maska-mirdzums-1-gab\/","title":{"rendered":"\u010cISTAJA LINIJA Veido kauk\u0117 \u0160vyt\u0117jimas 1vnt"},"content":{"rendered":"<p>Pagerina veido spalv\u0105, gr\u0105\u017eina odai sveik\u0105 spindes\u012f, intensyviai dr\u0117kina ir gaivina.<\/p>\n<p>Oda &scaron;velni ir &scaron;velni. Nat\u016bralus spindesys ir tolygus tonas.<\/p>\n<p>Naudojimas:<\/p>\n<p>1. Supilkite paket\u0117lio turin\u012f (miltelius) \u012f talpykl\u0105<\/p>\n<p>2. \u012epilkite vandens 35 ml (4 &scaron;auk&scaron;tai)<\/p>\n<p>3. I&scaron;mai&scaron;ykite iki vientisos mas\u0117s<\/p>\n<p>4. U\u017etepkite kauk\u0119 storu sluoksniu (3-5mm) ant veido<\/p>\n<p>5. Nuimkite kauk\u0119 i&scaron; apa\u010dios \u012f vir&scaron;\u0173 po 20-25 minu\u010di\u0173<\/p>\n<p>Produkto sud\u0117tyje yra ekologi&scaron;ko alavij\u0173 ekstrakto. Prek\u0117s i&scaron;vaizda gali skirtis nuo nurodytos ant pakuot\u0117s. Jei pasirei&scaron;kia jautrumas komponentams, nustokite naudoti. Kauk\u0117s negalima tepti ant pa\u017eeistos, u\u017edegimin\u0117s ar sudirgusios odos. Kauk\u0117 skirta vienkartiniam naudojimui.<\/p>\n","protected":false},"excerpt":{"rendered":"<p>Pagerina veido spalv\u0105, gr\u0105\u017eina odai sveik\u0105 spindes\u012f, intensyviai dr\u0117kina ir gaivina. Oda &scaron;velni ir &scaron;velni. Nat\u016bralus spindesys ir tolygus tonas. Naudojimas: 1. Supilkite paket\u0117lio turin\u012f (miltelius) \u012f talpykl\u0105 2. \u012epilkite vandens 35 ml (4 &scaron;auk&scaron;tai) 3. I&scaron;mai&scaron;ykite iki vientisos mas\u0117s 4. U\u017etepkite kauk\u0119 storu sluoksniu (3-5mm) ant veido 5. Nuimkite kauk\u0119 i&scaron; apa\u010dios \u012f vir&scaron;\u0173 [&#8230;]\n","protected":false},"featured_media":84834,"template":"","meta":[],"product_cat":[1369],"product_tag":[],"class_list":{"0":"post-36174","1":"product","2":"type-product","3":"status-publish","4":"has-post-thumbnail","6":"product_brand-unilever-rus-lt","7":"product_cat-veido-kaukes","9":"first","10":"outofstock","11":"taxable","12":"shipping-taxable","13":"product-type-simple"},"_links":{"self":[{"href":"https:\/\/e.kosmolat.eu\/lt\/wp-json\/wp\/v2\/product\/36174","targetHints":{"allow":["GET"]}}],"collection":[{"href":"https:\/\/e.kosmolat.eu\/lt\/wp-json\/wp\/v2\/product"}],"about":[{"href":"https:\/\/e.kosmolat.eu\/lt\/wp-json\/wp\/v2\/types\/product"}],"wp:featuredmedia":[{"embeddable":true,"href":"https:\/\/e.kosmolat.eu\/lt\/wp-json\/wp\/v2\/media\/84834"}],"wp:attachment":[{"href":"https:\/\/e.kosmolat.eu\/lt\/wp-json\/wp\/v2\/media?parent=36174"}],"wp:term":[{"taxonomy":"product_cat","embeddable":true,"href":"https:\/\/e.kosmolat.eu\/lt\/wp-json\/wp\/v2\/product_cat?post=36174"},{"taxonomy":"product_tag","embeddable":true,"href":"https:\/\/e.kosmolat.eu\/lt\/wp-json\/wp\/v2\/product_tag?post=36174"}],"curies":[{"name":"wp","href":"https:\/\/api.w.org\/{rel}","templated":true}]}}