{"id":36154,"date":"2023-12-22T17:57:09","date_gmt":"2023-12-22T17:57:09","guid":{"rendered":"https:\/\/e.kosmolat.eu\/product\/soffione-maxi-papira-dvieli-rul-20-g-m2-2-sl-soffione-maxi-2-gab\/"},"modified":"2026-03-31T19:27:23","modified_gmt":"2026-03-31T19:27:23","slug":"soffione-maxi-papira-dvieli-rul-20-g-m2-2-sl-soffione-maxi-2-gab","status":"publish","type":"product","link":"https:\/\/e.kosmolat.eu\/lt\/produktas\/soffione-maxi-papira-dvieli-rul-20-g-m2-2-sl-soffione-maxi-2-gab\/","title":{"rendered":"SPFFIONE MAXI Popieriniai rank\u0161luos\u010diai, 2 sluoksni\u0173, 2 ritin\u0117liai"},"content":{"rendered":"<p>NULL<\/p>\n","protected":false},"excerpt":{"rendered":"<p>NULL<\/p>\n","protected":false},"featured_media":84730,"template":"","meta":[],"product_cat":[1975],"product_tag":[],"class_list":{"0":"post-36154","1":"product","2":"type-product","3":"status-publish","4":"has-post-thumbnail","6":"product_brand-paper-kiev_ua-lt","7":"product_cat-popieriniai-ranksluosciai","9":"first","10":"instock","11":"taxable","12":"shipping-taxable","13":"product-type-simple"},"_links":{"self":[{"href":"https:\/\/e.kosmolat.eu\/lt\/wp-json\/wp\/v2\/product\/36154","targetHints":{"allow":["GET"]}}],"collection":[{"href":"https:\/\/e.kosmolat.eu\/lt\/wp-json\/wp\/v2\/product"}],"about":[{"href":"https:\/\/e.kosmolat.eu\/lt\/wp-json\/wp\/v2\/types\/product"}],"wp:featuredmedia":[{"embeddable":true,"href":"https:\/\/e.kosmolat.eu\/lt\/wp-json\/wp\/v2\/media\/84730"}],"wp:attachment":[{"href":"https:\/\/e.kosmolat.eu\/lt\/wp-json\/wp\/v2\/media?parent=36154"}],"wp:term":[{"taxonomy":"product_cat","embeddable":true,"href":"https:\/\/e.kosmolat.eu\/lt\/wp-json\/wp\/v2\/product_cat?post=36154"},{"taxonomy":"product_tag","embeddable":true,"href":"https:\/\/e.kosmolat.eu\/lt\/wp-json\/wp\/v2\/product_tag?post=36154"}],"curies":[{"name":"wp","href":"https:\/\/api.w.org\/{rel}","templated":true}]}}