{"id":35910,"date":"2023-12-22T17:39:48","date_gmt":"2023-12-22T17:39:48","guid":{"rendered":"https:\/\/e.kosmolat.eu\/product\/lupu-balzams-lip-control-antibacterial\/"},"modified":"2025-09-19T20:44:35","modified_gmt":"2025-09-19T20:44:35","slug":"lupu-balzams-lip-control-antibacterial","status":"publish","type":"product","link":"https:\/\/e.kosmolat.eu\/lt\/produktas\/lupu-balzams-lip-control-antibacterial\/","title":{"rendered":"BELOR DESIGN L\u016bp\u0173 balzamas Lip Control Antibakterinis, 4.4 g"},"content":{"rendered":"<p>Visapusi\u0161ka prie\u017ei\u016bra visai \u0161eimai. Antibakterin\u0117 apsauga.<br \/>\n&#8211; Arbatmed\u017ei \u0173aliejus<br \/>\n&#8211; Taukmed\u017ei\u0173 sviestas<br \/>\n&#8211; Bi\u010di\u0173 va\u0161kas<\/p>\n<p>Veikli\u0173j\u0173 med\u017eiag\u0173 kompleksas prisotina od\u0105 vitaminais, atkuria nat\u016bral\u0173 dr\u0117gm\u0117s balans\u0105 ir apsaugo nuo i\u0161orini\u0173 veiksni\u0173 \u012ftakos. Akimirksniu sumink\u0161tina ir pamaitina gle\u017en\u0105 l\u016bp\u0173 od\u0105. Arbatmed\u017ei\u0173 aliejus turi prie\u0161u\u017edegimin\u012f ir antibakterin\u012f poveik\u012f.<br \/>\n&nbsp;<\/p>\n","protected":false},"excerpt":{"rendered":"<p>Visapusi\u0161ka prie\u017ei\u016bra visai \u0161eimai. Antibakterin\u0117 apsauga. &#8211; Arbatmed\u017ei \u0173aliejus &#8211; Taukmed\u017ei\u0173 sviestas &#8211; Bi\u010di\u0173 va\u0161kas Veikli\u0173j\u0173 med\u017eiag\u0173 kompleksas prisotina od\u0105 vitaminais, atkuria nat\u016bral\u0173 dr\u0117gm\u0117s balans\u0105 ir apsaugo nuo i\u0161orini\u0173 veiksni\u0173 \u012ftakos. Akimirksniu sumink\u0161tina ir pamaitina gle\u017en\u0105 l\u016bp\u0173 od\u0105. Arbatmed\u017ei\u0173 aliejus turi prie\u0161u\u017edegimin\u012f ir antibakterin\u012f poveik\u012f. &nbsp;<\/p>\n","protected":false},"featured_media":84254,"template":"","meta":[],"product_cat":[1386],"product_tag":[],"class_list":{"0":"post-35910","1":"product","2":"type-product","3":"status-publish","4":"has-post-thumbnail","6":"product_brand-belordizain_by-lt","7":"product_cat-lupu-balzamas","9":"first","10":"outofstock","11":"taxable","12":"shipping-taxable","13":"product-type-simple"},"_links":{"self":[{"href":"https:\/\/e.kosmolat.eu\/lt\/wp-json\/wp\/v2\/product\/35910","targetHints":{"allow":["GET"]}}],"collection":[{"href":"https:\/\/e.kosmolat.eu\/lt\/wp-json\/wp\/v2\/product"}],"about":[{"href":"https:\/\/e.kosmolat.eu\/lt\/wp-json\/wp\/v2\/types\/product"}],"wp:featuredmedia":[{"embeddable":true,"href":"https:\/\/e.kosmolat.eu\/lt\/wp-json\/wp\/v2\/media\/84254"}],"wp:attachment":[{"href":"https:\/\/e.kosmolat.eu\/lt\/wp-json\/wp\/v2\/media?parent=35910"}],"wp:term":[{"taxonomy":"product_cat","embeddable":true,"href":"https:\/\/e.kosmolat.eu\/lt\/wp-json\/wp\/v2\/product_cat?post=35910"},{"taxonomy":"product_tag","embeddable":true,"href":"https:\/\/e.kosmolat.eu\/lt\/wp-json\/wp\/v2\/product_tag?post=35910"}],"curies":[{"name":"wp","href":"https:\/\/api.w.org\/{rel}","templated":true}]}}