{"id":35874,"date":"2023-12-22T17:38:11","date_gmt":"2023-12-22T17:38:11","guid":{"rendered":"https:\/\/e.kosmolat.eu\/product\/dd-dadzu-ella-matu-stiprinasanai-100-ml\/"},"modified":"2026-04-21T07:37:10","modified_gmt":"2026-04-21T07:37:10","slug":"dd-dadzu-ella-matu-stiprinasanai-100-ml","status":"publish","type":"product","link":"https:\/\/e.kosmolat.eu\/lt\/produktas\/dd-dadzu-ella-matu-stiprinasanai-100-ml\/","title":{"rendered":"THE DOCTOR HEALTH &#038; CARE Varnal\u0117\u0161\u0173 aliejus plauk\u0173 stiprinimui, 100 ml"},"content":{"rendered":"<p>Varnal\u0117&scaron;\u0173 aliejus su svog\u016bn\u0173-\u010desnak\u0173 kompleksu. Varnal\u0117&scaron;\u0173 aliejus kartu su svog\u016bn\u0173-\u010desnak\u0173 kompleksu efektyviai stiprina ir atkuria plaukus per vis\u0105 j\u0173 ilg\u012f.<\/p>\n<p><strong>Naudojimas:<\/strong> varnal\u0117&scaron;\u0173 aliejumi (&scaron;iltu) i&scaron;tepkite plauk\u0173 &scaron;aknis, po 20-30 minu\u010di\u0173 i&scaron;skalaukite plaukus &scaron;amp\u016bnu. Proced\u016br\u0105 kartokite 1-2 kartus per savait\u0119.<\/p>\n<p><strong>Atsargumo priemon\u0117s: <\/strong>Patekus \u012f akis, praplauti vandeniu. Galimas padid\u0117j\u0119s individualus jautrumas atskiriems komponentams.<br \/>\n&nbsp;<\/p>\n","protected":false},"excerpt":{"rendered":"<p>Varnal\u0117&scaron;\u0173 aliejus su svog\u016bn\u0173-\u010desnak\u0173 kompleksu. Varnal\u0117&scaron;\u0173 aliejus kartu su svog\u016bn\u0173-\u010desnak\u0173 kompleksu efektyviai stiprina ir atkuria plaukus per vis\u0105 j\u0173 ilg\u012f. Naudojimas: varnal\u0117&scaron;\u0173 aliejumi (&scaron;iltu) i&scaron;tepkite plauk\u0173 &scaron;aknis, po 20-30 minu\u010di\u0173 i&scaron;skalaukite plaukus &scaron;amp\u016bnu. Proced\u016br\u0105 kartokite 1-2 kartus per savait\u0119. Atsargumo priemon\u0117s: Patekus \u012f akis, praplauti vandeniu. Galimas padid\u0117j\u0119s individualus jautrumas atskiriems komponentams. &nbsp;<\/p>\n","protected":false},"featured_media":84194,"template":"","meta":[],"product_cat":[2181],"product_tag":[],"class_list":{"0":"post-35874","1":"product","2":"type-product","3":"status-publish","4":"has-post-thumbnail","6":"product_brand-elfa_ua-lt","7":"product_cat-bez-kategorijas-lt","9":"first","10":"instock","11":"taxable","12":"shipping-taxable","13":"product-type-simple"},"_links":{"self":[{"href":"https:\/\/e.kosmolat.eu\/lt\/wp-json\/wp\/v2\/product\/35874","targetHints":{"allow":["GET"]}}],"collection":[{"href":"https:\/\/e.kosmolat.eu\/lt\/wp-json\/wp\/v2\/product"}],"about":[{"href":"https:\/\/e.kosmolat.eu\/lt\/wp-json\/wp\/v2\/types\/product"}],"wp:featuredmedia":[{"embeddable":true,"href":"https:\/\/e.kosmolat.eu\/lt\/wp-json\/wp\/v2\/media\/84194"}],"wp:attachment":[{"href":"https:\/\/e.kosmolat.eu\/lt\/wp-json\/wp\/v2\/media?parent=35874"}],"wp:term":[{"taxonomy":"product_cat","embeddable":true,"href":"https:\/\/e.kosmolat.eu\/lt\/wp-json\/wp\/v2\/product_cat?post=35874"},{"taxonomy":"product_tag","embeddable":true,"href":"https:\/\/e.kosmolat.eu\/lt\/wp-json\/wp\/v2\/product_tag?post=35874"}],"curies":[{"name":"wp","href":"https:\/\/api.w.org\/{rel}","templated":true}]}}