{"id":35866,"date":"2023-12-22T17:37:42","date_gmt":"2023-12-22T17:37:42","guid":{"rendered":"https:\/\/e.kosmolat.eu\/product\/i_dd-gels-balzams-ar-sarkaniem-pipariem-500-ml\/"},"modified":"2025-09-19T20:41:42","modified_gmt":"2025-09-19T20:41:42","slug":"i_dd-gels-balzams-ar-sarkaniem-pipariem-500-ml","status":"publish","type":"product","link":"https:\/\/e.kosmolat.eu\/lt\/produktas\/i_dd-gels-balzams-ar-sarkaniem-pipariem-500-ml\/","title":{"rendered":"DOMA\u0160NIJ DOKTOR Gelis-balzamas su raudonaisiais pipirais, 500 ml"},"content":{"rendered":"<p>\u0161ildantis\n<\/p>\n<p>masa\u017einis\n<\/p>\n<p>Capsicum annuum\n<\/p>\n<p>\u2022 greitas poveikis \u2022 su\u0161ildo \u2022 atpalaiduoja\n<\/p>\n<p>\u012e gelin\u012f balzam\u0105 \u012feina:\n<\/p>\n<p>\u2022 raudon\u0173j\u0173 pipir\u0173 ir kamparo ekstraktas &#8211; suteikia ilg\u0105 at\u0161ilimo efekt\u0105 ir u\u017epildo \u0161ilumos jausmu\n<\/p>\n<p>\u2022 juod\u0173j\u0173 pipir\u0173 eterinis aliejus &#8211; \u017einomas d\u0117l \u0161ildan\u010di\u0173 ir atpalaiduojan\u010di\u0173 savybi\u0173.\n<\/p>\n<p>Gelin\u012f balzam\u0105 rekomenduojama naudoti po kr\u016bvio, sportuojant ir masa\u017eo metu. Naudojimo b\u016bdas: tepti ant \u0161varios odos, trinkite, kol visi\u0161kai \u012fsigers. Masa\u017eui: masa\u017einius judesius atlikite ant \u0161varios odos, atlikite minkymo masa\u017eo proced\u016br\u0105. Atsargumo priemon\u0117s: Tik i\u0161oriniam naudojimui. Nenaudokite kaip \u012fvyniojamo pl\u0117vele kompreso. Venkite kontakto su gleivine (nosimi, akimis), pa\u017eeista oda. Patekus \u012f akis, praskalaukite vandeniu. Galimas padid\u0117j\u0119s individualus jautrumas atskiriems komponentams. Gali sukelti odos paraudim\u0105, o tai yra normali reakcija.\u00a0<\/p>\n","protected":false},"excerpt":{"rendered":"<p>\u0161ildantis masa\u017einis Capsicum annuum \u2022 greitas poveikis \u2022 su\u0161ildo \u2022 atpalaiduoja \u012e gelin\u012f balzam\u0105 \u012feina: \u2022 raudon\u0173j\u0173 pipir\u0173 ir kamparo ekstraktas &#8211; suteikia ilg\u0105 at\u0161ilimo efekt\u0105 ir u\u017epildo \u0161ilumos jausmu \u2022 juod\u0173j\u0173 pipir\u0173 eterinis aliejus &#8211; \u017einomas d\u0117l \u0161ildan\u010di\u0173 ir atpalaiduojan\u010di\u0173 savybi\u0173. Gelin\u012f balzam\u0105 rekomenduojama naudoti po kr\u016bvio, sportuojant ir masa\u017eo metu. Naudojimo b\u016bdas: tepti [&#8230;]\n","protected":false},"featured_media":84206,"template":"","meta":[],"product_cat":[1763],"product_tag":[],"class_list":{"0":"post-35866","1":"product","2":"type-product","3":"status-publish","4":"has-post-thumbnail","6":"product_brand-elfa_ua-lt","7":"product_cat-koju-prieziuros-kosmetika","9":"first","10":"outofstock","11":"taxable","12":"shipping-taxable","13":"product-type-simple"},"_links":{"self":[{"href":"https:\/\/e.kosmolat.eu\/lt\/wp-json\/wp\/v2\/product\/35866","targetHints":{"allow":["GET"]}}],"collection":[{"href":"https:\/\/e.kosmolat.eu\/lt\/wp-json\/wp\/v2\/product"}],"about":[{"href":"https:\/\/e.kosmolat.eu\/lt\/wp-json\/wp\/v2\/types\/product"}],"wp:featuredmedia":[{"embeddable":true,"href":"https:\/\/e.kosmolat.eu\/lt\/wp-json\/wp\/v2\/media\/84206"}],"wp:attachment":[{"href":"https:\/\/e.kosmolat.eu\/lt\/wp-json\/wp\/v2\/media?parent=35866"}],"wp:term":[{"taxonomy":"product_cat","embeddable":true,"href":"https:\/\/e.kosmolat.eu\/lt\/wp-json\/wp\/v2\/product_cat?post=35866"},{"taxonomy":"product_tag","embeddable":true,"href":"https:\/\/e.kosmolat.eu\/lt\/wp-json\/wp\/v2\/product_tag?post=35866"}],"curies":[{"name":"wp","href":"https:\/\/api.w.org\/{rel}","templated":true}]}}