{"id":35850,"date":"2023-12-22T17:36:52","date_gmt":"2023-12-22T17:36:52","guid":{"rendered":"https:\/\/e.kosmolat.eu\/product\/i_dr-s-vitamin-c-ekspress-serums-30-ml\/"},"modified":"2026-04-23T09:23:45","modified_gmt":"2026-04-23T09:23:45","slug":"dr-s-vitamin-c-ekspress-serums-30-ml","status":"publish","type":"product","link":"https:\/\/e.kosmolat.eu\/lt\/produktas\/dr-s-vitamin-c-ekspress-serums-30-ml\/","title":{"rendered":"&#8220;Dr.S. Vitamin C&#8221; Ekspress-serumas, 30 ml"},"content":{"rendered":"<p>Ultra antioksidantas. Odos gaivumas ir elastingumas.<\/p>\n<p>\u201cExpress\u201d serumas intensyviai dr\u0117kina od\u0105, daro j\u0105 elastingesn\u0119 ir stangresn\u0119, suteikdamas jai sveik\u0105 \u0161vyt\u0117jim\u0105 ir i\u0161puosel\u0117t\u0105 i\u0161vaizd\u0105. Aktyv\u016bs kompozicijos komponentai turi ry\u0161k\u0173 atjauninant\u012f poveik\u012f. Lengva ekspres serumo tekst\u016bra leid\u017eia greitai \u012fsigerti, nepaliekant odos sunkumo jausmo. Tinka kaip makia\u017eo pagrindas. <\/p>\n<p>AKTYVIOSIOS MED\u017dIAGOS:<br \/>\nlabai koncentruotas vitaminas C, vitamin\u0173 A, B, E, H kompleksas.<\/p>\n<p>SERUMO POVEIKIS:<br \/>\n\u2022didel\u0117s koncentracijos vitaminas C yra vienas veiksmingiausi\u0173 antioksidant\u0173, l\u0117tinantis rauk\u0161li\u0173 susidarym\u0105. Gr\u0105\u017eina pavargusiai ir papilk\u0117jusiai odai spindes\u012f, apr\u016bpina kiekvien\u0105 l\u0105stel\u0119 energija. Suaktyv\u0117ja i\u0161 karto po u\u017etepimo ant odos ir veikia ilgai<br \/>\n\u2022vitamin\u0173 A, B, E, H kompleksas yra \u201csp\u0105stai\u201d laisviesiems radikalams, l\u0117tina oksidacinius procesus odoje, u\u017ekertant keli\u0105 prie\u0161laikiniam jos sen\u0117jimui.<\/p>\n<p>REZULTATAS:<br \/>\n\u2022padidina elastingum\u0105 ir stangrum\u0105;<br \/>\n\u2022pasi\u017eymi jauninamuoju poveikiu.<\/p>\n<p>ODOS TIPAS: vis\u0173 tip\u0173 odai. <\/p>\n<p>NAUDOJIMO LAIKAS: diena\/naktis. <\/p>\n<p>KAIP NAUDOTI:<br \/>\nU\u017etepkite nedidel\u012f kiek\u012f ekspres serumo ryte ir (arba) vakare ant  nuvalytos veido ir kaklo odos i\u0161ilgai masa\u017eo linij\u0173.<br \/>\nAtsargumo priemon\u0117s: padid\u0117j\u0119s individualus jautrumas atskiriems komponentams. Sud\u0117tyje yra vitamino A. Prie\u0161 vartojim\u0105 b\u016btina atsi\u017evelgti \u012f paros norm\u0105.<\/p>\n<p>Laikymo s\u0105lygos: nuo +5\u00b0C iki +25\u00b0C.<\/p>\n<p>Geriausias: 24 m\u0117nesiai nuo pagaminimo datos.<\/p>\n","protected":false},"excerpt":{"rendered":"<p>Ultra antioksidantas. Odos gaivumas ir elastingumas. \u201cExpress\u201d serumas intensyviai dr\u0117kina od\u0105, daro j\u0105 elastingesn\u0119 ir stangresn\u0119, suteikdamas jai sveik\u0105 \u0161vyt\u0117jim\u0105 ir i\u0161puosel\u0117t\u0105 i\u0161vaizd\u0105. Aktyv\u016bs kompozicijos komponentai turi ry\u0161k\u0173 atjauninant\u012f poveik\u012f. Lengva ekspres serumo tekst\u016bra leid\u017eia greitai \u012fsigerti, nepaliekant odos sunkumo jausmo. Tinka kaip makia\u017eo pagrindas. AKTYVIOSIOS MED\u017dIAGOS: labai koncentruotas vitaminas C, vitamin\u0173 A, B, E, [&#8230;]\n","protected":false},"featured_media":84190,"template":"","meta":[],"product_cat":[2181],"product_tag":[],"class_list":{"0":"post-35850","1":"product","2":"type-product","3":"status-publish","4":"has-post-thumbnail","6":"product_brand-elfa_ua-lt","7":"product_cat-bez-kategorijas-lt","9":"first","10":"instock","11":"taxable","12":"shipping-taxable","13":"product-type-simple"},"_links":{"self":[{"href":"https:\/\/e.kosmolat.eu\/lt\/wp-json\/wp\/v2\/product\/35850","targetHints":{"allow":["GET"]}}],"collection":[{"href":"https:\/\/e.kosmolat.eu\/lt\/wp-json\/wp\/v2\/product"}],"about":[{"href":"https:\/\/e.kosmolat.eu\/lt\/wp-json\/wp\/v2\/types\/product"}],"wp:featuredmedia":[{"embeddable":true,"href":"https:\/\/e.kosmolat.eu\/lt\/wp-json\/wp\/v2\/media\/84190"}],"wp:attachment":[{"href":"https:\/\/e.kosmolat.eu\/lt\/wp-json\/wp\/v2\/media?parent=35850"}],"wp:term":[{"taxonomy":"product_cat","embeddable":true,"href":"https:\/\/e.kosmolat.eu\/lt\/wp-json\/wp\/v2\/product_cat?post=35850"},{"taxonomy":"product_tag","embeddable":true,"href":"https:\/\/e.kosmolat.eu\/lt\/wp-json\/wp\/v2\/product_tag?post=35850"}],"curies":[{"name":"wp","href":"https:\/\/api.w.org\/{rel}","templated":true}]}}