{"id":35846,"date":"2023-12-22T17:36:27","date_gmt":"2023-12-22T17:36:27","guid":{"rendered":"https:\/\/e.kosmolat.eu\/product\/blyskavka-krasa-sprejs-nubuks-melna-100ml\/"},"modified":"2026-04-07T09:04:21","modified_gmt":"2026-04-07T09:04:21","slug":"blyskavka-krasa-sprejs-nubuks-melna-100ml","status":"publish","type":"product","link":"https:\/\/e.kosmolat.eu\/lt\/produktas\/blyskavka-krasa-sprejs-nubuks-melna-100ml\/","title":{"rendered":"BLYSKAVKA Da\u017eai-pur\u0161kiklis nubukas, juoda 100 ml"},"content":{"rendered":"<p>Profesional\u016bs da\u017eai zom\u0161ai, veli\u016brui ir nubukui. Intensyviai ir giliai da\u017eo susid\u0117v\u0117jusias vietas.<br \/>\nIngredientai: izopropanolis, lanolinas, da\u017eiklis, konservantas, vanduo, polimeras, kvapioji med\u017eiaga.<\/p>\n","protected":false},"excerpt":{"rendered":"<p>Profesional\u016bs da\u017eai zom\u0161ai, veli\u016brui ir nubukui. Intensyviai ir giliai da\u017eo susid\u0117v\u0117jusias vietas. Ingredientai: izopropanolis, lanolinas, da\u017eiklis, konservantas, vanduo, polimeras, kvapioji med\u017eiaga.<\/p>\n","protected":false},"featured_media":84162,"template":"","meta":[],"product_cat":[1731],"product_tag":[],"class_list":{"0":"post-35846","1":"product","2":"type-product","3":"status-publish","4":"has-post-thumbnail","6":"product_brand-blyskavka_ua-lt","7":"product_cat-batu-valymo-priemones-ir-priedai","9":"first","10":"instock","11":"taxable","12":"shipping-taxable","13":"product-type-simple"},"_links":{"self":[{"href":"https:\/\/e.kosmolat.eu\/lt\/wp-json\/wp\/v2\/product\/35846","targetHints":{"allow":["GET"]}}],"collection":[{"href":"https:\/\/e.kosmolat.eu\/lt\/wp-json\/wp\/v2\/product"}],"about":[{"href":"https:\/\/e.kosmolat.eu\/lt\/wp-json\/wp\/v2\/types\/product"}],"wp:featuredmedia":[{"embeddable":true,"href":"https:\/\/e.kosmolat.eu\/lt\/wp-json\/wp\/v2\/media\/84162"}],"wp:attachment":[{"href":"https:\/\/e.kosmolat.eu\/lt\/wp-json\/wp\/v2\/media?parent=35846"}],"wp:term":[{"taxonomy":"product_cat","embeddable":true,"href":"https:\/\/e.kosmolat.eu\/lt\/wp-json\/wp\/v2\/product_cat?post=35846"},{"taxonomy":"product_tag","embeddable":true,"href":"https:\/\/e.kosmolat.eu\/lt\/wp-json\/wp\/v2\/product_tag?post=35846"}],"curies":[{"name":"wp","href":"https:\/\/api.w.org\/{rel}","templated":true}]}}