{"id":35798,"date":"2023-12-22T17:33:32","date_gmt":"2023-12-22T17:33:32","guid":{"rendered":"https:\/\/e.kosmolat.eu\/product\/rba-matu-balzams-nr-1-ciedrs-un-propoliss-550-ml\/"},"modified":"2026-03-31T19:34:55","modified_gmt":"2026-03-31T19:34:55","slug":"rba-matu-balzams-nr-1-ciedrs-un-propoliss-550-ml","status":"publish","type":"product","link":"https:\/\/e.kosmolat.eu\/lt\/produktas\/rba-matu-balzams-nr-1-ciedrs-un-propoliss-550-ml\/","title":{"rendered":"Recepty Babu\u0459ki Agafji stiprinamasis balzamas, 550 ml"},"content":{"rendered":"<p>Recepty Babu\u0161ki Agafji balzamas su kedro propoliu stiprina plaukus. \u0160is balzamas pagamintas pagal garsios Sibiro \u017eolinink\u0117s Agafja Jermakovos recept\u0105. Balzamas su kedro propoliu, praturtintas nat\u016braliu g\u0117li\u0173 va\u0161ku, eteriniais katuog\u0117s ir kedro aliejais, stiprina pa\u017eeistus plaukus, efektyviai atstato j\u0173 strukt\u016br\u0105.<\/p>\n<div>\n<\/div>\n<div>Propolis \u2013 tai dervinga med\u017eiaga, kuri\u0105 bit\u0117s surenka nuo \u012fvairi\u0173 med\u017ei\u0173 (ber\u017e\u0173, tuop\u0173, pu\u0161\u0173, alksni\u0173 ir gluosni\u0173) lap\u0173 pumpur\u0173 bei pa\u017eeist\u0173 viet\u0173. Tokia bi\u010di\u0173 surinkta med\u017eiaga yra praturtinta j\u0173 seil\u0117mis bei fermentais. Propolis susideda: 55% dervos ir balzamo; 30 % va\u0161ko; 10% aromatini\u0173 eterini\u0173 aliej\u0173; 5% \u017eiedadulki\u0173. Nuo seniausi\u0173 laik\u0173 buvo vertinamos vertingos propolio savyb\u0117s. \u0160iais laikais \u017emon\u0117s gelb\u0117jasi propoliu nuo \u012fvairi\u0173 susirgim\u0173 ir lig\u0173. Jis padeda atstatyti j\u0117gas, palaiko gro\u017e\u012f ir jaunyst\u0119.\n<\/div>\n<div>Sud\u0117tyje n\u0117ra SLS, paraben\u0173, silikon\u0173.<\/div>\n<div>\n<\/div>\n","protected":false},"excerpt":{"rendered":"<p>Recepty Babu\u0161ki Agafji balzamas su kedro propoliu stiprina plaukus. \u0160is balzamas pagamintas pagal garsios Sibiro \u017eolinink\u0117s Agafja Jermakovos recept\u0105. Balzamas su kedro propoliu, praturtintas nat\u016braliu g\u0117li\u0173 va\u0161ku, eteriniais katuog\u0117s ir kedro aliejais, stiprina pa\u017eeistus plaukus, efektyviai atstato j\u0173 strukt\u016br\u0105. Propolis \u2013 tai dervinga med\u017eiaga, kuri\u0105 bit\u0117s surenka nuo \u012fvairi\u0173 med\u017ei\u0173 (ber\u017e\u0173, tuop\u0173, pu\u0161\u0173, alksni\u0173 ir [&#8230;]\n","protected":false},"featured_media":84006,"template":"","meta":[],"product_cat":[1640],"product_tag":[],"class_list":{"0":"post-35798","1":"product","2":"type-product","3":"status-publish","4":"has-post-thumbnail","6":"product_brand-siberica_ee-lt","7":"product_cat-balzamai","9":"first","10":"outofstock","11":"taxable","12":"shipping-taxable","13":"product-type-simple"},"_links":{"self":[{"href":"https:\/\/e.kosmolat.eu\/lt\/wp-json\/wp\/v2\/product\/35798","targetHints":{"allow":["GET"]}}],"collection":[{"href":"https:\/\/e.kosmolat.eu\/lt\/wp-json\/wp\/v2\/product"}],"about":[{"href":"https:\/\/e.kosmolat.eu\/lt\/wp-json\/wp\/v2\/types\/product"}],"wp:featuredmedia":[{"embeddable":true,"href":"https:\/\/e.kosmolat.eu\/lt\/wp-json\/wp\/v2\/media\/84006"}],"wp:attachment":[{"href":"https:\/\/e.kosmolat.eu\/lt\/wp-json\/wp\/v2\/media?parent=35798"}],"wp:term":[{"taxonomy":"product_cat","embeddable":true,"href":"https:\/\/e.kosmolat.eu\/lt\/wp-json\/wp\/v2\/product_cat?post=35798"},{"taxonomy":"product_tag","embeddable":true,"href":"https:\/\/e.kosmolat.eu\/lt\/wp-json\/wp\/v2\/product_tag?post=35798"}],"curies":[{"name":"wp","href":"https:\/\/api.w.org\/{rel}","templated":true}]}}