{"id":35774,"date":"2023-12-22T17:32:17","date_gmt":"2023-12-22T17:32:17","guid":{"rendered":"https:\/\/e.kosmolat.eu\/product\/little-siberica-mazulu-mitrinoss-pienins-ikdienas-kopsanai-250-ml\/"},"modified":"2025-09-19T20:28:28","modified_gmt":"2025-09-19T20:28:28","slug":"little-siberica-mazulu-mitrinoss-pienins-ikdienas-kopsanai-250-ml","status":"publish","type":"product","link":"https:\/\/e.kosmolat.eu\/lt\/produktas\/little-siberica-mazulu-mitrinoss-pienins-ikdienas-kopsanai-250-ml\/","title":{"rendered":"LITTLE SIBERICA pienelis kasdienei kudikiu prie\u045biurai, 250 ml"},"content":{"rendered":"<p>\u0160is dr\u0117kinamasis pienas, kurio pagrind\u0105 sudaro ekologi\u0161kas m\u0117lyni\u0173 hidrolatas ir ekologi\u0161ki avi\u017e\u0173 bei rugiag\u0117li\u0173 ekstraktai, turi daug vitamino C ir mineral\u0173, dr\u0117kina od\u0105 ir pasi\u017eymi raminan\u010diu poveikiu.<\/p>\n<div>\n<\/div>\n<div>Naudojimas: Nedidel\u012f kiek\u012f pienelio u\u017etepkite ant \u0161varios, sausos odos ir \u0161velniai \u012fmasa\u017euokite, kol \u012fsigers. Tinka kasdieniam naudojimui.<\/div>\n","protected":false},"excerpt":{"rendered":"<p>\u0160is dr\u0117kinamasis pienas, kurio pagrind\u0105 sudaro ekologi\u0161kas m\u0117lyni\u0173 hidrolatas ir ekologi\u0161ki avi\u017e\u0173 bei rugiag\u0117li\u0173 ekstraktai, turi daug vitamino C ir mineral\u0173, dr\u0117kina od\u0105 ir pasi\u017eymi raminan\u010diu poveikiu. Naudojimas: Nedidel\u012f kiek\u012f pienelio u\u017etepkite ant \u0161varios, sausos odos ir \u0161velniai \u012fmasa\u017euokite, kol \u012fsigers. Tinka kasdieniam naudojimui.<\/p>\n","protected":false},"featured_media":83994,"template":"","meta":[],"product_cat":[1363],"product_tag":[],"class_list":{"0":"post-35774","1":"product","2":"type-product","3":"status-publish","4":"has-post-thumbnail","6":"product_brand-siberica_ee-lt","7":"product_cat-kuno-prieziuros-kosmetika","9":"first","10":"outofstock","11":"taxable","12":"shipping-taxable","13":"product-type-simple"},"_links":{"self":[{"href":"https:\/\/e.kosmolat.eu\/lt\/wp-json\/wp\/v2\/product\/35774","targetHints":{"allow":["GET"]}}],"collection":[{"href":"https:\/\/e.kosmolat.eu\/lt\/wp-json\/wp\/v2\/product"}],"about":[{"href":"https:\/\/e.kosmolat.eu\/lt\/wp-json\/wp\/v2\/types\/product"}],"wp:featuredmedia":[{"embeddable":true,"href":"https:\/\/e.kosmolat.eu\/lt\/wp-json\/wp\/v2\/media\/83994"}],"wp:attachment":[{"href":"https:\/\/e.kosmolat.eu\/lt\/wp-json\/wp\/v2\/media?parent=35774"}],"wp:term":[{"taxonomy":"product_cat","embeddable":true,"href":"https:\/\/e.kosmolat.eu\/lt\/wp-json\/wp\/v2\/product_cat?post=35774"},{"taxonomy":"product_tag","embeddable":true,"href":"https:\/\/e.kosmolat.eu\/lt\/wp-json\/wp\/v2\/product_tag?post=35774"}],"curies":[{"name":"wp","href":"https:\/\/api.w.org\/{rel}","templated":true}]}}