{"id":35710,"date":"2023-12-22T17:28:19","date_gmt":"2023-12-22T17:28:19","guid":{"rendered":"https:\/\/e.kosmolat.eu\/product\/ns-men-super-intensivs-pretgrumbu-sejas-krems-bear-power-50-ml\/"},"modified":"2025-09-19T20:33:49","modified_gmt":"2025-09-19T20:33:49","slug":"ns-men-super-intensivs-pretgrumbu-sejas-krems-bear-power-50-ml","status":"publish","type":"product","link":"https:\/\/e.kosmolat.eu\/lt\/produktas\/ns-men-super-intensivs-pretgrumbu-sejas-krems-bear-power-50-ml\/","title":{"rendered":"NATURA SIBERICA MEN"},"content":{"rendered":"<p>Natura Siberica Men intensyvus kremas nuo rauk\u0161li\u0173 sukurtas tikriems vyrams \u2013 stipriems, dr\u0105siems ir pasitikintiems savimi.<\/p>\n<div>\n<\/div>\n<div>Aktyvi formul\u0117 sukurta atsi\u017evelgiant \u012f vyri\u0161kos odos savybes. \u017den\u0161enio ir jona\u017eol\u0117s ekstraktai i\u0161lygina rauk\u0161les, didina odos tonus\u0105. Medaus ekstraktas maitina ir dr\u0117kina od\u0105, prisotina j\u0105 vertingomis med\u017eiagomis, vitaminais, i\u0161lygina veido spalv\u0105. Me\u0161kauog\u0117s ekstraktas ma\u017eina neigiam\u0105 aplinkos poveik\u012f odai.<\/div>\n<div><\/div>\n<div>\n<\/div>\n<div>Naudojimo: Tepkite atitinkamu kremo kiekiu&nbsp;veido ir kaklo od\u0105 ryte ir vakare.<\/div>\n<div>***<\/div>\n<div>Natura Siberica \u2013 gro\u017eis turi b\u016bti nat\u016bralus!\n<\/div>\n<div>Europos ICEA sertifikatas;\n<\/div>\n<div>Europos EKO BIO kosmetikos sertifikatas;\n<\/div>\n<div>Organiniai ekstraktai, sertifikuoti ECOCERT (Pranc\u016bzija);\n<\/div>\n<div>Testuota FERRARA universiteto laboratorijoje (Italija);\n<\/div>\n<div>100 % organiniai komponentai; Augaliniai komponentai;\n<\/div>\n<div>Sud\u0117tyje n\u0117ra SLS, sintetini\u0173 kvapikli\u0173 ir da\u017eikli\u0173;\n<\/div>\n<div>Putojantis pagrindas \u2013 NAT\u016aRALIOS AUGALIN\u0116S AMINOR\u016aG\u0160TYS;\n<\/div>\n<div>\u0160alto spaudimo NAT\u016aRALUS \u0160VARUS \u012fvairi\u0173 r\u016b\u0161i\u0173 ALIEJUS.<\/div>\n<div>\n<\/div>\n<div>\n<\/div>\n<div>\n<\/div>\n","protected":false},"excerpt":{"rendered":"<p>Natura Siberica Men intensyvus kremas nuo rauk\u0161li\u0173 sukurtas tikriems vyrams \u2013 stipriems, dr\u0105siems ir pasitikintiems savimi. Aktyvi formul\u0117 sukurta atsi\u017evelgiant \u012f vyri\u0161kos odos savybes. \u017den\u0161enio ir jona\u017eol\u0117s ekstraktai i\u0161lygina rauk\u0161les, didina odos tonus\u0105. Medaus ekstraktas maitina ir dr\u0117kina od\u0105, prisotina j\u0105 vertingomis med\u017eiagomis, vitaminais, i\u0161lygina veido spalv\u0105. Me\u0161kauog\u0117s ekstraktas ma\u017eina neigiam\u0105 aplinkos poveik\u012f odai. Naudojimo: [&#8230;]\n","protected":false},"featured_media":84090,"template":"","meta":[],"product_cat":[1678],"product_tag":[],"class_list":{"0":"post-35710","1":"product","2":"type-product","3":"status-publish","4":"has-post-thumbnail","6":"product_brand-siberica_ee-lt","7":"product_cat-veido-prieziurai","9":"first","10":"outofstock","11":"taxable","12":"shipping-taxable","13":"product-type-simple"},"_links":{"self":[{"href":"https:\/\/e.kosmolat.eu\/lt\/wp-json\/wp\/v2\/product\/35710","targetHints":{"allow":["GET"]}}],"collection":[{"href":"https:\/\/e.kosmolat.eu\/lt\/wp-json\/wp\/v2\/product"}],"about":[{"href":"https:\/\/e.kosmolat.eu\/lt\/wp-json\/wp\/v2\/types\/product"}],"wp:featuredmedia":[{"embeddable":true,"href":"https:\/\/e.kosmolat.eu\/lt\/wp-json\/wp\/v2\/media\/84090"}],"wp:attachment":[{"href":"https:\/\/e.kosmolat.eu\/lt\/wp-json\/wp\/v2\/media?parent=35710"}],"wp:term":[{"taxonomy":"product_cat","embeddable":true,"href":"https:\/\/e.kosmolat.eu\/lt\/wp-json\/wp\/v2\/product_cat?post=35710"},{"taxonomy":"product_tag","embeddable":true,"href":"https:\/\/e.kosmolat.eu\/lt\/wp-json\/wp\/v2\/product_tag?post=35710"}],"curies":[{"name":"wp","href":"https:\/\/api.w.org\/{rel}","templated":true}]}}