{"id":35702,"date":"2023-12-22T17:27:56","date_gmt":"2023-12-22T17:27:56","guid":{"rendered":"https:\/\/e.kosmolat.eu\/product\/ns-men-krems-acu-konturam-ar-liftinga-efektu-eagle-look-30-ml\/"},"modified":"2025-09-19T20:33:37","modified_gmt":"2025-09-19T20:33:37","slug":"ns-men-krems-acu-konturam-ar-liftinga-efektu-eagle-look-30-ml","status":"publish","type":"product","link":"https:\/\/e.kosmolat.eu\/lt\/produktas\/ns-men-krems-acu-konturam-ar-liftinga-efektu-eagle-look-30-ml\/","title":{"rendered":"NATURA SIBERICA MEN"},"content":{"rendered":"<p>Natura Siberica Men kremas paakiams sukurtas tikriems vyrams \u2013 stipriems, dr\u0105siems ir pasitikintiems savimi.<\/p>\n<div>\n<\/div>\n<div>Aktyvi formul\u0117 specialiai sukurta atsi\u017evelgiant \u012f vyri\u0161kos odos ypatumus. Juod\u0173j\u0173 ikr\u0173 ekstraktas galimai  efektyviai i\u0161lygina rauk\u0161les, pa\u0161alina patinim\u0105, aktyvuoja l\u0105steli\u0173 atsinaujinim\u0105. \u0160iaurin\u0117s tek\u0161\u0117s aliejus dr\u0117kina ir standina od\u0105. Kofeinas galimai &#8211; pa\u0161alina streso ir nuovargio po\u017eymius, tamsius ratilus po akimis, tvirtina ir i\u0161lygina od\u0105.\n<\/div>\n<div>Standinantis kremas paakiams efektyviai pa\u0161alina bemieg\u0117s nakties ir streso p\u0117dsakus.<\/div>\n<div>Naudojimo: tepti ant \u0161varios paaki\u0173 odos, \u0161velniai \u012fmasa\u017euoti.<\/div>\n<div>\n<\/div>\n","protected":false},"excerpt":{"rendered":"<p>Natura Siberica Men kremas paakiams sukurtas tikriems vyrams \u2013 stipriems, dr\u0105siems ir pasitikintiems savimi. Aktyvi formul\u0117 specialiai sukurta atsi\u017evelgiant \u012f vyri\u0161kos odos ypatumus. Juod\u0173j\u0173 ikr\u0173 ekstraktas galimai efektyviai i\u0161lygina rauk\u0161les, pa\u0161alina patinim\u0105, aktyvuoja l\u0105steli\u0173 atsinaujinim\u0105. \u0160iaurin\u0117s tek\u0161\u0117s aliejus dr\u0117kina ir standina od\u0105. Kofeinas galimai &#8211; pa\u0161alina streso ir nuovargio po\u017eymius, tamsius ratilus po akimis, tvirtina [&#8230;]\n","protected":false},"featured_media":84086,"template":"","meta":[],"product_cat":[1678],"product_tag":[],"class_list":{"0":"post-35702","1":"product","2":"type-product","3":"status-publish","4":"has-post-thumbnail","6":"product_brand-siberica_ee-lt","7":"product_cat-veido-prieziurai","9":"first","10":"outofstock","11":"taxable","12":"shipping-taxable","13":"product-type-simple"},"_links":{"self":[{"href":"https:\/\/e.kosmolat.eu\/lt\/wp-json\/wp\/v2\/product\/35702","targetHints":{"allow":["GET"]}}],"collection":[{"href":"https:\/\/e.kosmolat.eu\/lt\/wp-json\/wp\/v2\/product"}],"about":[{"href":"https:\/\/e.kosmolat.eu\/lt\/wp-json\/wp\/v2\/types\/product"}],"wp:featuredmedia":[{"embeddable":true,"href":"https:\/\/e.kosmolat.eu\/lt\/wp-json\/wp\/v2\/media\/84086"}],"wp:attachment":[{"href":"https:\/\/e.kosmolat.eu\/lt\/wp-json\/wp\/v2\/media?parent=35702"}],"wp:term":[{"taxonomy":"product_cat","embeddable":true,"href":"https:\/\/e.kosmolat.eu\/lt\/wp-json\/wp\/v2\/product_cat?post=35702"},{"taxonomy":"product_tag","embeddable":true,"href":"https:\/\/e.kosmolat.eu\/lt\/wp-json\/wp\/v2\/product_tag?post=35702"}],"curies":[{"name":"wp","href":"https:\/\/api.w.org\/{rel}","templated":true}]}}