{"id":35682,"date":"2023-12-22T17:26:35","date_gmt":"2023-12-22T17:26:35","guid":{"rendered":"https:\/\/e.kosmolat.eu\/product\/ns-men-energ-samp-kermenim-un-matiem-fury-of-the-tiger-250-ml\/"},"modified":"2025-09-19T20:32:53","modified_gmt":"2025-09-19T20:32:53","slug":"ns-men-energ-samp-kermenim-un-matiem-fury-of-the-tiger-250-ml","status":"publish","type":"product","link":"https:\/\/e.kosmolat.eu\/lt\/produktas\/ns-men-energ-samp-kermenim-un-matiem-fury-of-the-tiger-250-ml\/","title":{"rendered":"NATURA SIBERICA MEN Energizuojantis \u0161amp\u016bnas vyrams, 250 ml"},"content":{"rendered":"<p>Natura Siberica Men energizuojantis &scaron;amp\u016bnas sukurtas tikriems vyrams &ndash; stipriems, dr\u0105siems ir pasitikintiems savimi.&nbsp;Sud\u0117tyje esantis ro\u017ein\u0117s rodiol\u0117s ekstraktas stiprina plaukus, teikia energijos. \u017den&scaron;enio ekstraktas tonizuoja ir maitina plaukus. Debesylo ekstraktas palaiko gaivum\u0105. Aziieti&scaron;kos centel\u0117s ekstraktas efektyviai tonizuoja. Vitaminas C teikia energijos, saugo nuo neigiamo aplinkos poveikio.&nbsp;Energizuojantis &scaron;amp\u016bnas plaukams ir k\u016bnui teikia energijos, gaivina, dr\u0117kina, maitina ir stiprina.<\/p>\n<p><strong>Naudojimo:<\/strong> Tolygiai paskirstykite &scaron;amp\u016bn\u0105 ant dr\u0117gn\u0173 plauk\u0173 ir &scaron;velniai \u012fmasa\u017euokite. Kruop&scaron;\u010diai i&scaron;skalaukite. Patekus \u012f akis, nedelsiant i&scaron;skalaukite.<\/p>\n<p>&nbsp;<\/p>\n","protected":false},"excerpt":{"rendered":"<p>Natura Siberica Men energizuojantis &scaron;amp\u016bnas sukurtas tikriems vyrams &ndash; stipriems, dr\u0105siems ir pasitikintiems savimi.&nbsp;Sud\u0117tyje esantis ro\u017ein\u0117s rodiol\u0117s ekstraktas stiprina plaukus, teikia energijos. \u017den&scaron;enio ekstraktas tonizuoja ir maitina plaukus. Debesylo ekstraktas palaiko gaivum\u0105. Aziieti&scaron;kos centel\u0117s ekstraktas efektyviai tonizuoja. Vitaminas C teikia energijos, saugo nuo neigiamo aplinkos poveikio.&nbsp;Energizuojantis &scaron;amp\u016bnas plaukams ir k\u016bnui teikia energijos, gaivina, dr\u0117kina, maitina [&#8230;]\n","protected":false},"featured_media":84074,"template":"","meta":[],"product_cat":[1688],"product_tag":[],"class_list":{"0":"post-35682","1":"product","2":"type-product","3":"status-publish","4":"has-post-thumbnail","6":"product_brand-siberica_ee-lt","7":"product_cat-plauku-prieziura-vyrams-2","9":"first","10":"outofstock","11":"taxable","12":"shipping-taxable","13":"product-type-simple"},"_links":{"self":[{"href":"https:\/\/e.kosmolat.eu\/lt\/wp-json\/wp\/v2\/product\/35682","targetHints":{"allow":["GET"]}}],"collection":[{"href":"https:\/\/e.kosmolat.eu\/lt\/wp-json\/wp\/v2\/product"}],"about":[{"href":"https:\/\/e.kosmolat.eu\/lt\/wp-json\/wp\/v2\/types\/product"}],"wp:featuredmedia":[{"embeddable":true,"href":"https:\/\/e.kosmolat.eu\/lt\/wp-json\/wp\/v2\/media\/84074"}],"wp:attachment":[{"href":"https:\/\/e.kosmolat.eu\/lt\/wp-json\/wp\/v2\/media?parent=35682"}],"wp:term":[{"taxonomy":"product_cat","embeddable":true,"href":"https:\/\/e.kosmolat.eu\/lt\/wp-json\/wp\/v2\/product_cat?post=35682"},{"taxonomy":"product_tag","embeddable":true,"href":"https:\/\/e.kosmolat.eu\/lt\/wp-json\/wp\/v2\/product_tag?post=35682"}],"curies":[{"name":"wp","href":"https:\/\/api.w.org\/{rel}","templated":true}]}}