{"id":35674,"date":"2023-12-22T17:26:10","date_gmt":"2023-12-22T17:26:10","guid":{"rendered":"https:\/\/e.kosmolat.eu\/product\/ns-men-super-atsvaidzinosa-dusas-zeleja-white-bear-250-ml\/"},"modified":"2025-09-19T20:32:35","modified_gmt":"2025-09-19T20:32:35","slug":"ns-men-super-atsvaidzinosa-dusas-zeleja-white-bear-250-ml","status":"publish","type":"product","link":"https:\/\/e.kosmolat.eu\/lt\/produktas\/ns-men-super-atsvaidzinosa-dusas-zeleja-white-bear-250-ml\/","title":{"rendered":"NATURA SIBERICA MEN Gaivinanti du\u0161o \u017eel\u0117 vyrams White Bear, 250 ml"},"content":{"rendered":"<p>Natura Siberica Men gaivinanti du\u0161o \u017eel\u0117 sukurta tikriems vyrams \u2013 stipriems, dr\u0105siems ir pasitikintiems savimi.<\/p>\n<div>\n<\/div>\n<div>Praturtinta Sibiro \u017eoleli\u0173 ekstraktais, teikia energijos ypatingai tiems, kurie renkasi aktyv\u0173 gyvenimo b\u016bd\u0105. Me\u0161kauog\u0117s ekstraktas efektyviai valo od\u0105, maitina ir tonizuoja j\u0105. Ki\u0161kiakop\u016bs\u010dio ekstraktas akimirksniu teikia \u017evalumo ir energijos visai dienai. Agurkl\u0117s ekstraktas gaivina ir tonizuoja, intensyviai dr\u0117kina. Vitaminas C teikia energijos.\n<\/div>\n<div>Gaivinanti du\u0161o \u017eel\u0117 \u2013 tai unikali priemon\u0117, kuri puikiai valo, dr\u0117kina, teikia energijos visai dienai.<\/div>\n<div>Naudojimo: nedidel\u012f kiek\u012f du\u0161o \u017eel\u0117 masa\u017euoti \u012f od\u0105, kol suputos, nuplauti vandeniu.<\/div>\n<div>\n<\/div>\n","protected":false},"excerpt":{"rendered":"<p>Natura Siberica Men gaivinanti du\u0161o \u017eel\u0117 sukurta tikriems vyrams \u2013 stipriems, dr\u0105siems ir pasitikintiems savimi. Praturtinta Sibiro \u017eoleli\u0173 ekstraktais, teikia energijos ypatingai tiems, kurie renkasi aktyv\u0173 gyvenimo b\u016bd\u0105. Me\u0161kauog\u0117s ekstraktas efektyviai valo od\u0105, maitina ir tonizuoja j\u0105. Ki\u0161kiakop\u016bs\u010dio ekstraktas akimirksniu teikia \u017evalumo ir energijos visai dienai. Agurkl\u0117s ekstraktas gaivina ir tonizuoja, intensyviai dr\u0117kina. Vitaminas C [&#8230;]\n","protected":false},"featured_media":84070,"template":"","meta":[],"product_cat":[1691],"product_tag":[],"class_list":{"0":"post-35674","1":"product","2":"type-product","3":"status-publish","4":"has-post-thumbnail","6":"product_brand-siberica_ee-lt","7":"product_cat-duso-geliai","9":"first","10":"outofstock","11":"taxable","12":"shipping-taxable","13":"product-type-simple"},"_links":{"self":[{"href":"https:\/\/e.kosmolat.eu\/lt\/wp-json\/wp\/v2\/product\/35674","targetHints":{"allow":["GET"]}}],"collection":[{"href":"https:\/\/e.kosmolat.eu\/lt\/wp-json\/wp\/v2\/product"}],"about":[{"href":"https:\/\/e.kosmolat.eu\/lt\/wp-json\/wp\/v2\/types\/product"}],"wp:featuredmedia":[{"embeddable":true,"href":"https:\/\/e.kosmolat.eu\/lt\/wp-json\/wp\/v2\/media\/84070"}],"wp:attachment":[{"href":"https:\/\/e.kosmolat.eu\/lt\/wp-json\/wp\/v2\/media?parent=35674"}],"wp:term":[{"taxonomy":"product_cat","embeddable":true,"href":"https:\/\/e.kosmolat.eu\/lt\/wp-json\/wp\/v2\/product_cat?post=35674"},{"taxonomy":"product_tag","embeddable":true,"href":"https:\/\/e.kosmolat.eu\/lt\/wp-json\/wp\/v2\/product_tag?post=35674"}],"curies":[{"name":"wp","href":"https:\/\/api.w.org\/{rel}","templated":true}]}}