{"id":35650,"date":"2023-12-22T17:24:28","date_gmt":"2023-12-22T17:24:28","guid":{"rendered":"https:\/\/e.kosmolat.eu\/product\/oblepikha-c-berrica-tonizejoss-izgaisimojoss-krems-fluids-sejai-50-ml\/"},"modified":"2026-03-31T20:08:07","modified_gmt":"2026-03-31T20:08:07","slug":"oblepikha-c-berrica-tonizejoss-izgaisimojoss-krems-fluids-sejai-50-ml","status":"publish","type":"product","link":"https:\/\/e.kosmolat.eu\/lt\/produktas\/oblepikha-c-berrica-tonizejoss-izgaisimojoss-krems-fluids-sejai-50-ml\/","title":{"rendered":"OBLEPIKHA C-BERRICA tonizuojantis veido kremas, 50 ml"},"content":{"rendered":"<p>\u0160is kremas suteikia energijos odai visai dienai! Jis saugo od\u0105 nuo kenksmingo aplinkos poveikio. Oda tampa gaivi ir lygi. Organinis Altajaus oblepikha aliejus dr\u0117kina od\u0105 ir skatina kolageno, strukt\u016brinio baltymo, b\u016btin odos jaunystei i\u0161saugoti sintez\u0119.<\/p>\n<div>Vitaminas C padeda pagerinti j\u016bs\u0173 odos nat\u016brali\u0105 gynybin\u0119 sistem\u0105, pagreitindamas regeneracijos procesus.\n<\/div>\n<div>Vitaminas B5 yra nat\u016bralus dr\u0117kiklis; jis ramina, mink\u0161tina ir suteikia sveik\u0105 gaivi\u0105 i\u0161vaizd\u0105 odai.\n<\/div>\n<div>Hialurono r\u016bg\u0161tis padeda sulaikyti vanden\u012f odoje, u\u017etikrindamas odos dr\u0117kinim\u0105.\n<\/div>\n<div>Naudojimas: Nedidel\u012f kiek\u012f priemon\u0117s paskirstykite ant \u0161varios veido odos ir palaukite kol \u012fsigers prie\u0161 naudojant tolimesnes veido prie\u017ei\u016bros priemones.<\/div>\n<div>\n<\/div>\n<div>\n<\/div>\n<div>\n<\/div>\n<div>\n<\/div>\n","protected":false},"excerpt":{"rendered":"<p>\u0160is kremas suteikia energijos odai visai dienai! Jis saugo od\u0105 nuo kenksmingo aplinkos poveikio. Oda tampa gaivi ir lygi. Organinis Altajaus oblepikha aliejus dr\u0117kina od\u0105 ir skatina kolageno, strukt\u016brinio baltymo, b\u016btin odos jaunystei i\u0161saugoti sintez\u0119. Vitaminas C padeda pagerinti j\u016bs\u0173 odos nat\u016brali\u0105 gynybin\u0119 sistem\u0105, pagreitindamas regeneracijos procesus. Vitaminas B5 yra nat\u016bralus dr\u0117kiklis; jis ramina, mink\u0161tina [&#8230;]\n","protected":false},"featured_media":84442,"template":"","meta":[],"product_cat":[1322],"product_tag":[],"class_list":{"0":"post-35650","1":"product","2":"type-product","3":"status-publish","4":"has-post-thumbnail","6":"product_brand-siberica_ee-lt","7":"product_cat-veido-kremai","9":"first","10":"outofstock","11":"taxable","12":"shipping-taxable","13":"product-type-simple"},"_links":{"self":[{"href":"https:\/\/e.kosmolat.eu\/lt\/wp-json\/wp\/v2\/product\/35650","targetHints":{"allow":["GET"]}}],"collection":[{"href":"https:\/\/e.kosmolat.eu\/lt\/wp-json\/wp\/v2\/product"}],"about":[{"href":"https:\/\/e.kosmolat.eu\/lt\/wp-json\/wp\/v2\/types\/product"}],"wp:featuredmedia":[{"embeddable":true,"href":"https:\/\/e.kosmolat.eu\/lt\/wp-json\/wp\/v2\/media\/84442"}],"wp:attachment":[{"href":"https:\/\/e.kosmolat.eu\/lt\/wp-json\/wp\/v2\/media?parent=35650"}],"wp:term":[{"taxonomy":"product_cat","embeddable":true,"href":"https:\/\/e.kosmolat.eu\/lt\/wp-json\/wp\/v2\/product_cat?post=35650"},{"taxonomy":"product_tag","embeddable":true,"href":"https:\/\/e.kosmolat.eu\/lt\/wp-json\/wp\/v2\/product_tag?post=35650"}],"curies":[{"name":"wp","href":"https:\/\/api.w.org\/{rel}","templated":true}]}}