{"id":35610,"date":"2023-12-22T17:21:26","date_gmt":"2023-12-22T17:21:26","guid":{"rendered":"https:\/\/e.kosmolat.eu\/product\/oblepikha-c-berrica-attirosa-putojosa-zeleja-sejas-mazgasanai-145-ml\/"},"modified":"2025-09-19T20:26:10","modified_gmt":"2025-09-19T20:26:10","slug":"oblepikha-c-berrica-attirosa-putojosa-zeleja-sejas-mazgasanai-145-ml","status":"publish","type":"product","link":"https:\/\/e.kosmolat.eu\/lt\/produktas\/oblepikha-c-berrica-attirosa-putojosa-zeleja-sejas-mazgasanai-145-ml\/","title":{"rendered":"OBLEPIKHA C-BERRICA valomasis gelis veidui, 145 ml"},"content":{"rendered":"<p>\u0160is gelis yra tobulas naudoti kiekvien\u0105 dien\u0105! Priemon\u0117 \u0161velniai nuvalo od\u0105 ir suteikia gaivumo jausm\u0105.<\/p>\n<div>Sud\u0117tyje esantys organinis Altajaus \u0161altalanki\u0173 hidrolatas, vitaminas C, AHA r\u016bg\u0161tys pukiai valo bei suteikia \u0161varos ir gaivos odai.\n<\/div>\n<div>Naudojimas\n<\/div>\n<div>Nedideliu kiekiu gelio tepkite sudr\u0117kint\u0105 od\u0105. Masa\u017euokite, kol atsiras put\u0173, nuplaukite vandeniu.<\/div>\n","protected":false},"excerpt":{"rendered":"<p>\u0160is gelis yra tobulas naudoti kiekvien\u0105 dien\u0105! Priemon\u0117 \u0161velniai nuvalo od\u0105 ir suteikia gaivumo jausm\u0105. Sud\u0117tyje esantys organinis Altajaus \u0161altalanki\u0173 hidrolatas, vitaminas C, AHA r\u016bg\u0161tys pukiai valo bei suteikia \u0161varos ir gaivos odai. Naudojimas Nedideliu kiekiu gelio tepkite sudr\u0117kint\u0105 od\u0105. Masa\u017euokite, kol atsiras put\u0173, nuplaukite vandeniu.<\/p>\n","protected":false},"featured_media":83950,"template":"","meta":[],"product_cat":[1577],"product_tag":[],"class_list":{"0":"post-35610","1":"product","2":"type-product","3":"status-publish","4":"has-post-thumbnail","6":"product_brand-siberica_ee-lt","7":"product_cat-gelis","9":"first","10":"outofstock","11":"taxable","12":"shipping-taxable","13":"product-type-simple"},"_links":{"self":[{"href":"https:\/\/e.kosmolat.eu\/lt\/wp-json\/wp\/v2\/product\/35610","targetHints":{"allow":["GET"]}}],"collection":[{"href":"https:\/\/e.kosmolat.eu\/lt\/wp-json\/wp\/v2\/product"}],"about":[{"href":"https:\/\/e.kosmolat.eu\/lt\/wp-json\/wp\/v2\/types\/product"}],"wp:featuredmedia":[{"embeddable":true,"href":"https:\/\/e.kosmolat.eu\/lt\/wp-json\/wp\/v2\/media\/83950"}],"wp:attachment":[{"href":"https:\/\/e.kosmolat.eu\/lt\/wp-json\/wp\/v2\/media?parent=35610"}],"wp:term":[{"taxonomy":"product_cat","embeddable":true,"href":"https:\/\/e.kosmolat.eu\/lt\/wp-json\/wp\/v2\/product_cat?post=35610"},{"taxonomy":"product_tag","embeddable":true,"href":"https:\/\/e.kosmolat.eu\/lt\/wp-json\/wp\/v2\/product_tag?post=35610"}],"curies":[{"name":"wp","href":"https:\/\/api.w.org\/{rel}","templated":true}]}}