{"id":35598,"date":"2023-12-22T17:20:11","date_gmt":"2023-12-22T17:20:11","guid":{"rendered":"https:\/\/e.kosmolat.eu\/product\/bereza-siberica-atjaunojosa-un-nomierinosa-sejas-maska-zeleja-100-ml\/"},"modified":"2025-09-19T20:24:37","modified_gmt":"2025-09-19T20:24:37","slug":"bereza-siberica-atjaunojosa-un-nomierinosa-sejas-maska-zeleja-100-ml","status":"publish","type":"product","link":"https:\/\/e.kosmolat.eu\/lt\/produktas\/bereza-siberica-atjaunojosa-un-nomierinosa-sejas-maska-zeleja-100-ml\/","title":{"rendered":"BEREZA SIBERICA Veido gelis, 100 ml"},"content":{"rendered":"<p>Veiksmingas raminamasis veid ogelis tai puikus b\u016bdas nuraminti sudirgusi\u0105 od\u0105. Gelis \u0161velniai valo ir \u0161alina ne\u0161varumus. Sud\u0117tis praturtinta baltojo ber\u017eo ekstraktu, hialurono r\u016bg\u0161timi, +B5 bei Vitaminu E.<\/p>\n<p>Naudojimo: atitinkam\u0105 kiek\u012f priemon\u0117s \u0161velniai \u012fmasa\u017euokite \u012f dr\u0117gn\u0105 veido od\u0105. Kruop\u0161\u010diai nuskalaukite.<\/p>\n","protected":false},"excerpt":{"rendered":"<p>Veiksmingas raminamasis veid ogelis tai puikus b\u016bdas nuraminti sudirgusi\u0105 od\u0105. Gelis \u0161velniai valo ir \u0161alina ne\u0161varumus. Sud\u0117tis praturtinta baltojo ber\u017eo ekstraktu, hialurono r\u016bg\u0161timi, +B5 bei Vitaminu E. Naudojimo: atitinkam\u0105 kiek\u012f priemon\u0117s \u0161velniai \u012fmasa\u017euokite \u012f dr\u0117gn\u0105 veido od\u0105. Kruop\u0161\u010diai nuskalaukite.<\/p>\n","protected":false},"featured_media":83926,"template":"","meta":[],"product_cat":[1369],"product_tag":[],"class_list":{"0":"post-35598","1":"product","2":"type-product","3":"status-publish","4":"has-post-thumbnail","6":"product_brand-siberica_ee-lt","7":"product_cat-veido-kaukes","9":"first","10":"outofstock","11":"taxable","12":"shipping-taxable","13":"product-type-simple"},"_links":{"self":[{"href":"https:\/\/e.kosmolat.eu\/lt\/wp-json\/wp\/v2\/product\/35598","targetHints":{"allow":["GET"]}}],"collection":[{"href":"https:\/\/e.kosmolat.eu\/lt\/wp-json\/wp\/v2\/product"}],"about":[{"href":"https:\/\/e.kosmolat.eu\/lt\/wp-json\/wp\/v2\/types\/product"}],"wp:featuredmedia":[{"embeddable":true,"href":"https:\/\/e.kosmolat.eu\/lt\/wp-json\/wp\/v2\/media\/83926"}],"wp:attachment":[{"href":"https:\/\/e.kosmolat.eu\/lt\/wp-json\/wp\/v2\/media?parent=35598"}],"wp:term":[{"taxonomy":"product_cat","embeddable":true,"href":"https:\/\/e.kosmolat.eu\/lt\/wp-json\/wp\/v2\/product_cat?post=35598"},{"taxonomy":"product_tag","embeddable":true,"href":"https:\/\/e.kosmolat.eu\/lt\/wp-json\/wp\/v2\/product_tag?post=35598"}],"curies":[{"name":"wp","href":"https:\/\/api.w.org\/{rel}","templated":true}]}}