{"id":35578,"date":"2023-12-22T17:18:38","date_gmt":"2023-12-22T17:18:38","guid":{"rendered":"https:\/\/e.kosmolat.eu\/product\/mister-x-antiperspirants-ekstra-svaigums-50-g\/"},"modified":"2025-09-19T20:22:17","modified_gmt":"2025-09-19T20:22:17","slug":"mister-x-antiperspirants-ekstra-svaigums-50-g","status":"publish","type":"product","link":"https:\/\/e.kosmolat.eu\/lt\/produktas\/mister-x-antiperspirants-ekstra-svaigums-50-g\/","title":{"rendered":"MISTER X Antiperspirantas Ekstra gaiva, 50 g"},"content":{"rendered":"<p>Antiperspirantas palaiko rytin\u0117s &scaron;varos ir gaivumo poj\u016bt\u012f iki vakaro, patikimai apsaugodamas nuo prakaito ir nemalonaus kvapo iki 24 valand\u0173. Nepalieka d\u0117mi\u0173 ant balt\u0173 ir juod\u0173 drabu\u017ei\u0173. Sud\u0117tyje n\u0117ra alkoholio.<\/p>\n<p><strong>Naudojimas: <\/strong>nedidel\u012f kiek\u012f tepkite ant nuvalytos odos. Netepkite ant pa\u017eeistos, sudirgusios odos. Leiskite visi&scaron;kai i&scaron;d\u017ei\u016bti.<\/p>\n<p>Laikyti nuo +5 &deg;C iki +25 &deg;C temperat\u016broje.<br \/>\n&nbsp;<\/p>\n","protected":false},"excerpt":{"rendered":"<p>Antiperspirantas palaiko rytin\u0117s &scaron;varos ir gaivumo poj\u016bt\u012f iki vakaro, patikimai apsaugodamas nuo prakaito ir nemalonaus kvapo iki 24 valand\u0173. Nepalieka d\u0117mi\u0173 ant balt\u0173 ir juod\u0173 drabu\u017ei\u0173. Sud\u0117tyje n\u0117ra alkoholio. Naudojimas: nedidel\u012f kiek\u012f tepkite ant nuvalytos odos. Netepkite ant pa\u017eeistos, sudirgusios odos. Leiskite visi&scaron;kai i&scaron;d\u017ei\u016bti. Laikyti nuo +5 &deg;C iki +25 &deg;C temperat\u016broje. &nbsp;<\/p>\n","protected":false},"featured_media":83882,"template":"","meta":[],"product_cat":[1450],"product_tag":[],"class_list":{"0":"post-35578","1":"product","2":"type-product","3":"status-publish","4":"has-post-thumbnail","6":"product_brand-belgates_by-lt","7":"product_cat-dezodorantai-vyrams","9":"first","10":"outofstock","11":"taxable","12":"shipping-taxable","13":"product-type-simple"},"_links":{"self":[{"href":"https:\/\/e.kosmolat.eu\/lt\/wp-json\/wp\/v2\/product\/35578","targetHints":{"allow":["GET"]}}],"collection":[{"href":"https:\/\/e.kosmolat.eu\/lt\/wp-json\/wp\/v2\/product"}],"about":[{"href":"https:\/\/e.kosmolat.eu\/lt\/wp-json\/wp\/v2\/types\/product"}],"wp:featuredmedia":[{"embeddable":true,"href":"https:\/\/e.kosmolat.eu\/lt\/wp-json\/wp\/v2\/media\/83882"}],"wp:attachment":[{"href":"https:\/\/e.kosmolat.eu\/lt\/wp-json\/wp\/v2\/media?parent=35578"}],"wp:term":[{"taxonomy":"product_cat","embeddable":true,"href":"https:\/\/e.kosmolat.eu\/lt\/wp-json\/wp\/v2\/product_cat?post=35578"},{"taxonomy":"product_tag","embeddable":true,"href":"https:\/\/e.kosmolat.eu\/lt\/wp-json\/wp\/v2\/product_tag?post=35578"}],"curies":[{"name":"wp","href":"https:\/\/api.w.org\/{rel}","templated":true}]}}