{"id":35542,"date":"2023-12-22T17:16:07","date_gmt":"2023-12-22T17:16:07","guid":{"rendered":"https:\/\/e.kosmolat.eu\/product\/nektar-skidras-ziepes-7-zalaugi-doy-pack\/"},"modified":"2025-09-19T20:09:21","modified_gmt":"2025-09-19T20:09:21","slug":"i_nektar-skidras-ziepes-7-zalaugi-doy-pack-500-ml","status":"publish","type":"product","link":"https:\/\/e.kosmolat.eu\/lt\/produktas\/i_nektar-skidras-ziepes-7-zalaugi-doy-pack-500-ml\/","title":{"rendered":"I_NEKTAR Skystas muilas Septynios \u017eolel\u0117s, 500 ml"},"content":{"rendered":"<p>Skystas subtilaus aromato muilas &scaron;velniai valo od\u0105, padaro j\u0105 gra\u017ei\u0105 ir elasting\u0105, suteikia &scaron;varos poj\u016bt\u012f. Sud\u0117tyje yra nat\u016bralus &nbsp;nauding\u0173 ekstrakt\u0173 kompleksas &bdquo;7 \u017eolel\u0117s&ldquo; (medetkos, dilg\u0117l\u0117s, pu&scaron;ys, asi\u016bkliai, laki&scaron;iai, &scaron;alavijai, eukaliptai).<\/p>\n<p><strong>Naudojimas: <\/strong>supilkite \u012f buteliuk\u0105 su dozatoriumi, i&scaron;spauskite kelis la&scaron;us muilo ant odos, suputokite, tada nuplaukite vandeniu.<\/p>\n<p><strong>Atsargumo priemon\u0117s: <\/strong>naudoti kaip nurodyta. Laikyti vaikams nepasiekiamoje vietoje.<\/p>\n<p>Laikyti gamintojo pakuot\u0117je nuo +5&deg;C iki +25&deg;C temperat\u016broje, o santykin\u0117 oro dr\u0117gm\u0117 ne didesn\u0117 kaip 80%.<\/p>\n","protected":false},"excerpt":{"rendered":"<p>Skystas subtilaus aromato muilas &scaron;velniai valo od\u0105, padaro j\u0105 gra\u017ei\u0105 ir elasting\u0105, suteikia &scaron;varos poj\u016bt\u012f. Sud\u0117tyje yra nat\u016bralus &nbsp;nauding\u0173 ekstrakt\u0173 kompleksas &bdquo;7 \u017eolel\u0117s&ldquo; (medetkos, dilg\u0117l\u0117s, pu&scaron;ys, asi\u016bkliai, laki&scaron;iai, &scaron;alavijai, eukaliptai). Naudojimas: supilkite \u012f buteliuk\u0105 su dozatoriumi, i&scaron;spauskite kelis la&scaron;us muilo ant odos, suputokite, tada nuplaukite vandeniu. Atsargumo priemon\u0117s: naudoti kaip nurodyta. Laikyti vaikams nepasiekiamoje vietoje. [&#8230;]\n","protected":false},"featured_media":83662,"template":"","meta":[],"product_cat":[1609],"product_tag":[],"class_list":{"0":"post-35542","1":"product","2":"type-product","3":"status-publish","4":"has-post-thumbnail","6":"product_brand-aqua-cosmetics_ua-lt","7":"product_cat-muilas","9":"first","10":"outofstock","11":"taxable","12":"shipping-taxable","13":"product-type-simple"},"_links":{"self":[{"href":"https:\/\/e.kosmolat.eu\/lt\/wp-json\/wp\/v2\/product\/35542","targetHints":{"allow":["GET"]}}],"collection":[{"href":"https:\/\/e.kosmolat.eu\/lt\/wp-json\/wp\/v2\/product"}],"about":[{"href":"https:\/\/e.kosmolat.eu\/lt\/wp-json\/wp\/v2\/types\/product"}],"wp:featuredmedia":[{"embeddable":true,"href":"https:\/\/e.kosmolat.eu\/lt\/wp-json\/wp\/v2\/media\/83662"}],"wp:attachment":[{"href":"https:\/\/e.kosmolat.eu\/lt\/wp-json\/wp\/v2\/media?parent=35542"}],"wp:term":[{"taxonomy":"product_cat","embeddable":true,"href":"https:\/\/e.kosmolat.eu\/lt\/wp-json\/wp\/v2\/product_cat?post=35542"},{"taxonomy":"product_tag","embeddable":true,"href":"https:\/\/e.kosmolat.eu\/lt\/wp-json\/wp\/v2\/product_tag?post=35542"}],"curies":[{"name":"wp","href":"https:\/\/api.w.org\/{rel}","templated":true}]}}