{"id":35538,"date":"2023-12-22T17:15:51","date_gmt":"2023-12-22T17:15:51","guid":{"rendered":"https:\/\/e.kosmolat.eu\/product\/nektar-skidras-ziepes-medus-un-piens-doy-pack\/"},"modified":"2026-04-23T12:42:00","modified_gmt":"2026-04-23T12:42:00","slug":"nektar-skidras-ziepes-medus-un-piens-doy-pack-500-ml","status":"publish","type":"product","link":"https:\/\/e.kosmolat.eu\/lt\/produktas\/nektar-skidras-ziepes-medus-un-piens-doy-pack-500-ml\/","title":{"rendered":"NEKTAR Skystas muilas Medus ir pienas, 500 ml"},"content":{"rendered":"<p>Skystas muilas su maloniu, apgaubian\u010diu medaus ir pieno aromatu &scaron;velniai valo od\u0105, daro j\u0105 gra\u017ei\u0105 ir elasting\u0105. Suteikia &scaron;varos jausm\u0105.<\/p>\n<p><strong>Naudojimo b\u016bdas:<\/strong> supilkite \u012f butel\u012f su dozatoriumi, i&scaron;spauskite kelis muilo la&scaron;us ant i&scaron; anksto sudr\u0117kintos odos, suputokite, tada nuplaukite vandeniu.&nbsp;<\/p>\n<p><strong>Atsargumo priemon\u0117s: <\/strong>naudoti kaip nurodyta. Laikyti vaikams nepasiekiamoje vietoje.<\/p>\n<p>Laikyti gamintojo pakuot\u0117je nuo + 5 &deg;C iki + 25 &deg;C temperat\u016broje ir santykin\u0117je dr\u0117gm\u0117je ne daugiau kaip 80%.<\/p>\n","protected":false},"excerpt":{"rendered":"<p>Skystas muilas su maloniu, apgaubian\u010diu medaus ir pieno aromatu &scaron;velniai valo od\u0105, daro j\u0105 gra\u017ei\u0105 ir elasting\u0105. Suteikia &scaron;varos jausm\u0105. Naudojimo b\u016bdas: supilkite \u012f butel\u012f su dozatoriumi, i&scaron;spauskite kelis muilo la&scaron;us ant i&scaron; anksto sudr\u0117kintos odos, suputokite, tada nuplaukite vandeniu.&nbsp; Atsargumo priemon\u0117s: naudoti kaip nurodyta. Laikyti vaikams nepasiekiamoje vietoje. Laikyti gamintojo pakuot\u0117je nuo + 5 [&#8230;]\n","protected":false},"featured_media":83658,"template":"","meta":[],"product_cat":[1609],"product_tag":[],"class_list":{"0":"post-35538","1":"product","2":"type-product","3":"status-publish","4":"has-post-thumbnail","6":"product_brand-aqua-cosmetics_ua-lt","7":"product_cat-muilas","9":"first","10":"instock","11":"taxable","12":"shipping-taxable","13":"product-type-simple"},"_links":{"self":[{"href":"https:\/\/e.kosmolat.eu\/lt\/wp-json\/wp\/v2\/product\/35538","targetHints":{"allow":["GET"]}}],"collection":[{"href":"https:\/\/e.kosmolat.eu\/lt\/wp-json\/wp\/v2\/product"}],"about":[{"href":"https:\/\/e.kosmolat.eu\/lt\/wp-json\/wp\/v2\/types\/product"}],"wp:featuredmedia":[{"embeddable":true,"href":"https:\/\/e.kosmolat.eu\/lt\/wp-json\/wp\/v2\/media\/83658"}],"wp:attachment":[{"href":"https:\/\/e.kosmolat.eu\/lt\/wp-json\/wp\/v2\/media?parent=35538"}],"wp:term":[{"taxonomy":"product_cat","embeddable":true,"href":"https:\/\/e.kosmolat.eu\/lt\/wp-json\/wp\/v2\/product_cat?post=35538"},{"taxonomy":"product_tag","embeddable":true,"href":"https:\/\/e.kosmolat.eu\/lt\/wp-json\/wp\/v2\/product_tag?post=35538"}],"curies":[{"name":"wp","href":"https:\/\/api.w.org\/{rel}","templated":true}]}}