{"id":35438,"date":"2023-12-22T16:59:55","date_gmt":"2023-12-22T16:59:55","guid":{"rendered":"https:\/\/e.kosmolat.eu\/product\/ekonom-smart-mitras-salvetes-antibakterialas-100-gab\/"},"modified":"2025-09-19T19:48:51","modified_gmt":"2025-09-19T19:48:51","slug":"ekonom-smart-mitras-salvetes-antibakterialas-100-gab","status":"publish","type":"product","link":"https:\/\/e.kosmolat.eu\/lt\/produktas\/ekonom-smart-mitras-salvetes-antibakterialas-100-gab\/","title":{"rendered":"&#8220;Ekonom smart&#8221; Dr\u0117gnos servet\u0117l\u0117s antibakterin\u0117s, 100 vnt."},"content":{"rendered":"<p>Tinka visiems odos tipams. Efektyviai ir \u0161velniai valo rank\u0173 od\u0105, palieka ilgalaik\u012f \u0161vie\u017eumo ir komforto jausm\u0105, nesvarbu kur esate &#8211; namuose, pasivaik\u0161\u010diojime ar sve\u010diuose. Neutralizuoja 99.9% bakterij\u0173. Klini\u0161kai pratestuota. Tinka visai \u0161eimai. Sud\u0117tyje n\u0117ra alkoholio.<\/p>\n","protected":false},"excerpt":{"rendered":"<p>Tinka visiems odos tipams. Efektyviai ir \u0161velniai valo rank\u0173 od\u0105, palieka ilgalaik\u012f \u0161vie\u017eumo ir komforto jausm\u0105, nesvarbu kur esate &#8211; namuose, pasivaik\u0161\u010diojime ar sve\u010diuose. Neutralizuoja 99.9% bakterij\u0173. Klini\u0161kai pratestuota. Tinka visai \u0161eimai. Sud\u0117tyje n\u0117ra alkoholio.<\/p>\n","protected":false},"featured_media":83218,"template":"","meta":[],"product_cat":[1808],"product_tag":[],"class_list":{"0":"post-35438","1":"product","2":"type-product","3":"status-publish","4":"has-post-thumbnail","6":"product_brand-malina-akcija-lt","7":"product_cat-dregnos-serveteles-ir-nosines","9":"first","10":"outofstock","11":"taxable","12":"shipping-taxable","13":"product-type-simple"},"_links":{"self":[{"href":"https:\/\/e.kosmolat.eu\/lt\/wp-json\/wp\/v2\/product\/35438","targetHints":{"allow":["GET"]}}],"collection":[{"href":"https:\/\/e.kosmolat.eu\/lt\/wp-json\/wp\/v2\/product"}],"about":[{"href":"https:\/\/e.kosmolat.eu\/lt\/wp-json\/wp\/v2\/types\/product"}],"wp:featuredmedia":[{"embeddable":true,"href":"https:\/\/e.kosmolat.eu\/lt\/wp-json\/wp\/v2\/media\/83218"}],"wp:attachment":[{"href":"https:\/\/e.kosmolat.eu\/lt\/wp-json\/wp\/v2\/media?parent=35438"}],"wp:term":[{"taxonomy":"product_cat","embeddable":true,"href":"https:\/\/e.kosmolat.eu\/lt\/wp-json\/wp\/v2\/product_cat?post=35438"},{"taxonomy":"product_tag","embeddable":true,"href":"https:\/\/e.kosmolat.eu\/lt\/wp-json\/wp\/v2\/product_tag?post=35438"}],"curies":[{"name":"wp","href":"https:\/\/api.w.org\/{rel}","templated":true}]}}