{"id":35434,"date":"2023-12-22T16:59:25","date_gmt":"2023-12-22T16:59:25","guid":{"rendered":"https:\/\/e.kosmolat.eu\/product\/skinlite-gold-folija-acu-patci-10-gb\/"},"modified":"2026-03-31T20:02:05","modified_gmt":"2026-03-31T20:02:05","slug":"skinlite-gold-folija-acu-patci-10-gb","status":"publish","type":"product","link":"https:\/\/e.kosmolat.eu\/lt\/produktas\/skinlite-gold-folija-acu-patci-10-gb\/","title":{"rendered":"SKINLITE  GOLD Folijos pagalv\u0117l\u0117s, 10 vnt"},"content":{"rendered":"<p>Skinlite Folijos pagalv\u0117l\u0117s &ldquo;Auksas&rdquo;.&nbsp;Folijos pagalv\u0117l\u0117s &bdquo;GOLD&ldquo; yra prabangi SPA proced\u016bra namuose, per kelias minutes galinti pa&scaron;alinti nuovargio p\u0117dsakus ir pakeisti j\u016bs\u0173 od\u0105!&nbsp;Itin veiksmingi &scaron;velniai odai po akimis skirti pleistrai turi atjauninant\u012f poveik\u012f, pa&scaron;alina paburkim\u0105, intensyviai dr\u0117kina, &scaron;viesina tamsius ratilus, suteikia odai spindesio ir padaro stangresn\u0119 ir elasting\u0105.&nbsp;Dviguba pagalv\u0117li\u0173 strukt\u016bra suteikia apsaugin\u012f barjer\u0105 dr\u0117gmei sulaikyti, sulaiko &scaron;ilum\u0105, sukuria SPA efekt\u0105, d\u0117l to veikliosios med\u017eiagos prasiskverbia \u012f gilesnius dermos sluoksnius, suteikdamos sud\u0117ting\u0105 efekt\u0105, prisotindamos l\u0105steles dr\u0117gme ir naudingais elementais.&nbsp;17 aminor\u016bg&scaron;\u010di\u0173 kompleksas apsaugo l\u0105steles, pasi\u017eymi galingu antioksidaciniu poveikiu, neutralizuoja laisvuosius radikalus, sintezuoja kolagen\u0105 ir l\u0117tina sen\u0117jimo proces\u0105.&nbsp;Arbutinas yra veiksmingas &scaron;alinant am\u017eiaus d\u0117mes, d\u0117l savyb\u0117s blokuoti melanino sintez\u0119, jis apsaugo nuo UV spinduli\u0173, padidina odos imunitet\u0105.&nbsp;Pieno baltymai giliai maitina epiderm\u012f, i&scaron;lygina rauk&scaron;les, suteikia tolyg\u0173 odos ton\u0105 ir apsaugo j\u0105.&nbsp;Pantenolis mink&scaron;tina ir atkuria od\u0105.<\/p>\n<p><strong>Naudojimo b\u016bdas<\/strong>: 1. Nuvalykite ir nusausinkite veid\u0105. 2. U\u017ed\u0117kite pagalv\u0117les audinio puse po akimis arba prie nosies ir l\u016bp\u0173 srities, \u012fsitikindami, kad jie tvirtai priglunda prie odos. Laikykite 15-20 minu\u010di\u0173, tada nuimkite. 4. \u012esitikinkite, kad pakuot\u0117 yra sandariai u\u017edaryta.&nbsp;<\/p>\n<p>&nbsp;<\/p>\n","protected":false},"excerpt":{"rendered":"<p>Skinlite Folijos pagalv\u0117l\u0117s &ldquo;Auksas&rdquo;.&nbsp;Folijos pagalv\u0117l\u0117s &bdquo;GOLD&ldquo; yra prabangi SPA proced\u016bra namuose, per kelias minutes galinti pa&scaron;alinti nuovargio p\u0117dsakus ir pakeisti j\u016bs\u0173 od\u0105!&nbsp;Itin veiksmingi &scaron;velniai odai po akimis skirti pleistrai turi atjauninant\u012f poveik\u012f, pa&scaron;alina paburkim\u0105, intensyviai dr\u0117kina, &scaron;viesina tamsius ratilus, suteikia odai spindesio ir padaro stangresn\u0119 ir elasting\u0105.&nbsp;Dviguba pagalv\u0117li\u0173 strukt\u016bra suteikia apsaugin\u012f barjer\u0105 dr\u0117gmei sulaikyti, sulaiko [&#8230;]\n","protected":false},"featured_media":83150,"template":"","meta":[],"product_cat":[1369],"product_tag":[],"class_list":{"0":"post-35434","1":"product","2":"type-product","3":"status-publish","4":"has-post-thumbnail","6":"product_brand-skinlite-lt","7":"product_cat-veido-kaukes","9":"first","10":"outofstock","11":"taxable","12":"shipping-taxable","13":"product-type-simple"},"_links":{"self":[{"href":"https:\/\/e.kosmolat.eu\/lt\/wp-json\/wp\/v2\/product\/35434","targetHints":{"allow":["GET"]}}],"collection":[{"href":"https:\/\/e.kosmolat.eu\/lt\/wp-json\/wp\/v2\/product"}],"about":[{"href":"https:\/\/e.kosmolat.eu\/lt\/wp-json\/wp\/v2\/types\/product"}],"wp:featuredmedia":[{"embeddable":true,"href":"https:\/\/e.kosmolat.eu\/lt\/wp-json\/wp\/v2\/media\/83150"}],"wp:attachment":[{"href":"https:\/\/e.kosmolat.eu\/lt\/wp-json\/wp\/v2\/media?parent=35434"}],"wp:term":[{"taxonomy":"product_cat","embeddable":true,"href":"https:\/\/e.kosmolat.eu\/lt\/wp-json\/wp\/v2\/product_cat?post=35434"},{"taxonomy":"product_tag","embeddable":true,"href":"https:\/\/e.kosmolat.eu\/lt\/wp-json\/wp\/v2\/product_tag?post=35434"}],"curies":[{"name":"wp","href":"https:\/\/api.w.org\/{rel}","templated":true}]}}