{"id":35426,"date":"2023-12-22T16:58:56","date_gmt":"2023-12-22T16:58:56","guid":{"rendered":"https:\/\/e.kosmolat.eu\/product\/skinlite-gold-serums\/"},"modified":"2026-04-21T09:38:51","modified_gmt":"2026-04-21T09:38:51","slug":"skinlite-gold-serums","status":"publish","type":"product","link":"https:\/\/e.kosmolat.eu\/lt\/produktas\/skinlite-gold-serums\/","title":{"rendered":"SKINLITE serumas Auksas, 6 g"},"content":{"rendered":"<p>Serumas prisotina od\u0105, pasi\u017eymi galingu antioksidaciniu, stangrinamuoju ir dr\u0117kinamuoju poveikiu, atkuria, daro od\u0105 lygi\u0105 ir &scaron;ilkin\u0119, sugr\u0105\u017eindamas jos jaunyst\u0119 ir gro\u017e\u012f. Formul\u0117 skatina kolageno sintez\u0119 ir apsaugo nuo su am\u017eiumi susijusi\u0173 poky\u010di\u0173. Priemon\u0117 prasiskverbia \u012f gilius odos sluoksnius, u\u017epildo ir i&scaron;lygina rauk&scaron;les, padeda panaikinti blankum\u0105 ir suteikia sveik\u0105 &scaron;vyt\u0117jim\u0105. Be to, serumo poveikis sustiprina v\u0117lesni\u0173 prie\u017ei\u016bros priemoni\u0173 poveik\u012f.<\/p>\n<ul>\n<li>Aukso dalel\u0117s pasi\u017eymi stipriu jauninamuoju ir antioksidaciniu poveikiu.<\/li>\n<li>Hialurono r\u016bg&scaron;tis intensyviai dr\u0117kina, naikindama sausum\u0105 ir rauk&scaron;les, atsiradusias d\u0117l dehidratacijos, atkuria optimal\u0173 vandens balans\u0105.<\/li>\n<li>Niacinamidas efektyviai kovoja su pigmentacija, ma\u017eina jos aprai&scaron;kas, sulygina tonus\u0105.<\/li>\n<li>Peptidai atkuria elastingum\u0105 ir dr\u0117kina od\u0105.<\/li>\n<li>Adenozinas pagreitina kolageno ir elastino sintez\u0119.<\/li>\n<li>Augaliniai ekstraktai atkuria odos imunitet\u0105, aktyvina med\u017eiag\u0173 apykait\u0105, sustiprina apsaugines funkcijas ir gerina i&scaron;orin\u0119 b\u016bkl\u0119.<\/li>\n<\/ul>\n<p>Serumas ant odos sukuria plon\u0105 pl\u0117vel\u0119, kuri pailgina vis\u0173 komponent\u0173 veikim\u0105 d\u0117l laipsni&scaron;ko prasiskverbimo \u012f vidinius epidermio sluoksnius, ilg\u0105 laik\u0105 i&scaron;saugodama pa\u010dios odos dr\u0117gm\u0119. Reguliariai naudojant atstatomas hidrolipidinis barjeras, ko pasekoje normalizuojasi dr\u0117gm\u0117s balansas odoje ir pager\u0117ja &nbsp;jos tonusas.<\/p>\n<p><strong>Naudojimas:<\/strong> Kruop&scaron;\u010diai nuplaukite ir nusausinkite veid\u0105 rank&scaron;luos\u010diu. Lengvais judesiais paskirstykite serum\u0105 ant veido, kaklo ir dekolt\u0117 odos. Palikite, kol visi&scaron;kai \u012fsigers. Rekomenduojama naudoti kaip pagrindin\u0119 priemon\u0119 prie&scaron; tepant krem\u0105 ar kauk\u0119, taip pat d\u0117ti \u012f kremus (kaukes). Norint pasiekti matom\u0173 rezultat\u0173, seru\u0105 &nbsp;rekomenduojama naudoti kart\u0105 per dien\u0105 &nbsp;bent m\u0117nes\u012f.<\/p>\n<p><strong>Atsargumo priemon\u0117s:<\/strong> Venkite naudoti ant pa\u017eeistos, sudirgusios ar saul\u0117je &nbsp;nudegusios odos. Nenaudokite produkto, jei esate jautrus vienam i&scaron; kompozicijos komponent\u0173. Jei naudojimo metu atsiranda odos paraudimas ar sudirginimas, nutraukite naudojim\u0105 ir kreipkit\u0117s \u012f gydytoj\u0105. Vengti patekimo \u012f akis, patekus \u012f akis, nuplauti vandeniu. Laikyti vaikams nepasiekiamoje vietoje.<\/p>\n","protected":false},"excerpt":{"rendered":"<p>Serumas prisotina od\u0105, pasi\u017eymi galingu antioksidaciniu, stangrinamuoju ir dr\u0117kinamuoju poveikiu, atkuria, daro od\u0105 lygi\u0105 ir &scaron;ilkin\u0119, sugr\u0105\u017eindamas jos jaunyst\u0119 ir gro\u017e\u012f. Formul\u0117 skatina kolageno sintez\u0119 ir apsaugo nuo su am\u017eiumi susijusi\u0173 poky\u010di\u0173. Priemon\u0117 prasiskverbia \u012f gilius odos sluoksnius, u\u017epildo ir i&scaron;lygina rauk&scaron;les, padeda panaikinti blankum\u0105 ir suteikia sveik\u0105 &scaron;vyt\u0117jim\u0105. Be to, serumo poveikis sustiprina v\u0117lesni\u0173 [&#8230;]\n","protected":false},"featured_media":83146,"template":"","meta":[],"product_cat":[2181],"product_tag":[],"class_list":{"0":"post-35426","1":"product","2":"type-product","3":"status-publish","4":"has-post-thumbnail","6":"product_brand-skinlite-lt","7":"product_cat-bez-kategorijas-lt","9":"first","10":"instock","11":"taxable","12":"shipping-taxable","13":"product-type-simple"},"_links":{"self":[{"href":"https:\/\/e.kosmolat.eu\/lt\/wp-json\/wp\/v2\/product\/35426","targetHints":{"allow":["GET"]}}],"collection":[{"href":"https:\/\/e.kosmolat.eu\/lt\/wp-json\/wp\/v2\/product"}],"about":[{"href":"https:\/\/e.kosmolat.eu\/lt\/wp-json\/wp\/v2\/types\/product"}],"wp:featuredmedia":[{"embeddable":true,"href":"https:\/\/e.kosmolat.eu\/lt\/wp-json\/wp\/v2\/media\/83146"}],"wp:attachment":[{"href":"https:\/\/e.kosmolat.eu\/lt\/wp-json\/wp\/v2\/media?parent=35426"}],"wp:term":[{"taxonomy":"product_cat","embeddable":true,"href":"https:\/\/e.kosmolat.eu\/lt\/wp-json\/wp\/v2\/product_cat?post=35426"},{"taxonomy":"product_tag","embeddable":true,"href":"https:\/\/e.kosmolat.eu\/lt\/wp-json\/wp\/v2\/product_tag?post=35426"}],"curies":[{"name":"wp","href":"https:\/\/api.w.org\/{rel}","templated":true}]}}