{"id":35358,"date":"2023-12-22T16:53:14","date_gmt":"2023-12-22T16:53:14","guid":{"rendered":"https:\/\/e.kosmolat.eu\/product\/ld-oriental-touch-mikstin-kr-sausas-ieplais-pedu-adas-kopsanai-100-g\/"},"modified":"2025-09-19T19:33:40","modified_gmt":"2025-09-19T19:33:40","slug":"ld-oriental-touch-mikstin-kr-sausas-ieplais-pedu-adas-kopsanai-100-g","status":"publish","type":"product","link":"https:\/\/e.kosmolat.eu\/lt\/produktas\/ld-oriental-touch-mikstin-kr-sausas-ieplais-pedu-adas-kopsanai-100-g\/","title":{"rendered":"LIV DELANO ORIENTAL TOUCH Koj\u0173 kremas sumink\u0161tinantis nuospaud\u0173 profilaktika, 100 g"},"content":{"rendered":"<p>Tirpstantis kremas, kuriame gausu veikli\u0173j\u0173 med\u017eiag\u0173, u\u017etikrina visapusi&scaron;k\u0105 p\u0117d\u0173 odos prie\u017ei\u016br\u0105.&nbsp;<\/p>\n<ul>\n<li>Nat\u016bral\u016bs kokos\u0173, ry\u017ei\u0173 s\u0117len\u0173 ir soj\u0173 aliejai maitina ir mink&scaron;tina od\u0105, suma\u017eina &scaron;iurk&scaron;tumo ir mikro\u012ftr\u016bkim\u0173 rizik\u0105.<\/li>\n<li>Augaliniai keramidai, sorbitolis ir vitaminas F padeda i&scaron;laikyti dr\u0117gm\u0119 epidermio l\u0105stel\u0117se, u\u017ekertant keli\u0105 odos i&scaron;saus\u0117jimui.&nbsp;<\/li>\n<li>Vaisi\u0173 r\u016bg&scaron;tys mink&scaron;tina esamas nuospaudas ir padeda i&scaron;vengti nauj\u0173 susidarymo.<\/li>\n<li>Arbatmed\u017ei\u0173 &nbsp;ir rozmarino eteriniai aliejai, saldymed\u017ei\u0173, alavij\u0173, gyslo\u010di\u0173, medetk\u0173 ir &scaron;alavij\u0173 ekstraktai pasi\u017eymi antiseptin\u0117mis savyb\u0117mis, ramina od\u0105 ir aktyvina nat\u016bralias apsaugines jos funkcijas.<\/li>\n<\/ul>\n<p><strong>Naudojimas: <\/strong>lengvais masa\u017eo judesiais tepkite krem\u0105 ant &scaron;varios p\u0117d\u0173 odos.<\/p>\n<p>Laikyti nuo 0&deg;C iki 25&deg;C temperat\u016broje.<br \/>\n&nbsp;<\/p>\n","protected":false},"excerpt":{"rendered":"<p>Tirpstantis kremas, kuriame gausu veikli\u0173j\u0173 med\u017eiag\u0173, u\u017etikrina visapusi&scaron;k\u0105 p\u0117d\u0173 odos prie\u017ei\u016br\u0105.&nbsp; Nat\u016bral\u016bs kokos\u0173, ry\u017ei\u0173 s\u0117len\u0173 ir soj\u0173 aliejai maitina ir mink&scaron;tina od\u0105, suma\u017eina &scaron;iurk&scaron;tumo ir mikro\u012ftr\u016bkim\u0173 rizik\u0105. Augaliniai keramidai, sorbitolis ir vitaminas F padeda i&scaron;laikyti dr\u0117gm\u0119 epidermio l\u0105stel\u0117se, u\u017ekertant keli\u0105 odos i&scaron;saus\u0117jimui.&nbsp; Vaisi\u0173 r\u016bg&scaron;tys mink&scaron;tina esamas nuospaudas ir padeda i&scaron;vengti nauj\u0173 susidarymo. Arbatmed\u017ei\u0173 &nbsp;ir rozmarino [&#8230;]\n","protected":false},"featured_media":82954,"template":"","meta":[],"product_cat":[1763],"product_tag":[],"class_list":{"0":"post-35358","1":"product","2":"type-product","3":"status-publish","4":"has-post-thumbnail","6":"product_brand-belgates_by-lt","7":"product_cat-koju-prieziuros-kosmetika","9":"first","10":"outofstock","11":"taxable","12":"shipping-taxable","13":"product-type-simple"},"_links":{"self":[{"href":"https:\/\/e.kosmolat.eu\/lt\/wp-json\/wp\/v2\/product\/35358","targetHints":{"allow":["GET"]}}],"collection":[{"href":"https:\/\/e.kosmolat.eu\/lt\/wp-json\/wp\/v2\/product"}],"about":[{"href":"https:\/\/e.kosmolat.eu\/lt\/wp-json\/wp\/v2\/types\/product"}],"wp:featuredmedia":[{"embeddable":true,"href":"https:\/\/e.kosmolat.eu\/lt\/wp-json\/wp\/v2\/media\/82954"}],"wp:attachment":[{"href":"https:\/\/e.kosmolat.eu\/lt\/wp-json\/wp\/v2\/media?parent=35358"}],"wp:term":[{"taxonomy":"product_cat","embeddable":true,"href":"https:\/\/e.kosmolat.eu\/lt\/wp-json\/wp\/v2\/product_cat?post=35358"},{"taxonomy":"product_tag","embeddable":true,"href":"https:\/\/e.kosmolat.eu\/lt\/wp-json\/wp\/v2\/product_tag?post=35358"}],"curies":[{"name":"wp","href":"https:\/\/api.w.org\/{rel}","templated":true}]}}