{"id":35310,"date":"2023-12-22T16:48:19","date_gmt":"2023-12-22T16:48:19","guid":{"rendered":"https:\/\/e.kosmolat.eu\/product\/ld-stem-cells-pilings-sejai-visam-sezonam-ar-auglskabem-75-g\/"},"modified":"2025-09-19T19:30:59","modified_gmt":"2025-09-19T19:30:59","slug":"ld-stem-cells-pilings-sejai-visam-sezonam-ar-auglskabem-75-g","status":"publish","type":"product","link":"https:\/\/e.kosmolat.eu\/lt\/produktas\/ld-stem-cells-pilings-sejai-visam-sezonam-ar-auglskabem-75-g\/","title":{"rendered":"LIV DELANO STEM CELLS Veido pilingas Visasezoninis su vaisin\u0117mis r\u016bg\u0161timis, 75 g"},"content":{"rendered":"<p>Pilingas, 5 r\u016b&scaron;i\u0173 r\u016bg&scaron;\u010di\u0173 pagrindu, sukurtas &scaron;velniai subrendusi\u0173 l\u0105steli\u0173 eksfoliacijai ir odos atjauninimui. D\u0117l unikalaus ingredient\u0173 derinio produktas suteikia &scaron;veln\u0173 valymo ir atjauninimo efekt\u0105. Aktyvioji formul\u0117 skatina kolageno ir elastino gamyb\u0105, padidina odos stangrum\u0105 ir elastingum\u0105, i&scaron;lygina veido ton\u0105, ma\u017eina ink&scaron;tirus ir siaurina poras. Reguliariai naudojant , oda tampa gaivi ir spindinti. Tinka vis\u0173 tip\u0173 odai naudoti bet kuriuo met\u0173 laiku. 5 r\u016bg&scaron;\u010di\u0173 kompleksas COBIO-&alpha;HA (glikolio r\u016bg&scaron;tis, vyno r\u016bg&scaron;tis, pieno r\u016bg&scaron;tis, obuoli\u0173 r\u016bg&scaron;tis, citrin\u0173 r\u016bg&scaron;tis) gerina odos kv\u0117pavimo ir regeneracijos procesus, spartina l\u0105steli\u0173 metabolizm\u0105, skatina pigmentini\u0173 d\u0117mi\u0173 pa&scaron;vies\u0117jim\u0105 ir rauk&scaron;li\u0173 ma\u017einim\u0105.<br \/>\nMossCellTec&ldquo; kompleksas (saman\u0173 kamienin\u0117s l\u0105stel\u0117s)&nbsp;<br \/>\nPalaiko l\u0105steli\u0173 branduoli\u0173 sveikat\u0105, kad u\u017etikrint\u0173 jaunatvi&scaron;k\u0105 od\u0105;<br \/>\n&nbsp;pagerina odos hidratacij\u0105;<br \/>\npagerina odos spalv\u0105 ir tekst\u016br\u0105;<br \/>\npadidina odos atsparum\u0105 miestieti&scaron;kiems neigiamiems veiksniams.<br \/>\n&nbsp;Ananas\u0173 ekstraktas padidina odos tonus\u0105, prisotina vitaminais, aktyvina l\u0105steli\u0173 atsinaujinimo proces\u0105. Naudojimas: tepkite piling\u0105 ant nuvalytos odos, vengdami viet\u0173 aplink akis ir l\u016bpas. Patekus \u012f akis, praskalaukite po tekan\u010diu &scaron;variu vandeniu.<br \/>\nPirm\u0105 kart\u0105 naudokite &nbsp;ne ilgiau kaip 5 minutes. V\u0117lesniam naudojimui prid\u0117kite minut\u0119, bet ne ilgiau kaip 12 minu\u010di\u0173. Po naudojimo kruop&scaron;\u010diai nuplaukite vandeniu. Norint pasiekti ry&scaron;k\u0173 efekt\u0105, b\u016btina atlikti proced\u016br\u0173 kurs\u0105 6-8 kartus su 5-7 dien\u0173 pertrauka tarp proced\u016br\u0173. D\u0116MESIO! Jei jau\u010diate deginimo poj\u016bt\u012f ir (arba) paraudim\u0105, gerai nuplaukite vandeniu. Nenaudoti ant pa\u017eeistos odos ir odos lig\u0173 pa\u016bm\u0117jimo metu. Nepalikite proceso be prie\u017ei\u016bros. B\u016btinai naudokite krem\u0105 su SPF.<br \/>\nNeto svoris: 75g Laikyti nuo 0C iki 25C temperat\u016broje. Tinkamumo laikas 30 m\u0117nesi\u0173.&nbsp;<\/p>\n","protected":false},"excerpt":{"rendered":"<p>Pilingas, 5 r\u016b&scaron;i\u0173 r\u016bg&scaron;\u010di\u0173 pagrindu, sukurtas &scaron;velniai subrendusi\u0173 l\u0105steli\u0173 eksfoliacijai ir odos atjauninimui. D\u0117l unikalaus ingredient\u0173 derinio produktas suteikia &scaron;veln\u0173 valymo ir atjauninimo efekt\u0105. Aktyvioji formul\u0117 skatina kolageno ir elastino gamyb\u0105, padidina odos stangrum\u0105 ir elastingum\u0105, i&scaron;lygina veido ton\u0105, ma\u017eina ink&scaron;tirus ir siaurina poras. Reguliariai naudojant , oda tampa gaivi ir spindinti. Tinka vis\u0173 tip\u0173 [&#8230;]\n","protected":false},"featured_media":82906,"template":"","meta":[],"product_cat":[1396],"product_tag":[],"class_list":{"0":"post-35310","1":"product","2":"type-product","3":"status-publish","4":"has-post-thumbnail","6":"product_brand-belgates_by-lt","7":"product_cat-veido-sveitikliai-ir-pilingai","9":"first","10":"outofstock","11":"taxable","12":"shipping-taxable","13":"product-type-simple"},"_links":{"self":[{"href":"https:\/\/e.kosmolat.eu\/lt\/wp-json\/wp\/v2\/product\/35310","targetHints":{"allow":["GET"]}}],"collection":[{"href":"https:\/\/e.kosmolat.eu\/lt\/wp-json\/wp\/v2\/product"}],"about":[{"href":"https:\/\/e.kosmolat.eu\/lt\/wp-json\/wp\/v2\/types\/product"}],"wp:featuredmedia":[{"embeddable":true,"href":"https:\/\/e.kosmolat.eu\/lt\/wp-json\/wp\/v2\/media\/82906"}],"wp:attachment":[{"href":"https:\/\/e.kosmolat.eu\/lt\/wp-json\/wp\/v2\/media?parent=35310"}],"wp:term":[{"taxonomy":"product_cat","embeddable":true,"href":"https:\/\/e.kosmolat.eu\/lt\/wp-json\/wp\/v2\/product_cat?post=35310"},{"taxonomy":"product_tag","embeddable":true,"href":"https:\/\/e.kosmolat.eu\/lt\/wp-json\/wp\/v2\/product_tag?post=35310"}],"curies":[{"name":"wp","href":"https:\/\/api.w.org\/{rel}","templated":true}]}}