{"id":35038,"date":"2023-12-22T16:31:23","date_gmt":"2023-12-22T16:31:23","guid":{"rendered":"https:\/\/e.kosmolat.eu\/product\/i_antibakterials-losjons-rokam-alveja-250-ml\/"},"modified":"2026-04-17T09:03:54","modified_gmt":"2026-04-17T09:03:54","slug":"i_antibakterials-losjons-rokam-alveja-250-ml","status":"publish","type":"product","link":"https:\/\/e.kosmolat.eu\/lt\/produktas\/i_antibakterials-losjons-rokam-alveja-250-ml\/","title":{"rendered":"I_Antibakterinis losjonas rankoms &#8220;Alavijas&#8221;, 250 ml"},"content":{"rendered":"<p>Turi b\u016bti kiekvienoje rankin\u0117je! Skirta valyti rank\u0173 od\u0105 nenaudojant vandens, servet\u0117li\u0173 ir muilo.\n<\/p>\n<p>&#8211; Atgaivina, mink\u0161tina ir dr\u0117kina rank\u0173 od\u0105. Izopropilo alkoholis &#8211; 68%.\n<\/p>\n<p>Naudojimo b\u016bdas: purk\u0161ti \u012f deln\u0105 ir paskirstyti, kol visi\u0161kai i\u0161d\u017eius. Atsargumo priemon\u0117s: Venkite kontakto su ugnimi. Laikymo s\u0105lygos: sandariai u\u017edarytuose induose, esan\u010diuose ne ne ar\u010diau kaip 1 m atstumu nuo \u0161ildymo prietais\u0173, esant 5\u201325 \u00b0 C temperat\u016brai.\n<\/p>\n<p><\/p>\n","protected":false},"excerpt":{"rendered":"<p>Turi b\u016bti kiekvienoje rankin\u0117je! Skirta valyti rank\u0173 od\u0105 nenaudojant vandens, servet\u0117li\u0173 ir muilo. &#8211; Atgaivina, mink\u0161tina ir dr\u0117kina rank\u0173 od\u0105. Izopropilo alkoholis &#8211; 68%. Naudojimo b\u016bdas: purk\u0161ti \u012f deln\u0105 ir paskirstyti, kol visi\u0161kai i\u0161d\u017eius. Atsargumo priemon\u0117s: Venkite kontakto su ugnimi. Laikymo s\u0105lygos: sandariai u\u017edarytuose induose, esan\u010diuose ne ne ar\u010diau kaip 1 m atstumu nuo \u0161ildymo [&#8230;]\n","protected":false},"featured_media":83654,"template":"","meta":[],"product_cat":[1754],"product_tag":[],"class_list":{"0":"post-35038","1":"product","2":"type-product","3":"status-publish","4":"has-post-thumbnail","6":"product_brand-sale-lt","7":"product_cat-dezinfekcijos-priemones","9":"first","10":"instock","11":"taxable","12":"shipping-taxable","13":"product-type-simple"},"_links":{"self":[{"href":"https:\/\/e.kosmolat.eu\/lt\/wp-json\/wp\/v2\/product\/35038","targetHints":{"allow":["GET"]}}],"collection":[{"href":"https:\/\/e.kosmolat.eu\/lt\/wp-json\/wp\/v2\/product"}],"about":[{"href":"https:\/\/e.kosmolat.eu\/lt\/wp-json\/wp\/v2\/types\/product"}],"wp:featuredmedia":[{"embeddable":true,"href":"https:\/\/e.kosmolat.eu\/lt\/wp-json\/wp\/v2\/media\/83654"}],"wp:attachment":[{"href":"https:\/\/e.kosmolat.eu\/lt\/wp-json\/wp\/v2\/media?parent=35038"}],"wp:term":[{"taxonomy":"product_cat","embeddable":true,"href":"https:\/\/e.kosmolat.eu\/lt\/wp-json\/wp\/v2\/product_cat?post=35038"},{"taxonomy":"product_tag","embeddable":true,"href":"https:\/\/e.kosmolat.eu\/lt\/wp-json\/wp\/v2\/product_tag?post=35038"}],"curies":[{"name":"wp","href":"https:\/\/api.w.org\/{rel}","templated":true}]}}