{"id":35034,"date":"2023-12-22T16:31:06","date_gmt":"2023-12-22T16:31:06","guid":{"rendered":"https:\/\/e.kosmolat.eu\/product\/artcolor-basma-indija-100-g-new\/"},"modified":"2025-09-19T19:04:18","modified_gmt":"2025-09-19T19:04:18","slug":"artcolor-basma-indija-100-g-new","status":"publish","type":"product","link":"https:\/\/e.kosmolat.eu\/lt\/produktas\/artcolor-basma-indija-100-g-new\/","title":{"rendered":"ARTCOLOR Basma indi\u0161ka, 100 g"},"content":{"rendered":"<p>Gilios spalvos \u017eavesys. Pur\u016bs plaukai be pleiskan\u0173. Stiprios plauk\u0173 \u0161aknys. D\u0117l unikali\u0173 savybi\u0173 ir galimyb\u0117s plaukams suteikti \u017evilgan\u010di\u0173 tamsi\u0173 atspalvi\u0173, auk\u0161\u010diausios kokyb\u0117s &bdquo;Indian Basma Artcolor&ldquo; turi ypating\u0105 paklaus\u0105. Indijos &bdquo;Basma Artcolor&ldquo; stimuliuoja augim\u0105 ir pagerina plauk\u0173 strukt\u016br\u0105, stiprina \u0161aknis ir pa\u0161alina pleiskanas, suteikiant plaukams gil\u0173 \u017evilges\u012f. Naudojimo b\u016bdas: da\u017eykite plaukus chna Artcolor pagal instrukcijas, nurodytas ant jos pakuot\u0117s. Tuo pa\u010diu b\u016bdu paruo\u0161kite basmos mas\u0119 ir kar\u0161ta tepkite ant plauk\u0173, tada \u0161ukuokite prie pakau\u0161io ir u\u017ed\u0117kite \u0161ildant\u012f dangtel\u012f. Spalva priklauso nuo plauk\u0173 strukt\u016bros, storio ir pradin\u0117s spalvos. Galutin\u0117 spalva i\u0161ry\u0161k\u0117ja po dienos, veikiama deguonies. Jei nepasiekiamas norimas plauk\u0173 atspalvis, tada reikia pakartoti da\u017eym\u0105 basma. Rekomenduojama: plauti plaukus naudokite muil\u0105 ir \u0161amp\u016bn\u0105 ne anks\u010diau kaip pra\u0117jus 3 dienoms po da\u017eymo. Gauta spalva priklauso nuo plauk\u0173 strukt\u016bros, storio ir pradin\u0117s spalvos.<\/p>\n","protected":false},"excerpt":{"rendered":"<p>Gilios spalvos \u017eavesys. Pur\u016bs plaukai be pleiskan\u0173. Stiprios plauk\u0173 \u0161aknys. D\u0117l unikali\u0173 savybi\u0173 ir galimyb\u0117s plaukams suteikti \u017evilgan\u010di\u0173 tamsi\u0173 atspalvi\u0173, auk\u0161\u010diausios kokyb\u0117s &bdquo;Indian Basma Artcolor&ldquo; turi ypating\u0105 paklaus\u0105. Indijos &bdquo;Basma Artcolor&ldquo; stimuliuoja augim\u0105 ir pagerina plauk\u0173 strukt\u016br\u0105, stiprina \u0161aknis ir pa\u0161alina pleiskanas, suteikiant plaukams gil\u0173 \u017evilges\u012f. Naudojimo b\u016bdas: da\u017eykite plaukus chna Artcolor pagal instrukcijas, nurodytas [&#8230;]\n","protected":false},"featured_media":82458,"template":"","meta":[],"product_cat":[1345],"product_tag":[],"class_list":{"0":"post-35034","1":"product","2":"type-product","3":"status-publish","4":"has-post-thumbnail","6":"product_brand-malina-akcija-lt","7":"product_cat-kitos-plauku-prieziuros-priemones","9":"first","10":"outofstock","11":"taxable","12":"shipping-taxable","13":"product-type-simple"},"_links":{"self":[{"href":"https:\/\/e.kosmolat.eu\/lt\/wp-json\/wp\/v2\/product\/35034","targetHints":{"allow":["GET"]}}],"collection":[{"href":"https:\/\/e.kosmolat.eu\/lt\/wp-json\/wp\/v2\/product"}],"about":[{"href":"https:\/\/e.kosmolat.eu\/lt\/wp-json\/wp\/v2\/types\/product"}],"wp:featuredmedia":[{"embeddable":true,"href":"https:\/\/e.kosmolat.eu\/lt\/wp-json\/wp\/v2\/media\/82458"}],"wp:attachment":[{"href":"https:\/\/e.kosmolat.eu\/lt\/wp-json\/wp\/v2\/media?parent=35034"}],"wp:term":[{"taxonomy":"product_cat","embeddable":true,"href":"https:\/\/e.kosmolat.eu\/lt\/wp-json\/wp\/v2\/product_cat?post=35034"},{"taxonomy":"product_tag","embeddable":true,"href":"https:\/\/e.kosmolat.eu\/lt\/wp-json\/wp\/v2\/product_tag?post=35034"}],"curies":[{"name":"wp","href":"https:\/\/api.w.org\/{rel}","templated":true}]}}