{"id":35030,"date":"2023-12-22T16:30:47","date_gmt":"2023-12-22T16:30:47","guid":{"rendered":"https:\/\/e.kosmolat.eu\/product\/cl-zeleja-skrubis-sejai-ikdienas-ideala-ada-80-ml\/"},"modified":"2025-09-19T19:04:05","modified_gmt":"2025-09-19T19:04:05","slug":"cl-zeleja-skrubis-sejai-ikdienas-ideala-ada-80-ml","status":"publish","type":"product","link":"https:\/\/e.kosmolat.eu\/lt\/produktas\/cl-zeleja-skrubis-sejai-ikdienas-ideala-ada-80-ml\/","title":{"rendered":"\u010cistaja Linija Gelis \u0161veitiklis veidui kasdieninis &#8220;Ideala ada&#8221;, 80 ml"},"content":{"rendered":"<p>Vis\u0173 tip\u0173 odai. Ekspress \u2013 formatas kasdienio odos valymo 2in1: gelis \u2013 \u0161velniai valo, apr\u016bpina od\u0105 tinkama prie\u017ei\u016bra. \u0160veitiklis- suteikia papildom\u0105 valant\u012f poveik\u012f, i\u0161lygina ir suteikia \u017evilges\u012f.<\/p>\n<h4> Naudojimo b\u016bdas:<\/h4>\n<p>nedidel\u012f priemon\u0117s kiek\u012f u\u017etepkite ant dr\u0117gnos veido odos, pamasa\u017euokite, tada nuplaukite vandeniu. N\u0117ra vaistinis preparatas.&nbsp;<\/p>\n","protected":false},"excerpt":{"rendered":"<p>Vis\u0173 tip\u0173 odai. Ekspress \u2013 formatas kasdienio odos valymo 2in1: gelis \u2013 \u0161velniai valo, apr\u016bpina od\u0105 tinkama prie\u017ei\u016bra. \u0160veitiklis- suteikia papildom\u0105 valant\u012f poveik\u012f, i\u0161lygina ir suteikia \u017evilges\u012f. Naudojimo b\u016bdas: nedidel\u012f priemon\u0117s kiek\u012f u\u017etepkite ant dr\u0117gnos veido odos, pamasa\u017euokite, tada nuplaukite vandeniu. N\u0117ra vaistinis preparatas.&nbsp;<\/p>\n","protected":false},"featured_media":82454,"template":"","meta":[],"product_cat":[1577],"product_tag":[],"class_list":{"0":"post-35030","1":"product","2":"type-product","3":"status-publish","4":"has-post-thumbnail","6":"product_brand-unilever-rus-lt","7":"product_cat-gelis","9":"first","10":"outofstock","11":"taxable","12":"shipping-taxable","13":"product-type-simple"},"_links":{"self":[{"href":"https:\/\/e.kosmolat.eu\/lt\/wp-json\/wp\/v2\/product\/35030","targetHints":{"allow":["GET"]}}],"collection":[{"href":"https:\/\/e.kosmolat.eu\/lt\/wp-json\/wp\/v2\/product"}],"about":[{"href":"https:\/\/e.kosmolat.eu\/lt\/wp-json\/wp\/v2\/types\/product"}],"wp:featuredmedia":[{"embeddable":true,"href":"https:\/\/e.kosmolat.eu\/lt\/wp-json\/wp\/v2\/media\/82454"}],"wp:attachment":[{"href":"https:\/\/e.kosmolat.eu\/lt\/wp-json\/wp\/v2\/media?parent=35030"}],"wp:term":[{"taxonomy":"product_cat","embeddable":true,"href":"https:\/\/e.kosmolat.eu\/lt\/wp-json\/wp\/v2\/product_cat?post=35030"},{"taxonomy":"product_tag","embeddable":true,"href":"https:\/\/e.kosmolat.eu\/lt\/wp-json\/wp\/v2\/product_tag?post=35030"}],"curies":[{"name":"wp","href":"https:\/\/api.w.org\/{rel}","templated":true}]}}