{"id":34974,"date":"2023-12-22T16:13:20","date_gmt":"2023-12-22T16:13:20","guid":{"rendered":"https:\/\/e.kosmolat.eu\/product\/christian-dubois-tualetes-udens-viriesiem-original-100-ml\/"},"modified":"2025-09-19T19:42:09","modified_gmt":"2025-09-19T19:42:09","slug":"christian-dubois-tualetes-udens-viriesiem-original-100-ml","status":"publish","type":"product","link":"https:\/\/e.kosmolat.eu\/lt\/produktas\/christian-dubois-tualetes-udens-viriesiem-original-100-ml\/","title":{"rendered":"DILIS Christian Dubois Original Tualetinis vanduo vyrams, 100 ml"},"content":{"rendered":"<p><strong>Pagrindin\u0117s natos<\/strong>: bergamot\u0117, apelsinas, citrina, mandarinas.<\/p>\n<p><strong>Vidurin\u0117s natos:<\/strong> kokosas, kedras, eukaliptas.<\/p>\n<p><strong>Pamatin\u0117s natos:<\/strong> gintaras, baltas muskusas.<\/p>\n<p>Laikyti nuo +5 &deg;C iki +25 &deg;C temperat\u016broje. Nelaikyti kvepal\u0173 esant tiesioginiam saul\u0117s spinduli\u0173 poveikiui ir &scaron;alia &scaron;ildymo prietais\u0173.<\/p>\n<p><strong>Atsargumo priemon\u0117s:<\/strong> Tik i&scaron;oriniam naudojimui. Vengti patekimo \u012f akis. Nepurk&scaron;kite &scaron;alia atviros liepsnos. &Scaron;io produkto naudojimas maistui yra pavojingas gyvybei ir sveikatai.<\/p>\n<p>Etilo alkoholio t\u016brin\u0117 dalis yra 80%.<br \/>\n&nbsp;<\/p>\n","protected":false},"excerpt":{"rendered":"<p>Pagrindin\u0117s natos: bergamot\u0117, apelsinas, citrina, mandarinas. Vidurin\u0117s natos: kokosas, kedras, eukaliptas. Pamatin\u0117s natos: gintaras, baltas muskusas. Laikyti nuo +5 &deg;C iki +25 &deg;C temperat\u016broje. Nelaikyti kvepal\u0173 esant tiesioginiam saul\u0117s spinduli\u0173 poveikiui ir &scaron;alia &scaron;ildymo prietais\u0173. Atsargumo priemon\u0117s: Tik i&scaron;oriniam naudojimui. Vengti patekimo \u012f akis. Nepurk&scaron;kite &scaron;alia atviros liepsnos. &Scaron;io produkto naudojimas maistui yra pavojingas gyvybei [&#8230;]\n","protected":false},"featured_media":83094,"template":"","meta":[],"product_cat":[1438],"product_tag":[],"class_list":{"0":"post-34974","1":"product","2":"type-product","3":"status-publish","4":"has-post-thumbnail","6":"product_brand-dilis-kosmetik_by-lt","7":"product_cat-kvepalai-ir-tualetinis-vanduo-vyrams","9":"first","10":"outofstock","11":"taxable","12":"shipping-taxable","13":"product-type-simple"},"_links":{"self":[{"href":"https:\/\/e.kosmolat.eu\/lt\/wp-json\/wp\/v2\/product\/34974","targetHints":{"allow":["GET"]}}],"collection":[{"href":"https:\/\/e.kosmolat.eu\/lt\/wp-json\/wp\/v2\/product"}],"about":[{"href":"https:\/\/e.kosmolat.eu\/lt\/wp-json\/wp\/v2\/types\/product"}],"wp:featuredmedia":[{"embeddable":true,"href":"https:\/\/e.kosmolat.eu\/lt\/wp-json\/wp\/v2\/media\/83094"}],"wp:attachment":[{"href":"https:\/\/e.kosmolat.eu\/lt\/wp-json\/wp\/v2\/media?parent=34974"}],"wp:term":[{"taxonomy":"product_cat","embeddable":true,"href":"https:\/\/e.kosmolat.eu\/lt\/wp-json\/wp\/v2\/product_cat?post=34974"},{"taxonomy":"product_tag","embeddable":true,"href":"https:\/\/e.kosmolat.eu\/lt\/wp-json\/wp\/v2\/product_tag?post=34974"}],"curies":[{"name":"wp","href":"https:\/\/api.w.org\/{rel}","templated":true}]}}