{"id":34966,"date":"2023-12-22T16:12:41","date_gmt":"2023-12-22T16:12:41","guid":{"rendered":"https:\/\/e.kosmolat.eu\/product\/christian-dubois-tualetes-udens-viriesiem-energy-100-ml\/"},"modified":"2025-09-19T19:41:42","modified_gmt":"2025-09-19T19:41:42","slug":"christian-dubois-tualetes-udens-viriesiem-energy-100-ml","status":"publish","type":"product","link":"https:\/\/e.kosmolat.eu\/lt\/produktas\/christian-dubois-tualetes-udens-viriesiem-energy-100-ml\/","title":{"rendered":"DILIS Christian Dubois Energy Tualetinis vanduo vyrams, 100 ml"},"content":{"rendered":"<p><strong>Kvap\u0173 &scaron;eima:<\/strong> med\u017eio fouger\u0117.<\/p>\n<p><strong>Pagrindin\u0117s natos:<\/strong> bergamot\u0117s, bazilikai, kardamonai, na&scaron;lai\u010di\u0173 lapai.<\/p>\n<p><strong>Vidurin\u0117s natos:<\/strong> gvajako mediena, levanda, \u017ealuma, j\u016br\u0173 akordai.<\/p>\n<p><strong>\u017demutin\u0117s natos: <\/strong>santalas, samanos, Kvapniosios tongapup\u0117s, ambra.<\/p>\n<p>Laikyti nuo +5 &deg;C iki +25 &deg;C temperat\u016broje. Nelaikyti kvepal\u0173 esant tiesioginiam saul\u0117s spinduli\u0173 poveikiui ir &scaron;alia &scaron;ildymo prietais\u0173.<\/p>\n<p><strong>Atsargumo priemon\u0117s: <\/strong>Tik i&scaron;oriniam naudojimui. Vengti patekimo \u012f akis. Nepurk&scaron;kite &scaron;alia atviros liepsnos. &Scaron;io produkto naudojimas maistui yra pavojingas gyvybei ir sveikatai.<\/p>\n<p>Etilo alkoholio t\u016brin\u0117 dalis yra 80%.<br \/>\n&nbsp;<\/p>\n","protected":false},"excerpt":{"rendered":"<p>Kvap\u0173 &scaron;eima: med\u017eio fouger\u0117. Pagrindin\u0117s natos: bergamot\u0117s, bazilikai, kardamonai, na&scaron;lai\u010di\u0173 lapai. Vidurin\u0117s natos: gvajako mediena, levanda, \u017ealuma, j\u016br\u0173 akordai. \u017demutin\u0117s natos: santalas, samanos, Kvapniosios tongapup\u0117s, ambra. Laikyti nuo +5 &deg;C iki +25 &deg;C temperat\u016broje. Nelaikyti kvepal\u0173 esant tiesioginiam saul\u0117s spinduli\u0173 poveikiui ir &scaron;alia &scaron;ildymo prietais\u0173. Atsargumo priemon\u0117s: Tik i&scaron;oriniam naudojimui. Vengti patekimo \u012f akis. Nepurk&scaron;kite [&#8230;]\n","protected":false},"featured_media":83086,"template":"","meta":[],"product_cat":[1438],"product_tag":[],"class_list":{"0":"post-34966","1":"product","2":"type-product","3":"status-publish","4":"has-post-thumbnail","6":"product_brand-dilis-kosmetik_by-lt","7":"product_cat-kvepalai-ir-tualetinis-vanduo-vyrams","9":"first","10":"outofstock","11":"taxable","12":"shipping-taxable","13":"product-type-simple"},"_links":{"self":[{"href":"https:\/\/e.kosmolat.eu\/lt\/wp-json\/wp\/v2\/product\/34966","targetHints":{"allow":["GET"]}}],"collection":[{"href":"https:\/\/e.kosmolat.eu\/lt\/wp-json\/wp\/v2\/product"}],"about":[{"href":"https:\/\/e.kosmolat.eu\/lt\/wp-json\/wp\/v2\/types\/product"}],"wp:featuredmedia":[{"embeddable":true,"href":"https:\/\/e.kosmolat.eu\/lt\/wp-json\/wp\/v2\/media\/83086"}],"wp:attachment":[{"href":"https:\/\/e.kosmolat.eu\/lt\/wp-json\/wp\/v2\/media?parent=34966"}],"wp:term":[{"taxonomy":"product_cat","embeddable":true,"href":"https:\/\/e.kosmolat.eu\/lt\/wp-json\/wp\/v2\/product_cat?post=34966"},{"taxonomy":"product_tag","embeddable":true,"href":"https:\/\/e.kosmolat.eu\/lt\/wp-json\/wp\/v2\/product_tag?post=34966"}],"curies":[{"name":"wp","href":"https:\/\/api.w.org\/{rel}","templated":true}]}}