{"id":34954,"date":"2023-12-22T16:11:46","date_gmt":"2023-12-22T16:11:46","guid":{"rendered":"https:\/\/e.kosmolat.eu\/product\/skropstu-tusa-apjomam-zila-maxi-color\/"},"modified":"2025-09-19T19:40:11","modified_gmt":"2025-09-19T19:40:11","slug":"skropstu-tusa-apjomam-zila-maxi-color","status":"publish","type":"product","link":"https:\/\/e.kosmolat.eu\/lt\/produktas\/skropstu-tusa-apjomam-zila-maxi-color\/","title":{"rendered":"BELOR DESIGN Blakstien\u0173 tu\u0161as Apimtis Maxi Color, m\u0117lyna, 12.3 g"},"content":{"rendered":"<\/p>\n","protected":false},"excerpt":{"rendered":"","protected":false},"featured_media":83058,"template":"","meta":[],"product_cat":[1382],"product_tag":[],"class_list":{"0":"post-34954","1":"product","2":"type-product","3":"status-publish","4":"has-post-thumbnail","6":"product_brand-belordizain_by-lt","7":"product_cat-tusai","9":"first","10":"outofstock","11":"taxable","12":"shipping-taxable","13":"product-type-simple"},"_links":{"self":[{"href":"https:\/\/e.kosmolat.eu\/lt\/wp-json\/wp\/v2\/product\/34954","targetHints":{"allow":["GET"]}}],"collection":[{"href":"https:\/\/e.kosmolat.eu\/lt\/wp-json\/wp\/v2\/product"}],"about":[{"href":"https:\/\/e.kosmolat.eu\/lt\/wp-json\/wp\/v2\/types\/product"}],"wp:featuredmedia":[{"embeddable":true,"href":"https:\/\/e.kosmolat.eu\/lt\/wp-json\/wp\/v2\/media\/83058"}],"wp:attachment":[{"href":"https:\/\/e.kosmolat.eu\/lt\/wp-json\/wp\/v2\/media?parent=34954"}],"wp:term":[{"taxonomy":"product_cat","embeddable":true,"href":"https:\/\/e.kosmolat.eu\/lt\/wp-json\/wp\/v2\/product_cat?post=34954"},{"taxonomy":"product_tag","embeddable":true,"href":"https:\/\/e.kosmolat.eu\/lt\/wp-json\/wp\/v2\/product_tag?post=34954"}],"curies":[{"name":"wp","href":"https:\/\/api.w.org\/{rel}","templated":true}]}}