{"id":34922,"date":"2023-12-22T16:10:20","date_gmt":"2023-12-22T16:10:20","guid":{"rendered":"https:\/\/e.kosmolat.eu\/product\/i_pe-zobu-pasta-bebrs-tjoma-3-6-gadi-50-ml\/"},"modified":"2026-04-15T13:21:22","modified_gmt":"2026-04-15T13:21:22","slug":"pe-zobu-pasta-bebrs-dzastins-3-6-gadi-50-ml","status":"publish","type":"product","link":"https:\/\/e.kosmolat.eu\/lt\/produktas\/pe-zobu-pasta-bebrs-dzastins-3-6-gadi-50-ml\/","title":{"rendered":"PINK ELEPHANT Dant\u0173 pasta &#8220;Bebras Justin&#8221; 3-6 mat\u0173, 50 ml"},"content":{"rendered":"<p>Vy&scaron;ni\u0173 skonio dant\u0173 pasta &scaron;velniai valo pieninius dantis, nepa\u017eeisdama plono emalio. Sud\u0117tyje yra skysto kalcio, kuris neleid\u017eia vystytis kariesui, ir alavijo sul\u010di\u0173. Vaikams nuo 3 iki 6 met\u0173.<\/p>\n<p><strong>Naudojimas:<\/strong> ant &scaron;epet\u0117lio i&scaron;spauskite nedidel\u012f \u017eirnio dyd\u017eio dant\u0173 pastos kiek\u012f ir i&scaron;sivalykite dantis. Vaikai iki 6 met\u0173 tur\u0117t\u0173 valytis dantis pri\u017ei\u016brimi suaugusi\u0173j\u0173.<\/p>\n","protected":false},"excerpt":{"rendered":"<p>Vy&scaron;ni\u0173 skonio dant\u0173 pasta &scaron;velniai valo pieninius dantis, nepa\u017eeisdama plono emalio. Sud\u0117tyje yra skysto kalcio, kuris neleid\u017eia vystytis kariesui, ir alavijo sul\u010di\u0173. Vaikams nuo 3 iki 6 met\u0173. Naudojimas: ant &scaron;epet\u0117lio i&scaron;spauskite nedidel\u012f \u017eirnio dyd\u017eio dant\u0173 pastos kiek\u012f ir i&scaron;sivalykite dantis. Vaikai iki 6 met\u0173 tur\u0117t\u0173 valytis dantis pri\u017ei\u016brimi suaugusi\u0173j\u0173.<\/p>\n","protected":false},"featured_media":78301,"template":"","meta":[],"product_cat":[1337],"product_tag":[],"class_list":{"0":"post-34922","1":"product","2":"type-product","3":"status-publish","4":"has-post-thumbnail","6":"product_brand-elfa_ua-lt","7":"product_cat-burnos-higiena","9":"first","10":"instock","11":"taxable","12":"shipping-taxable","13":"product-type-simple"},"_links":{"self":[{"href":"https:\/\/e.kosmolat.eu\/lt\/wp-json\/wp\/v2\/product\/34922","targetHints":{"allow":["GET"]}}],"collection":[{"href":"https:\/\/e.kosmolat.eu\/lt\/wp-json\/wp\/v2\/product"}],"about":[{"href":"https:\/\/e.kosmolat.eu\/lt\/wp-json\/wp\/v2\/types\/product"}],"wp:featuredmedia":[{"embeddable":true,"href":"https:\/\/e.kosmolat.eu\/lt\/wp-json\/wp\/v2\/media\/78301"}],"wp:attachment":[{"href":"https:\/\/e.kosmolat.eu\/lt\/wp-json\/wp\/v2\/media?parent=34922"}],"wp:term":[{"taxonomy":"product_cat","embeddable":true,"href":"https:\/\/e.kosmolat.eu\/lt\/wp-json\/wp\/v2\/product_cat?post=34922"},{"taxonomy":"product_tag","embeddable":true,"href":"https:\/\/e.kosmolat.eu\/lt\/wp-json\/wp\/v2\/product_tag?post=34922"}],"curies":[{"name":"wp","href":"https:\/\/api.w.org\/{rel}","templated":true}]}}