{"id":34890,"date":"2023-12-22T16:08:00","date_gmt":"2023-12-22T16:08:00","guid":{"rendered":"https:\/\/e.kosmolat.eu\/product\/lv-vaigu-sartums-silk-dream-1-tonis-5-g\/"},"modified":"2025-09-19T19:28:02","modified_gmt":"2025-09-19T19:28:02","slug":"lv-vaigu-sartums-silk-dream-1-tonis-5-g","status":"publish","type":"product","link":"https:\/\/e.kosmolat.eu\/lt\/produktas\/lv-vaigu-sartums-silk-dream-1-tonis-5-g\/","title":{"rendered":"LUXVISAGE Silk Dream Skaistalai,  01 tonas, 5 g"},"content":{"rendered":"<p>Naudojimas: \u0161epet\u0117liu u\u017etepkite reikiam\u0105 skaistal\u0173 kiek\u012f ant skruostikauli\u0173.<\/p>\n<p>Saugoti  nuo +10 \u00b0C iki +25 \u00b0C temperat\u016broje.<\/p>\n","protected":false},"excerpt":{"rendered":"<p>Naudojimas: \u0161epet\u0117liu u\u017etepkite reikiam\u0105 skaistal\u0173 kiek\u012f ant skruostikauli\u0173. Saugoti nuo +10 \u00b0C iki +25 \u00b0C temperat\u016broje.<\/p>\n","protected":false},"featured_media":82854,"template":"","meta":[],"product_cat":[1497],"product_tag":[],"class_list":{"0":"post-34890","1":"product","2":"type-product","3":"status-publish","4":"has-post-thumbnail","6":"product_brand-lux-visage_by-lt","7":"product_cat-skaistalai","9":"first","10":"outofstock","11":"taxable","12":"shipping-taxable","13":"product-type-simple"},"_links":{"self":[{"href":"https:\/\/e.kosmolat.eu\/lt\/wp-json\/wp\/v2\/product\/34890","targetHints":{"allow":["GET"]}}],"collection":[{"href":"https:\/\/e.kosmolat.eu\/lt\/wp-json\/wp\/v2\/product"}],"about":[{"href":"https:\/\/e.kosmolat.eu\/lt\/wp-json\/wp\/v2\/types\/product"}],"wp:featuredmedia":[{"embeddable":true,"href":"https:\/\/e.kosmolat.eu\/lt\/wp-json\/wp\/v2\/media\/82854"}],"wp:attachment":[{"href":"https:\/\/e.kosmolat.eu\/lt\/wp-json\/wp\/v2\/media?parent=34890"}],"wp:term":[{"taxonomy":"product_cat","embeddable":true,"href":"https:\/\/e.kosmolat.eu\/lt\/wp-json\/wp\/v2\/product_cat?post=34890"},{"taxonomy":"product_tag","embeddable":true,"href":"https:\/\/e.kosmolat.eu\/lt\/wp-json\/wp\/v2\/product_tag?post=34890"}],"curies":[{"name":"wp","href":"https:\/\/api.w.org\/{rel}","templated":true}]}}