{"id":34726,"date":"2023-12-22T15:55:24","date_gmt":"2023-12-22T15:55:24","guid":{"rendered":"https:\/\/e.kosmolat.eu\/product\/lv-pin-up-ultra-matte-207-tonis-lupu-zimulis\/"},"modified":"2025-09-19T20:00:29","modified_gmt":"2025-09-19T20:00:29","slug":"lv-pin-up-ultra-matte-207-tonis-lupu-zimulis-1-75-g","status":"publish","type":"product","link":"https:\/\/e.kosmolat.eu\/lt\/produktas\/lv-pin-up-ultra-matte-207-tonis-lupu-zimulis-1-75-g\/","title":{"rendered":"LUXVISAGE PIN UP ULTRA MATT L\u016bp\u0173 pie\u0161tukas, 207 tonas"},"content":{"rendered":"<\/p>\n","protected":false},"excerpt":{"rendered":"","protected":false},"featured_media":83474,"template":"","meta":[],"product_cat":[1287],"product_tag":[],"class_list":{"0":"post-34726","1":"product","2":"type-product","3":"status-publish","4":"has-post-thumbnail","6":"product_brand-lux-visage_by-lt","7":"product_cat-lupu-piestukai","9":"first","10":"outofstock","11":"taxable","12":"shipping-taxable","13":"product-type-simple"},"_links":{"self":[{"href":"https:\/\/e.kosmolat.eu\/lt\/wp-json\/wp\/v2\/product\/34726","targetHints":{"allow":["GET"]}}],"collection":[{"href":"https:\/\/e.kosmolat.eu\/lt\/wp-json\/wp\/v2\/product"}],"about":[{"href":"https:\/\/e.kosmolat.eu\/lt\/wp-json\/wp\/v2\/types\/product"}],"wp:featuredmedia":[{"embeddable":true,"href":"https:\/\/e.kosmolat.eu\/lt\/wp-json\/wp\/v2\/media\/83474"}],"wp:attachment":[{"href":"https:\/\/e.kosmolat.eu\/lt\/wp-json\/wp\/v2\/media?parent=34726"}],"wp:term":[{"taxonomy":"product_cat","embeddable":true,"href":"https:\/\/e.kosmolat.eu\/lt\/wp-json\/wp\/v2\/product_cat?post=34726"},{"taxonomy":"product_tag","embeddable":true,"href":"https:\/\/e.kosmolat.eu\/lt\/wp-json\/wp\/v2\/product_tag?post=34726"}],"curies":[{"name":"wp","href":"https:\/\/api.w.org\/{rel}","templated":true}]}}