{"id":34610,"date":"2023-12-22T15:45:26","date_gmt":"2023-12-22T15:45:26","guid":{"rendered":"https:\/\/e.kosmolat.eu\/product\/lb-mutes-dobuma-skalos-lidz-bernu-no-7-gadiem-250-ml\/"},"modified":"2025-09-19T18:02:20","modified_gmt":"2025-09-19T18:02:20","slug":"lb-mutes-dobuma-skalos-lidz-bernu-no-7-gadiem-250-ml","status":"publish","type":"product","link":"https:\/\/e.kosmolat.eu\/lt\/produktas\/lb-mutes-dobuma-skalos-lidz-bernu-no-7-gadiem-250-ml\/","title":{"rendered":"Lesnoj balzam Vaiki\u0161kas burnos skalavimo skystis nuo 7 met\u0173, 250 ml"},"content":{"rendered":"<p>Skirtas vaik\u0173 dant\u0173 emalio stiprinimui ir apsaugai nuo karieso. Dvigubas kalcis. Nat\u016bralus antibakterinis kompleksas i\u0161 magnolijos. Skalavimo skys\u010dio naudojimas po dant\u0173 valymo pagerina valymo kokyb\u0119. Naudojimo b\u016bdas: \u012fpilkite \u012f dangtel\u012f skys\u010dio. Gerai praskalaukite burnos ertm\u0119 30 sekund\u017ei\u0173. Naudoti po valgio, prie\u0161 ir po dant\u0173 valymo ne ma\u017eiau nei du kartus per dien\u0105. Fluoro mas\u0117s dalis  0,02%. Sud\u0117tyje natrio fluoridas. Nepraryti. N\u0117ra vaistin\u0117 priemon\u0117. Naudojimas ne atleid\u017eia nuo odontolog\u0173 apsilankymo. Galimas ne\u017eymi\u0173 nuos\u0117d\u0173 atsiradimas, d\u0117l sud\u0117tyje esam\u0173 nat\u016brali\u0173 komponent\u0173. Neturi \u012ftakos produkto kokybei.<\/p>\n","protected":false},"excerpt":{"rendered":"<p>Skirtas vaik\u0173 dant\u0173 emalio stiprinimui ir apsaugai nuo karieso. Dvigubas kalcis. Nat\u016bralus antibakterinis kompleksas i\u0161 magnolijos. Skalavimo skys\u010dio naudojimas po dant\u0173 valymo pagerina valymo kokyb\u0119. Naudojimo b\u016bdas: \u012fpilkite \u012f dangtel\u012f skys\u010dio. Gerai praskalaukite burnos ertm\u0119 30 sekund\u017ei\u0173. Naudoti po valgio, prie\u0161 ir po dant\u0173 valymo ne ma\u017eiau nei du kartus per dien\u0105. Fluoro mas\u0117s dalis [&#8230;]\n","protected":false},"featured_media":81382,"template":"","meta":[],"product_cat":[1313],"product_tag":[],"class_list":{"0":"post-34610","1":"product","2":"type-product","3":"status-publish","4":"has-post-thumbnail","6":"product_brand-unilever-rus-lt","7":"product_cat-burnos-skalavimo-priemones","9":"first","10":"outofstock","11":"taxable","12":"shipping-taxable","13":"product-type-simple"},"_links":{"self":[{"href":"https:\/\/e.kosmolat.eu\/lt\/wp-json\/wp\/v2\/product\/34610","targetHints":{"allow":["GET"]}}],"collection":[{"href":"https:\/\/e.kosmolat.eu\/lt\/wp-json\/wp\/v2\/product"}],"about":[{"href":"https:\/\/e.kosmolat.eu\/lt\/wp-json\/wp\/v2\/types\/product"}],"wp:featuredmedia":[{"embeddable":true,"href":"https:\/\/e.kosmolat.eu\/lt\/wp-json\/wp\/v2\/media\/81382"}],"wp:attachment":[{"href":"https:\/\/e.kosmolat.eu\/lt\/wp-json\/wp\/v2\/media?parent=34610"}],"wp:term":[{"taxonomy":"product_cat","embeddable":true,"href":"https:\/\/e.kosmolat.eu\/lt\/wp-json\/wp\/v2\/product_cat?post=34610"},{"taxonomy":"product_tag","embeddable":true,"href":"https:\/\/e.kosmolat.eu\/lt\/wp-json\/wp\/v2\/product_tag?post=34610"}],"curies":[{"name":"wp","href":"https:\/\/api.w.org\/{rel}","templated":true}]}}