{"id":34558,"date":"2023-12-22T15:30:42","date_gmt":"2023-12-22T15:30:42","guid":{"rendered":"https:\/\/e.kosmolat.eu\/product\/aquafruit-dusas-zeleja-energy-420-ml\/"},"modified":"2025-09-19T18:41:46","modified_gmt":"2025-09-19T18:41:46","slug":"aquafruit-dusas-zeleja-energy-420-ml","status":"publish","type":"product","link":"https:\/\/e.kosmolat.eu\/lt\/produktas\/aquafruit-dusas-zeleja-energy-420-ml\/","title":{"rendered":"Aquafruit Du\u0161o gelis Energy, 420 ml"},"content":{"rendered":"<p>Puikus aromatas sultingos aviet\u0117s momentaliai gaivina ir prisotina energija kiekvien\u0105 l\u0105stel\u0119. Aviet\u0117s sultis padovanos odai elastingum\u0105 ir stangrum\u0105. Naudojimo b\u016bdas:nedidel\u012f gelio kiek\u012f u\u017epilkite ant kempin\u0117s arba ant deln\u0173, sukelkite p\u016btas ir tolygiai paskirstykite ant k\u016bno odos, tada gerai nuplaukite \u0161iltu vandeniu. Tinka vis\u0173 tip\u0173 odai. Tinka kasdieniniam naudojimui.<\/p>\n","protected":false},"excerpt":{"rendered":"<p>Puikus aromatas sultingos aviet\u0117s momentaliai gaivina ir prisotina energija kiekvien\u0105 l\u0105stel\u0119. Aviet\u0117s sultis padovanos odai elastingum\u0105 ir stangrum\u0105. Naudojimo b\u016bdas:nedidel\u012f gelio kiek\u012f u\u017epilkite ant kempin\u0117s arba ant deln\u0173, sukelkite p\u016btas ir tolygiai paskirstykite ant k\u016bno odos, tada gerai nuplaukite \u0161iltu vandeniu. Tinka vis\u0173 tip\u0173 odai. Tinka kasdieniniam naudojimui.<\/p>\n","protected":false},"featured_media":82038,"template":"","meta":[],"product_cat":[1282],"product_tag":[],"class_list":{"0":"post-34558","1":"product","2":"type-product","3":"status-publish","4":"has-post-thumbnail","6":"product_brand-vecie-kodi-lt","7":"product_cat-duso-geliai-ir-duso-aliejai","9":"first","10":"outofstock","11":"taxable","12":"shipping-taxable","13":"product-type-simple"},"_links":{"self":[{"href":"https:\/\/e.kosmolat.eu\/lt\/wp-json\/wp\/v2\/product\/34558","targetHints":{"allow":["GET"]}}],"collection":[{"href":"https:\/\/e.kosmolat.eu\/lt\/wp-json\/wp\/v2\/product"}],"about":[{"href":"https:\/\/e.kosmolat.eu\/lt\/wp-json\/wp\/v2\/types\/product"}],"wp:featuredmedia":[{"embeddable":true,"href":"https:\/\/e.kosmolat.eu\/lt\/wp-json\/wp\/v2\/media\/82038"}],"wp:attachment":[{"href":"https:\/\/e.kosmolat.eu\/lt\/wp-json\/wp\/v2\/media?parent=34558"}],"wp:term":[{"taxonomy":"product_cat","embeddable":true,"href":"https:\/\/e.kosmolat.eu\/lt\/wp-json\/wp\/v2\/product_cat?post=34558"},{"taxonomy":"product_tag","embeddable":true,"href":"https:\/\/e.kosmolat.eu\/lt\/wp-json\/wp\/v2\/product_tag?post=34558"}],"curies":[{"name":"wp","href":"https:\/\/api.w.org\/{rel}","templated":true}]}}