{"id":34554,"date":"2023-12-22T15:30:11","date_gmt":"2023-12-22T15:30:11","guid":{"rendered":"https:\/\/e.kosmolat.eu\/product\/aquafruit-duss-zeleja-active-420-ml\/"},"modified":"2025-09-19T18:41:32","modified_gmt":"2025-09-19T18:41:32","slug":"aquafruit-duss-zeleja-active-420-ml","status":"publish","type":"product","link":"https:\/\/e.kosmolat.eu\/lt\/produktas\/aquafruit-duss-zeleja-active-420-ml\/","title":{"rendered":"AQUAFRUIT Du\u0161o gelis Active, 420 ml"},"content":{"rendered":"<p>Citrinos ir apelsino aliejai padidina stangrum\u0105 ir stimuliuoja odos regeneracij\u0105. Mink\u0161tina ir dr\u0117kina od\u0105, prisotina vitaminais A, B ir C. Vitaminas C, kuris yra stiprus antioksidantas , apsaugo nuo neigiamo aplinkos poveikio . Naudojimo b\u016bdas:nedidel\u012f gelio kiek\u012f u\u017epilkite ant kempin\u0117s arba ant deln\u0173, sukelkite p\u016btas ir tolygiai paskirstykite ant k\u016bno odos, tada gerai nuplaukite \u0161iltu vandeniu. Tinka vis\u0173 tip\u0173 odai. Tinka kasdieniniam naudojimui.<\/p>\n","protected":false},"excerpt":{"rendered":"<p>Citrinos ir apelsino aliejai padidina stangrum\u0105 ir stimuliuoja odos regeneracij\u0105. Mink\u0161tina ir dr\u0117kina od\u0105, prisotina vitaminais A, B ir C. Vitaminas C, kuris yra stiprus antioksidantas , apsaugo nuo neigiamo aplinkos poveikio . Naudojimo b\u016bdas:nedidel\u012f gelio kiek\u012f u\u017epilkite ant kempin\u0117s arba ant deln\u0173, sukelkite p\u016btas ir tolygiai paskirstykite ant k\u016bno odos, tada gerai nuplaukite \u0161iltu [&#8230;]\n","protected":false},"featured_media":82034,"template":"","meta":[],"product_cat":[1282],"product_tag":[],"class_list":{"0":"post-34554","1":"product","2":"type-product","3":"status-publish","4":"has-post-thumbnail","6":"product_brand-vecie-kodi-lt","7":"product_cat-duso-geliai-ir-duso-aliejai","9":"first","10":"outofstock","11":"taxable","12":"shipping-taxable","13":"product-type-simple"},"_links":{"self":[{"href":"https:\/\/e.kosmolat.eu\/lt\/wp-json\/wp\/v2\/product\/34554","targetHints":{"allow":["GET"]}}],"collection":[{"href":"https:\/\/e.kosmolat.eu\/lt\/wp-json\/wp\/v2\/product"}],"about":[{"href":"https:\/\/e.kosmolat.eu\/lt\/wp-json\/wp\/v2\/types\/product"}],"wp:featuredmedia":[{"embeddable":true,"href":"https:\/\/e.kosmolat.eu\/lt\/wp-json\/wp\/v2\/media\/82034"}],"wp:attachment":[{"href":"https:\/\/e.kosmolat.eu\/lt\/wp-json\/wp\/v2\/media?parent=34554"}],"wp:term":[{"taxonomy":"product_cat","embeddable":true,"href":"https:\/\/e.kosmolat.eu\/lt\/wp-json\/wp\/v2\/product_cat?post=34554"},{"taxonomy":"product_tag","embeddable":true,"href":"https:\/\/e.kosmolat.eu\/lt\/wp-json\/wp\/v2\/product_tag?post=34554"}],"curies":[{"name":"wp","href":"https:\/\/api.w.org\/{rel}","templated":true}]}}