{"id":34550,"date":"2023-12-22T15:29:42","date_gmt":"2023-12-22T15:29:42","guid":{"rendered":"https:\/\/e.kosmolat.eu\/product\/skinlite-rose-gold-foil-folija-sejas-maska\/"},"modified":"2025-09-19T18:40:59","modified_gmt":"2025-09-19T18:40:59","slug":"i_skinlite-rose-gold-foil-folija-sejas-maska","status":"publish","type":"product","link":"https:\/\/e.kosmolat.eu\/lt\/produktas\/i_skinlite-rose-gold-foil-folija-sejas-maska\/","title":{"rendered":"I_SKINLITE Folin\u0117 veido kauk\u0117 Ro\u017einis auksas, 1 vnt"},"content":{"rendered":"<p>Folin\u0117 veido kauk\u0117 Ro\u017einis auksas &nbsp;yra prabangi SPA proced\u016bra namuose, kuri pagerins j\u016bs\u0173 od\u0105 per kelias minutes! Itin efektyvi lak&scaron;tin\u0117 kauk\u0117 folijos pagrindu giliai maitina, mink&scaron;tina ir dr\u0117kina od\u0105, turi ry&scaron;k\u0173 jauninam\u0105j\u012f poveik\u012f &ndash; stiprina, stangrina, lygina rauk&scaron;les, saugo nuo neigiamo aplinkos poveikio, gerina veido spalv\u0105 ir daro od\u0105 elastingesne stangresne ir &scaron;vytin\u010dia. Dviguba kauk\u0117s tekst\u016bra suteikia apsaugin\u012f barjer\u0105 sulaint\u012f &nbsp;dr\u0117gm\u0119, ir &scaron;ilum\u0105, sukuria SPA efekt\u0105, d\u0117l to veikliosios med\u017eiagos prasiskverbia \u012f gilius dermos sluoksnius, turi kompleksin\u012f poveik\u012f, prisotindamos &nbsp;l\u0105steles dr\u0117gme ir vertingomis med\u017eiagomis.ir elementais. Ledo gryb\u0173 ekstraktas dr\u0117kina od\u0105, pasi\u017eymi jauninamuoju, vanden\u012f sulaikan\u010diu, antioksidaciniu ir antikuperoziniu poveikiu. Fermentuotas soj\u0173 pupeli\u0173 ekstraktas pasi\u017eymi jauninamuoju ir ry&scaron;kiu liftingo efektu. Sojoje esantis izoflavonas lengvai prasiskverbia giliai \u012f odos sluoksnius, blokuoja fermentus, ma\u017einan\u010dius kolageno gamyb\u0105, aktyviai skatina nuosavo kolageno gamyb\u0105, &scaron;viesina am\u017eiaus d\u0117mes ir saugo nuo UV spinduli\u0173. Laukini\u0173 jav\u0173 &scaron;akn\u0173 ekstraktas gerina odos elastingum\u0105 ir stiprum\u0105, saugo nuo streso, teigiamai veikia od\u0105, linkusi\u0105 \u012f spuogus ir ink&scaron;tirus. Opuncij\u0173 ekstraktas &ndash; stiprus antioksidantas, pasi\u017eymi jauninamuoju, fotoapsauginiu, dr\u0117kinamuoju, mink&scaron;tinamuoju, &scaron;vei\u010diamuoju poveikiu. Hamamelio ekstraktas pasi\u017eymi ry&scaron;kiomis baktericidin\u0117mis savyb\u0117mis, aktyviai kovoja su b\u0117rimais, reguliuoja riebal\u0173 sekrecij\u0105, sutraukia poras ir gerina veido odos tonus\u0105.<\/p>\n<p><strong>Naudojimas:<\/strong> atidarykite pakuot\u0119 ir i&scaron;imkite kauk\u0119. &Scaron;velniai prid\u0117kite j\u0105 audinio puse prie anks\u010diau nuvalyto veido ir pir&scaron;t\u0173 galiukais paskirstykite, palikite 15-20 minu\u010di\u0173. Tada nuimkite kauk\u0119, o likusi\u0105 dal\u012f &scaron;velniai plakite glostymo judesiais arba atlikite lengv\u0105 masa\u017e\u0105. Neplaukite. Naudokite kauk\u0119 2-3 kartus per savait\u0119.<\/p>\n<p><strong>Atsargumo priemon\u0117s: <\/strong>1. Nenaudoti ant pa\u017eeistos, sudirgusios ar saul\u0117je nudegusios odos. 2. Nenaudokite, jei yra jautrumas bet kuriai sudedamajai daliai. Jei oda parausta arba sudirgsta, nutraukite naudojim\u0105 ir kreipkit\u0117s \u012f gydytoj\u0105. 3. Venkite patekimo \u012f akis. Patekus \u012f akis, praplauti vandeniu. 4. Laikyti vaikams nepasiekiamoje vietoje nuo 0&deg;C iki +25&deg;C temperat\u016broje. Tik i&scaron;oriniam naudojimui.&nbsp;<br \/>\n&nbsp;<\/p>\n","protected":false},"excerpt":{"rendered":"<p>Folin\u0117 veido kauk\u0117 Ro\u017einis auksas &nbsp;yra prabangi SPA proced\u016bra namuose, kuri pagerins j\u016bs\u0173 od\u0105 per kelias minutes! Itin efektyvi lak&scaron;tin\u0117 kauk\u0117 folijos pagrindu giliai maitina, mink&scaron;tina ir dr\u0117kina od\u0105, turi ry&scaron;k\u0173 jauninam\u0105j\u012f poveik\u012f &ndash; stiprina, stangrina, lygina rauk&scaron;les, saugo nuo neigiamo aplinkos poveikio, gerina veido spalv\u0105 ir daro od\u0105 elastingesne stangresne ir &scaron;vytin\u010dia. Dviguba kauk\u0117s [&#8230;]\n","protected":false},"featured_media":82026,"template":"","meta":[],"product_cat":[1369],"product_tag":[],"class_list":{"0":"post-34550","1":"product","2":"type-product","3":"status-publish","4":"has-post-thumbnail","6":"product_brand-skinlite-lt","7":"product_cat-veido-kaukes","9":"first","10":"outofstock","11":"taxable","12":"shipping-taxable","13":"product-type-simple"},"_links":{"self":[{"href":"https:\/\/e.kosmolat.eu\/lt\/wp-json\/wp\/v2\/product\/34550","targetHints":{"allow":["GET"]}}],"collection":[{"href":"https:\/\/e.kosmolat.eu\/lt\/wp-json\/wp\/v2\/product"}],"about":[{"href":"https:\/\/e.kosmolat.eu\/lt\/wp-json\/wp\/v2\/types\/product"}],"wp:featuredmedia":[{"embeddable":true,"href":"https:\/\/e.kosmolat.eu\/lt\/wp-json\/wp\/v2\/media\/82026"}],"wp:attachment":[{"href":"https:\/\/e.kosmolat.eu\/lt\/wp-json\/wp\/v2\/media?parent=34550"}],"wp:term":[{"taxonomy":"product_cat","embeddable":true,"href":"https:\/\/e.kosmolat.eu\/lt\/wp-json\/wp\/v2\/product_cat?post=34550"},{"taxonomy":"product_tag","embeddable":true,"href":"https:\/\/e.kosmolat.eu\/lt\/wp-json\/wp\/v2\/product_tag?post=34550"}],"curies":[{"name":"wp","href":"https:\/\/api.w.org\/{rel}","templated":true}]}}