{"id":34542,"date":"2023-12-22T15:29:12","date_gmt":"2023-12-22T15:29:12","guid":{"rendered":"https:\/\/e.kosmolat.eu\/product\/skinlitenakts-maska-intensivs-liftings\/"},"modified":"2025-09-19T18:40:39","modified_gmt":"2025-09-19T18:40:39","slug":"skinlitenakts-maska-intensivs-liftings","status":"publish","type":"product","link":"https:\/\/e.kosmolat.eu\/lt\/produktas\/skinlitenakts-maska-intensivs-liftings\/","title":{"rendered":"SKINLITE Naktin\u0117 kauk\u0117 Intensyvus stangrinimas, 20 ml"},"content":{"rendered":"<p>Kauk\u0117s formul\u0117 specialiai sukurta naudoti nakt\u012f, kai oda imliausia atsinaujinimui ir atstatymui. Naktin\u0117 kauk\u0117 atkuria odos elastingum\u0105, turi stangrinimo efekt\u0105, &nbsp;maitina ir dr\u0117kina. Oda transformuojasi per nakt\u012f, aktyviai atsinaujina d\u0117l maistini\u0173 med\u017eiag\u0173 koncentracijos. Sen\u0117jim\u0105 stabdantys komponentai aktyvina odos atsinaujinimo mechanizmus, padidina odos tonus\u0105, tod\u0117l ji tampa elastingesn\u0117 ir tolygesn\u0117. Sraigi\u0173 sekreto filtratas pagreitina atsinaujinimo procesus, jaunina, suteikia spindesio. Augal\u0173 ekstrakt\u0173 kompleksas (baltojo gluosnio \u017eiev\u0117, cinamonas, raudon\u0117li\u0173 lapai, kipariso lapai, portulakos, Peruvini\u0173 pipirni\u0173 &scaron;aknys ir Baikalin\u0117s kalpok\u0117s) ramina, ma\u017eina paraudim\u0105, dr\u0117kina, gerina l\u0105steli\u0173 med\u017eiag\u0173 apykait\u0105, didina apsaugines odos funkcijas. Vario-1 tripeptidas yra viena i&scaron; efektyviausi\u0173 priemoni\u0173 kovojant su odos sen\u0117jimu. Jis pasi\u017eymi ry&scaron;kiomis \u017eaizd\u0173 gijimo, regeneruojan\u010diomis, jauninan\u010diomis ir apsaugin\u0117mis savyb\u0117mis. U\u017etepus kauk\u0119 dermos matricos gelm\u0117se prasideda aktyvi kolageno sintez\u0117 ir suteikiamas stiprus antioksidacinis poveikis, atkuriamos pa\u017eeistos odos l\u0105stel\u0117s ir fibroblastai. Naktin\u0117 kauk\u0117 &bdquo;Intensive lifting&ldquo; &ndash; nepamainomas sprendimas intensyviam odos atnaujinimui ir maitinimui. Kauk\u0117 nak\u010diai &bdquo;pa&scaron;alins&ldquo; visus nuovargio p\u0117dsakus ir per dien\u0105 susikaup\u0119s stresas. Ryte j\u016bs\u0173 veidas bus gaivus, tonizuotas ir gerai pri\u017ei\u016brimas.<\/p>\n<p><strong>Naudojimas:<\/strong> vakare u\u017etepkite kauk\u0119 ant nuvalytos veido ir kaklo odos, vengdami odos aplink akis, &scaron;velniai masa\u017euokite. Ryte nuplaukite veid\u0105 ir patepkite odos prie\u017ei\u016bros priemon\u0117mis.<\/p>\n<p><strong>Atsargumo priemon\u0117s:<\/strong> Netepkite ant pa\u017eeistos ar sudirgusios odos. Nenaudokite produkto, jei yra padid\u0117j\u0119s jautrumas bet kuriai sudedamajai daliai. Jei oda parausta arba sudirgsta, nutraukite naudojim\u0105 ir kreipkit\u0117s \u012f gydytoj\u0105. Vengti patekimo \u012f akis, patekus \u012f akis, praskalauti vandeniu. Laikyti vaikams nepasiekiamoje vietoje nuo 0 &deg;C iki 25 &deg;C temperat\u016broje. 5. Tik i&scaron;oriniam naudojimui.&nbsp;<br \/>\n&nbsp;<\/p>\n","protected":false},"excerpt":{"rendered":"<p>Kauk\u0117s formul\u0117 specialiai sukurta naudoti nakt\u012f, kai oda imliausia atsinaujinimui ir atstatymui. Naktin\u0117 kauk\u0117 atkuria odos elastingum\u0105, turi stangrinimo efekt\u0105, &nbsp;maitina ir dr\u0117kina. Oda transformuojasi per nakt\u012f, aktyviai atsinaujina d\u0117l maistini\u0173 med\u017eiag\u0173 koncentracijos. Sen\u0117jim\u0105 stabdantys komponentai aktyvina odos atsinaujinimo mechanizmus, padidina odos tonus\u0105, tod\u0117l ji tampa elastingesn\u0117 ir tolygesn\u0117. Sraigi\u0173 sekreto filtratas pagreitina atsinaujinimo procesus, [&#8230;]\n","protected":false},"featured_media":82022,"template":"","meta":[],"product_cat":[1369],"product_tag":[],"class_list":{"0":"post-34542","1":"product","2":"type-product","3":"status-publish","4":"has-post-thumbnail","6":"product_brand-skinlite-lt","7":"product_cat-veido-kaukes","9":"first","10":"outofstock","11":"taxable","12":"shipping-taxable","13":"product-type-simple"},"_links":{"self":[{"href":"https:\/\/e.kosmolat.eu\/lt\/wp-json\/wp\/v2\/product\/34542","targetHints":{"allow":["GET"]}}],"collection":[{"href":"https:\/\/e.kosmolat.eu\/lt\/wp-json\/wp\/v2\/product"}],"about":[{"href":"https:\/\/e.kosmolat.eu\/lt\/wp-json\/wp\/v2\/types\/product"}],"wp:featuredmedia":[{"embeddable":true,"href":"https:\/\/e.kosmolat.eu\/lt\/wp-json\/wp\/v2\/media\/82022"}],"wp:attachment":[{"href":"https:\/\/e.kosmolat.eu\/lt\/wp-json\/wp\/v2\/media?parent=34542"}],"wp:term":[{"taxonomy":"product_cat","embeddable":true,"href":"https:\/\/e.kosmolat.eu\/lt\/wp-json\/wp\/v2\/product_cat?post=34542"},{"taxonomy":"product_tag","embeddable":true,"href":"https:\/\/e.kosmolat.eu\/lt\/wp-json\/wp\/v2\/product_tag?post=34542"}],"curies":[{"name":"wp","href":"https:\/\/api.w.org\/{rel}","templated":true}]}}