{"id":34534,"date":"2023-12-22T15:28:40","date_gmt":"2023-12-22T15:28:40","guid":{"rendered":"https:\/\/e.kosmolat.eu\/product\/skinlite-nakts-maska-intensiva-atjaunosana\/"},"modified":"2026-03-31T20:00:21","modified_gmt":"2026-03-31T20:00:21","slug":"skinlite-nakts-maska-intensiva-atjaunosana","status":"publish","type":"product","link":"https:\/\/e.kosmolat.eu\/lt\/produktas\/skinlite-nakts-maska-intensiva-atjaunosana\/","title":{"rendered":"SKINLITE Naktin\u0117 kauk\u0117 Intensive Recovery, 1 vnt"},"content":{"rendered":"<p>Kauk\u0117s formul\u0117 specialiai sukurta naudoti nakties metu, kai oda yra imliausia atsinaujinimui ir atstatymui. <\/p>\n<p>Naktin\u0117 kauk\u0117 naikina nelygumus, i&scaron;lygina odos tekst\u016br\u0105, maitina ir dr\u0117kina epidermio sluoksn\u012f. D\u0117l dr\u0117kinimo ir maistini\u0173 med\u017eiag\u0173 koncentracijos oda per nakt\u012f transformuojama, aktyviai atnaujinama ir atkuriama. <\/p>\n<p>Itin koncentruotas dr\u0117kinamasis kompleksas, susidedantis i&scaron; trij\u0173 r\u016b&scaron;i\u0173 hialurono r\u016bg&scaron;ties, normalizuoja hidrolipid\u0173 balans\u0105 ir i&scaron;lygina odos tekst\u016br\u0105, normalizuoja med\u017eiag\u0173 apykaitos procesus, puikiai atkuria netekusi\u0105 dr\u0117gm\u0117s ir i&scaron;saus\u0117jusi\u0105 od\u0105. Augalini\u0173 ekstrakt\u0173 kompleksas (levand\u0173, rozmarin\u0173, raudon\u0117li\u0173, \u010diobreli\u0173, any\u017ei\u0173 ir salikornij\u0173) ramina, ma\u017eina pleiskanojim\u0105, dr\u0117kina, i&scaron;lygina tonus\u0105 ir gerina odos apsaugines funkcijas.Giliavandeni\u0173 j\u016bros dumbli\u0173 Caulerpa (Caulerpa lentillifera) ekstraktas yra tikras vitamin\u0173, mineral\u0173 ir baltym\u0173 lobynas, turi detoksikuojan\u010di\u0173 savybi\u0173, neutralizuoja odos atonij\u0105 (suglebim\u0105), aktyvina med\u017eiag\u0173 apykaitos procesus l\u0105stel\u0117se, padeda palaikyti tonus\u0105 ir didinti jos elastingum\u0105. <\/p>\n<p>&bdquo;Intensive Recovery&ldquo; naktin\u0117 kauk\u0117 yra nepakei\u010diamas sprendimas intensyviam odos dr\u0117kinimui ir maitinimui. Kauk\u0117 &bdquo;i&scaron;trins&ldquo; visus dienos nuovargio ir streso p\u0117dsakus per nakt\u012f. Ryte veidas spind\u0117s gaivumu, atrodys tonizuotas ir pri\u017ei\u016br\u0117tas. <\/p>\n<p>Naudojimas: vakare u\u017etepkite kauk\u0119 ant &scaron;varios veido ir kaklo odos. Venkite aki\u0173 srities. &Scaron;velniai \u012fmasa\u017euokite. Ryte nuplaukite veid\u0105 kaip \u012fprasta ir pasir\u016bpinkite tolesne prie\u017ei\u016bra. <\/p>\n<p>Atsargumo priemon\u0117s: 1. Nenaudoti ant pa\u017eeistos, sudirgusios odos. 2. Nenaudokite produkto, jei esate jautrus vienam i&scaron; komponent\u0173. Jei ant odos atsiranda paraudimas ar sudirginimas, nutraukite naudojim\u0105 ir kreipkit\u0117s \u012f gydytoj\u0105. 3. Vengti patekimo \u012f akis, patekus \u012f akis, nuplauti vandeniu. 4. Laikyti vaikams nepasiekiamoje vietoje ir nuo 0 iki 25C temperat\u016broje. 5. Tik i&scaron;oriniam naudojimui. Nenuryti! <\/p>\n","protected":false},"excerpt":{"rendered":"<p>Kauk\u0117s formul\u0117 specialiai sukurta naudoti nakties metu, kai oda yra imliausia atsinaujinimui ir atstatymui. Naktin\u0117 kauk\u0117 naikina nelygumus, i&scaron;lygina odos tekst\u016br\u0105, maitina ir dr\u0117kina epidermio sluoksn\u012f. D\u0117l dr\u0117kinimo ir maistini\u0173 med\u017eiag\u0173 koncentracijos oda per nakt\u012f transformuojama, aktyviai atnaujinama ir atkuriama. Itin koncentruotas dr\u0117kinamasis kompleksas, susidedantis i&scaron; trij\u0173 r\u016b&scaron;i\u0173 hialurono r\u016bg&scaron;ties, normalizuoja hidrolipid\u0173 balans\u0105 ir i&scaron;lygina [&#8230;]\n","protected":false},"featured_media":82018,"template":"","meta":[],"product_cat":[1369],"product_tag":[],"class_list":{"0":"post-34534","1":"product","2":"type-product","3":"status-publish","4":"has-post-thumbnail","6":"product_brand-skinlite-lt","7":"product_cat-veido-kaukes","9":"first","10":"outofstock","11":"taxable","12":"shipping-taxable","13":"product-type-simple"},"_links":{"self":[{"href":"https:\/\/e.kosmolat.eu\/lt\/wp-json\/wp\/v2\/product\/34534","targetHints":{"allow":["GET"]}}],"collection":[{"href":"https:\/\/e.kosmolat.eu\/lt\/wp-json\/wp\/v2\/product"}],"about":[{"href":"https:\/\/e.kosmolat.eu\/lt\/wp-json\/wp\/v2\/types\/product"}],"wp:featuredmedia":[{"embeddable":true,"href":"https:\/\/e.kosmolat.eu\/lt\/wp-json\/wp\/v2\/media\/82018"}],"wp:attachment":[{"href":"https:\/\/e.kosmolat.eu\/lt\/wp-json\/wp\/v2\/media?parent=34534"}],"wp:term":[{"taxonomy":"product_cat","embeddable":true,"href":"https:\/\/e.kosmolat.eu\/lt\/wp-json\/wp\/v2\/product_cat?post=34534"},{"taxonomy":"product_tag","embeddable":true,"href":"https:\/\/e.kosmolat.eu\/lt\/wp-json\/wp\/v2\/product_tag?post=34534"}],"curies":[{"name":"wp","href":"https:\/\/api.w.org\/{rel}","templated":true}]}}