{"id":34510,"date":"2023-12-22T15:26:27","date_gmt":"2023-12-22T15:26:27","guid":{"rendered":"https:\/\/e.kosmolat.eu\/product\/shelley-sauss-sampuns-volume-200-ml\/"},"modified":"2026-04-22T14:07:29","modified_gmt":"2026-04-22T14:07:29","slug":"shelley-sauss-sampuns-volume-200-ml","status":"publish","type":"product","link":"https:\/\/e.kosmolat.eu\/lt\/produktas\/shelley-sauss-sampuns-volume-200-ml\/","title":{"rendered":"SHELLEY Sausas \u0161amp\u016bnass Volume, 200 ml"},"content":{"rendered":"<p>SHELLEY &scaron;amp\u016bnas sugeria aliej\u0173 i&scaron; plauk\u0173, suteikia plaukams apimties plaukus tampa lengva i&scaron;&scaron;ukuoti.<\/p>\n<p><strong>Naudojimas:<\/strong><br \/>\nTik 3 paprasti \u017eingsniai:<br \/>\n1: prie&scaron; naudojim\u0105 suplakite buteliuk\u0105. Buteliuk\u0105 laikykite 30 cm atstumu nuo saus\u0173 plauk\u0173, padalinkite plaukus ir tolygiai pur&scaron;kite.<br \/>\n2: Pir&scaron;t\u0173 galiukais gerai \u012fmasa\u017euokite &scaron;aknis.<br \/>\n3: I&scaron;&scaron;ukuokite plaukus, kad pa&scaron;alintum\u0117te pertekli\u0173, tada formuokite plaukus.<\/p>\n<p><strong>Pavojinga:<\/strong> Ypa\u010d degus aerozolis. Sl\u0117gin\u0117 talpykla. Kaitinama gali sprogti. Laikyti vaikams neprieinamoje vietoje. Laikyti atokiau nuo &scaron;ilumos &scaron;altini\u0173, kar&scaron;t\u0173 pavir&scaron;i\u0173, \u017eie\u017eirb\u0173, atviros liepsnos arba kit\u0173 degimo &scaron;altini\u0173. Ner\u016bkyti. Nepradurti ir nedeginti net panaudoto. Saugoti nuo saul\u0117s &scaron;viesos. Nelaikyti auk&scaron;tesn\u0117je kaip 50 &ordm;C\/122 &ordm;F temperat\u016broje.<\/p>\n","protected":false},"excerpt":{"rendered":"<p>SHELLEY &scaron;amp\u016bnas sugeria aliej\u0173 i&scaron; plauk\u0173, suteikia plaukams apimties plaukus tampa lengva i&scaron;&scaron;ukuoti. Naudojimas: Tik 3 paprasti \u017eingsniai: 1: prie&scaron; naudojim\u0105 suplakite buteliuk\u0105. Buteliuk\u0105 laikykite 30 cm atstumu nuo saus\u0173 plauk\u0173, padalinkite plaukus ir tolygiai pur&scaron;kite. 2: Pir&scaron;t\u0173 galiukais gerai \u012fmasa\u017euokite &scaron;aknis. 3: I&scaron;&scaron;ukuokite plaukus, kad pa&scaron;alintum\u0117te pertekli\u0173, tada formuokite plaukus. Pavojinga: Ypa\u010d degus aerozolis. [&#8230;]\n","protected":false},"featured_media":81994,"template":"","meta":[],"product_cat":[2181],"product_tag":[],"class_list":{"0":"post-34510","1":"product","2":"type-product","3":"status-publish","4":"has-post-thumbnail","6":"product_brand-statestrong_gb-lt","7":"product_cat-bez-kategorijas-lt","9":"first","10":"outofstock","11":"taxable","12":"shipping-taxable","13":"product-type-simple"},"_links":{"self":[{"href":"https:\/\/e.kosmolat.eu\/lt\/wp-json\/wp\/v2\/product\/34510","targetHints":{"allow":["GET"]}}],"collection":[{"href":"https:\/\/e.kosmolat.eu\/lt\/wp-json\/wp\/v2\/product"}],"about":[{"href":"https:\/\/e.kosmolat.eu\/lt\/wp-json\/wp\/v2\/types\/product"}],"wp:featuredmedia":[{"embeddable":true,"href":"https:\/\/e.kosmolat.eu\/lt\/wp-json\/wp\/v2\/media\/81994"}],"wp:attachment":[{"href":"https:\/\/e.kosmolat.eu\/lt\/wp-json\/wp\/v2\/media?parent=34510"}],"wp:term":[{"taxonomy":"product_cat","embeddable":true,"href":"https:\/\/e.kosmolat.eu\/lt\/wp-json\/wp\/v2\/product_cat?post=34510"},{"taxonomy":"product_tag","embeddable":true,"href":"https:\/\/e.kosmolat.eu\/lt\/wp-json\/wp\/v2\/product_tag?post=34510"}],"curies":[{"name":"wp","href":"https:\/\/api.w.org\/{rel}","templated":true}]}}