{"id":34494,"date":"2023-12-22T15:25:19","date_gmt":"2023-12-22T15:25:19","guid":{"rendered":"https:\/\/e.kosmolat.eu\/product\/silver-dent-zobu-birste-smile-kid\/"},"modified":"2025-09-19T18:37:23","modified_gmt":"2025-09-19T18:37:23","slug":"silver-dent-zobu-birste-smile-kid","status":"publish","type":"product","link":"https:\/\/e.kosmolat.eu\/lt\/produktas\/silver-dent-zobu-birste-smile-kid\/","title":{"rendered":"&#8220;Silver Dent&#8221; Vaiki\u0161kas dant\u0173 \u0161epetukas &#8220;Smmile Kids&#8221;"},"content":{"rendered":"<p>Super mink\u0161ti \u0161ereliai \u0161velniai ir efektyviai valo vaik\u0173 dantis, masa\u017euoja dantenas. Plati neslystanti rankena patogi ma\u017eai vaik\u0173 rankai. Su \u0161ituo \u0161epetuku lengvai mokinti vaik\u0105 valyti dantis. Odontologai ir higienistai rekomenduoja keisti dant\u0173 \u0161epetuk\u0105 kart\u0105 per tris m\u0117nesius. Prie\u0161 pirm\u0105 naudojim\u0105 praplauti \u0161epetuk\u0105 \u0161iltu vandeniu. Naudojimo metu saugoti \u0161epetuk\u0105 vertikalioje pad\u0117tyje \u0161ereliais \u012f vir\u0161\u0173.<br \/>\n&nbsp;<\/p>\n","protected":false},"excerpt":{"rendered":"<p>Super mink\u0161ti \u0161ereliai \u0161velniai ir efektyviai valo vaik\u0173 dantis, masa\u017euoja dantenas. Plati neslystanti rankena patogi ma\u017eai vaik\u0173 rankai. Su \u0161ituo \u0161epetuku lengvai mokinti vaik\u0105 valyti dantis. Odontologai ir higienistai rekomenduoja keisti dant\u0173 \u0161epetuk\u0105 kart\u0105 per tris m\u0117nesius. Prie\u0161 pirm\u0105 naudojim\u0105 praplauti \u0161epetuk\u0105 \u0161iltu vandeniu. Naudojimo metu saugoti \u0161epetuk\u0105 vertikalioje pad\u0117tyje \u0161ereliais \u012f vir\u0161\u0173. &nbsp;<\/p>\n","protected":false},"featured_media":81974,"template":"","meta":[],"product_cat":[1337],"product_tag":[],"class_list":{"0":"post-34494","1":"product","2":"type-product","3":"status-publish","4":"has-post-thumbnail","6":"product_brand-modum_by-lt","7":"product_cat-burnos-higiena","9":"first","10":"outofstock","11":"taxable","12":"shipping-taxable","13":"product-type-simple"},"_links":{"self":[{"href":"https:\/\/e.kosmolat.eu\/lt\/wp-json\/wp\/v2\/product\/34494","targetHints":{"allow":["GET"]}}],"collection":[{"href":"https:\/\/e.kosmolat.eu\/lt\/wp-json\/wp\/v2\/product"}],"about":[{"href":"https:\/\/e.kosmolat.eu\/lt\/wp-json\/wp\/v2\/types\/product"}],"wp:featuredmedia":[{"embeddable":true,"href":"https:\/\/e.kosmolat.eu\/lt\/wp-json\/wp\/v2\/media\/81974"}],"wp:attachment":[{"href":"https:\/\/e.kosmolat.eu\/lt\/wp-json\/wp\/v2\/media?parent=34494"}],"wp:term":[{"taxonomy":"product_cat","embeddable":true,"href":"https:\/\/e.kosmolat.eu\/lt\/wp-json\/wp\/v2\/product_cat?post=34494"},{"taxonomy":"product_tag","embeddable":true,"href":"https:\/\/e.kosmolat.eu\/lt\/wp-json\/wp\/v2\/product_tag?post=34494"}],"curies":[{"name":"wp","href":"https:\/\/api.w.org\/{rel}","templated":true}]}}