{"id":34474,"date":"2023-12-22T15:23:48","date_gmt":"2023-12-22T15:23:48","guid":{"rendered":"https:\/\/e.kosmolat.eu\/product\/32-perles-zobu-birste-bernu-ant\/"},"modified":"2025-09-19T18:36:48","modified_gmt":"2025-09-19T18:36:48","slug":"32-perles-zobu-birste-bernu-ant","status":"publish","type":"product","link":"https:\/\/e.kosmolat.eu\/lt\/produktas\/32-perles-zobu-birste-bernu-ant\/","title":{"rendered":"&#8220;32 \u017eem\u010diu\u017einy&#8221; Vaiki\u0161ka dant\u0173 valymo \u0161epet\u0117lis &#8220;Ant&#8221;"},"content":{"rendered":"<p>Super mink\u0161ti \u0161ereliai atsargiai ir efektyviai i\u0161valo vaik\u0173 dantis, \u0161velniai masa\u017euoja dantenas. Plati neslystanti rankena patogi vaiki\u0161kai ma\u017eai rankai. Su \u0161iuo \u0161epetuku patogu mokinti vaik\u0105 valyti dantis. Stomotologai ir hiegienistai rekomenduoja keisti dant\u0173 \u0161epetuk\u0105 kart\u0105 per tris m\u0117nesius. Prad\u0117jus naudoti \u0161epetuk\u0105 laikyti vertikalioj pad\u0117ty \u0161ereliais \u012f vir\u0161\u0173. Prie\u0161 naudojim\u0105 nauj\u0105 \u0161epetuk\u0105 i\u0161plauti su \u0161iltu vandeniu.<\/p>\n","protected":false},"excerpt":{"rendered":"<p>Super mink\u0161ti \u0161ereliai atsargiai ir efektyviai i\u0161valo vaik\u0173 dantis, \u0161velniai masa\u017euoja dantenas. Plati neslystanti rankena patogi vaiki\u0161kai ma\u017eai rankai. Su \u0161iuo \u0161epetuku patogu mokinti vaik\u0105 valyti dantis. Stomotologai ir hiegienistai rekomenduoja keisti dant\u0173 \u0161epetuk\u0105 kart\u0105 per tris m\u0117nesius. Prad\u0117jus naudoti \u0161epetuk\u0105 laikyti vertikalioj pad\u0117ty \u0161ereliais \u012f vir\u0161\u0173. Prie\u0161 naudojim\u0105 nauj\u0105 \u0161epetuk\u0105 i\u0161plauti su \u0161iltu vandeniu.<\/p>\n","protected":false},"featured_media":81962,"template":"","meta":[],"product_cat":[1337],"product_tag":[],"class_list":{"0":"post-34474","1":"product","2":"type-product","3":"status-publish","4":"has-post-thumbnail","6":"product_brand-modum_by-lt","7":"product_cat-burnos-higiena","9":"first","10":"outofstock","11":"taxable","12":"shipping-taxable","13":"product-type-simple"},"_links":{"self":[{"href":"https:\/\/e.kosmolat.eu\/lt\/wp-json\/wp\/v2\/product\/34474","targetHints":{"allow":["GET"]}}],"collection":[{"href":"https:\/\/e.kosmolat.eu\/lt\/wp-json\/wp\/v2\/product"}],"about":[{"href":"https:\/\/e.kosmolat.eu\/lt\/wp-json\/wp\/v2\/types\/product"}],"wp:featuredmedia":[{"embeddable":true,"href":"https:\/\/e.kosmolat.eu\/lt\/wp-json\/wp\/v2\/media\/81962"}],"wp:attachment":[{"href":"https:\/\/e.kosmolat.eu\/lt\/wp-json\/wp\/v2\/media?parent=34474"}],"wp:term":[{"taxonomy":"product_cat","embeddable":true,"href":"https:\/\/e.kosmolat.eu\/lt\/wp-json\/wp\/v2\/product_cat?post=34474"},{"taxonomy":"product_tag","embeddable":true,"href":"https:\/\/e.kosmolat.eu\/lt\/wp-json\/wp\/v2\/product_tag?post=34474"}],"curies":[{"name":"wp","href":"https:\/\/api.w.org\/{rel}","templated":true}]}}