{"id":34454,"date":"2023-12-22T15:22:53","date_gmt":"2023-12-22T15:22:53","guid":{"rendered":"https:\/\/e.kosmolat.eu\/product\/sculpting-trio-komplekts-sejas-skulpturesanai-tonis-002\/"},"modified":"2025-09-19T18:36:13","modified_gmt":"2025-09-19T18:36:13","slug":"sculpting-trio-komplekts-sejas-skulpturesanai-tonis-002","status":"publish","type":"product","link":"https:\/\/e.kosmolat.eu\/lt\/produktas\/sculpting-trio-komplekts-sejas-skulpturesanai-tonis-002\/","title":{"rendered":"BELOR DESIGN Sculpting Trio Komplektas veido makia\u017eui, tonis 02"},"content":{"rendered":"<p>Sculpting Trio veido formavimo palet\u0117 vizualiai koreguoja veido bruo\u017eus, suteikia \u012fvaizd\u017eiui gylio ir kontrasto.<\/p>\n<p>1 \u017eingsnis &#8211; skulptorius<br \/>\nTepkite formuojam\u0105 pudr\u0105 i\u0161ilgai skruost\u0173 \u012fdubim\u0173, i\u0161ilgai apatinio smakro kont\u016bro ir i\u0161ilgai kaktos perimetro i\u0161ilgai plauk\u0173 linijos. Kruop\u0161\u010diai i\u0161mai\u0161ykite.<\/p>\n<p>2 \u017eingsnis &ndash; skaistalai<br \/>\nU\u017etepkite skaistalus ant skruost\u0173 obuoli\u0173, kad j\u0173 i\u0161vaizda b\u016bt\u0173 sveika ir gaivi.<\/p>\n<p>3 \u017eingsni\u0173 &ndash; highlighteris<br \/>\nPary\u0161kintuku tepkite i\u0161siki\u0161usias veido dalis: vir\u0161utin\u0119 skruostikauli\u0173 linij\u0105, kaktos centr\u0105, nosies u\u017epakalin\u0119 dal\u012f, vir\u0161utin\u0119 l\u016bp\u0173 varnel\u0119.<br \/>\nSukurkite tobulus veido bruo\u017eus 3 \u017eingsniais!<br \/>\n&nbsp;<\/p>\n","protected":false},"excerpt":{"rendered":"<p>Sculpting Trio veido formavimo palet\u0117 vizualiai koreguoja veido bruo\u017eus, suteikia \u012fvaizd\u017eiui gylio ir kontrasto. 1 \u017eingsnis &#8211; skulptorius Tepkite formuojam\u0105 pudr\u0105 i\u0161ilgai skruost\u0173 \u012fdubim\u0173, i\u0161ilgai apatinio smakro kont\u016bro ir i\u0161ilgai kaktos perimetro i\u0161ilgai plauk\u0173 linijos. Kruop\u0161\u010diai i\u0161mai\u0161ykite. 2 \u017eingsnis &ndash; skaistalai U\u017etepkite skaistalus ant skruost\u0173 obuoli\u0173, kad j\u0173 i\u0161vaizda b\u016bt\u0173 sveika ir gaivi. 3 \u017eingsni\u0173 [&#8230;]\n","protected":false},"featured_media":81950,"template":"","meta":[],"product_cat":[1291],"product_tag":[],"class_list":{"0":"post-34454","1":"product","2":"type-product","3":"status-publish","4":"has-post-thumbnail","6":"product_brand-belordizain_by-lt","7":"product_cat-makiazo-pagrindas","9":"first","10":"outofstock","11":"taxable","12":"shipping-taxable","13":"product-type-simple"},"_links":{"self":[{"href":"https:\/\/e.kosmolat.eu\/lt\/wp-json\/wp\/v2\/product\/34454","targetHints":{"allow":["GET"]}}],"collection":[{"href":"https:\/\/e.kosmolat.eu\/lt\/wp-json\/wp\/v2\/product"}],"about":[{"href":"https:\/\/e.kosmolat.eu\/lt\/wp-json\/wp\/v2\/types\/product"}],"wp:featuredmedia":[{"embeddable":true,"href":"https:\/\/e.kosmolat.eu\/lt\/wp-json\/wp\/v2\/media\/81950"}],"wp:attachment":[{"href":"https:\/\/e.kosmolat.eu\/lt\/wp-json\/wp\/v2\/media?parent=34454"}],"wp:term":[{"taxonomy":"product_cat","embeddable":true,"href":"https:\/\/e.kosmolat.eu\/lt\/wp-json\/wp\/v2\/product_cat?post=34454"},{"taxonomy":"product_tag","embeddable":true,"href":"https:\/\/e.kosmolat.eu\/lt\/wp-json\/wp\/v2\/product_tag?post=34454"}],"curies":[{"name":"wp","href":"https:\/\/api.w.org\/{rel}","templated":true}]}}