{"id":34378,"date":"2023-12-22T15:18:22","date_gmt":"2023-12-22T15:18:22","guid":{"rendered":"https:\/\/e.kosmolat.eu\/product\/shik-nectar-skidras-ziepes-olivu-460-ml\/"},"modified":"2026-04-08T09:30:53","modified_gmt":"2026-04-08T09:30:53","slug":"shik-nectar-skidras-ziepes-olivu-doy-pack460-g","status":"publish","type":"product","link":"https:\/\/e.kosmolat.eu\/lt\/produktas\/shik-nectar-skidras-ziepes-olivu-doy-pack460-g\/","title":{"rendered":"SHIK Nectar Skystas muilas Alyvuogi\u0173, 460 g"},"content":{"rendered":"<p>Naudojimas: U\u017epilti ant dr\u0117gnos odos, \u012fmasa\u017euoti, nuplauti vandeniu.<\/p>\n<p>Atsargumo priemon\u0117s: Patekus \u012f akis, nedelsiant gausiai nuplauti vandeniu. Laikyti vaikams nepasiekiamoje vietoje.<\/p>\n","protected":false},"excerpt":{"rendered":"<p>Naudojimas: U\u017epilti ant dr\u0117gnos odos, \u012fmasa\u017euoti, nuplauti vandeniu. Atsargumo priemon\u0117s: Patekus \u012f akis, nedelsiant gausiai nuplauti vandeniu. Laikyti vaikams nepasiekiamoje vietoje.<\/p>\n","protected":false},"featured_media":81858,"template":"","meta":[],"product_cat":[2181],"product_tag":[],"class_list":{"0":"post-34378","1":"product","2":"type-product","3":"status-publish","4":"has-post-thumbnail","6":"product_brand-slobozanskij-milovar_ua-lt","7":"product_cat-bez-kategorijas-lt","9":"first","10":"outofstock","11":"taxable","12":"shipping-taxable","13":"product-type-simple"},"_links":{"self":[{"href":"https:\/\/e.kosmolat.eu\/lt\/wp-json\/wp\/v2\/product\/34378","targetHints":{"allow":["GET"]}}],"collection":[{"href":"https:\/\/e.kosmolat.eu\/lt\/wp-json\/wp\/v2\/product"}],"about":[{"href":"https:\/\/e.kosmolat.eu\/lt\/wp-json\/wp\/v2\/types\/product"}],"wp:featuredmedia":[{"embeddable":true,"href":"https:\/\/e.kosmolat.eu\/lt\/wp-json\/wp\/v2\/media\/81858"}],"wp:attachment":[{"href":"https:\/\/e.kosmolat.eu\/lt\/wp-json\/wp\/v2\/media?parent=34378"}],"wp:term":[{"taxonomy":"product_cat","embeddable":true,"href":"https:\/\/e.kosmolat.eu\/lt\/wp-json\/wp\/v2\/product_cat?post=34378"},{"taxonomy":"product_tag","embeddable":true,"href":"https:\/\/e.kosmolat.eu\/lt\/wp-json\/wp\/v2\/product_tag?post=34378"}],"curies":[{"name":"wp","href":"https:\/\/api.w.org\/{rel}","templated":true}]}}