{"id":34366,"date":"2023-12-22T15:17:24","date_gmt":"2023-12-22T15:17:24","guid":{"rendered":"https:\/\/e.kosmolat.eu\/product\/shik-nectar-skidras-kremziepes-licija-un-pitaija-460-ml\/"},"modified":"2025-09-19T18:30:26","modified_gmt":"2025-09-19T18:30:26","slug":"shik-nectar-skidras-kremziepes-licija-un-pitaija-doy-pack460-g","status":"publish","type":"product","link":"https:\/\/e.kosmolat.eu\/lt\/produktas\/shik-nectar-skidras-kremziepes-licija-un-pitaija-doy-pack460-g\/","title":{"rendered":"SHIK Nectar Skystas muilas Li\u010diai ir kertuo\u010dai, doy-pack, 460 g"},"content":{"rendered":"<p>Naudojimas: reikiam\u0105 kiek\u012f priemon\u0117s tepkite ant dr\u0117gnos rank\u0173 ar k\u016bno odos; suputoti ir nuplauti vandeniu. Jei reikia, pakartokite proced\u016br\u0105.<\/p>\n<p>Atsargumo priemon\u0117s: patekus \u012f akis, gerai jas praplauti tekan\u010diu vandeniu.  <\/p>\n<p>Laikymo s\u0105lygos: nuo +5\u00b0C iki +25\u00b0C, toliau nuo saul\u0117s spinduli\u0173 \u0161altini\u0173.<\/p>\n","protected":false},"excerpt":{"rendered":"<p>Naudojimas: reikiam\u0105 kiek\u012f priemon\u0117s tepkite ant dr\u0117gnos rank\u0173 ar k\u016bno odos; suputoti ir nuplauti vandeniu. Jei reikia, pakartokite proced\u016br\u0105. Atsargumo priemon\u0117s: patekus \u012f akis, gerai jas praplauti tekan\u010diu vandeniu. Laikymo s\u0105lygos: nuo +5\u00b0C iki +25\u00b0C, toliau nuo saul\u0117s spinduli\u0173 \u0161altini\u0173.<\/p>\n","protected":false},"featured_media":81850,"template":"","meta":[],"product_cat":[1748],"product_tag":[],"class_list":{"0":"post-34366","1":"product","2":"type-product","3":"status-publish","4":"has-post-thumbnail","6":"product_brand-slobozanskij-milovar_ua-lt","7":"product_cat-skystas-muilas","9":"first","10":"outofstock","11":"taxable","12":"shipping-taxable","13":"product-type-simple"},"_links":{"self":[{"href":"https:\/\/e.kosmolat.eu\/lt\/wp-json\/wp\/v2\/product\/34366","targetHints":{"allow":["GET"]}}],"collection":[{"href":"https:\/\/e.kosmolat.eu\/lt\/wp-json\/wp\/v2\/product"}],"about":[{"href":"https:\/\/e.kosmolat.eu\/lt\/wp-json\/wp\/v2\/types\/product"}],"wp:featuredmedia":[{"embeddable":true,"href":"https:\/\/e.kosmolat.eu\/lt\/wp-json\/wp\/v2\/media\/81850"}],"wp:attachment":[{"href":"https:\/\/e.kosmolat.eu\/lt\/wp-json\/wp\/v2\/media?parent=34366"}],"wp:term":[{"taxonomy":"product_cat","embeddable":true,"href":"https:\/\/e.kosmolat.eu\/lt\/wp-json\/wp\/v2\/product_cat?post=34366"},{"taxonomy":"product_tag","embeddable":true,"href":"https:\/\/e.kosmolat.eu\/lt\/wp-json\/wp\/v2\/product_tag?post=34366"}],"curies":[{"name":"wp","href":"https:\/\/api.w.org\/{rel}","templated":true}]}}