{"id":34354,"date":"2023-12-22T15:16:24","date_gmt":"2023-12-22T15:16:24","guid":{"rendered":"https:\/\/e.kosmolat.eu\/product\/lv-metal-hype-01-tonis-skidras-acu-enas\/"},"modified":"2026-03-31T20:08:52","modified_gmt":"2026-03-31T20:08:52","slug":"lv-metal-hype-01-tonis-skidras-acu-enas-15-5-g","status":"publish","type":"product","link":"https:\/\/e.kosmolat.eu\/lt\/produktas\/lv-metal-hype-01-tonis-skidras-acu-enas-15-5-g\/","title":{"rendered":"LUXVISAGE METAL HYPE Skysti aki\u0173 \u0161e\u0161\u0117liai 01 tonas, 15.5 g"},"content":{"rendered":"<\/p>\n","protected":false},"excerpt":{"rendered":"","protected":false},"featured_media":82222,"template":"","meta":[],"product_cat":[1295],"product_tag":[],"class_list":{"0":"post-34354","1":"product","2":"type-product","3":"status-publish","4":"has-post-thumbnail","6":"product_brand-lux-visage_by-lt","7":"product_cat-akiu-seseliai","9":"first","10":"outofstock","11":"taxable","12":"shipping-taxable","13":"product-type-simple"},"_links":{"self":[{"href":"https:\/\/e.kosmolat.eu\/lt\/wp-json\/wp\/v2\/product\/34354","targetHints":{"allow":["GET"]}}],"collection":[{"href":"https:\/\/e.kosmolat.eu\/lt\/wp-json\/wp\/v2\/product"}],"about":[{"href":"https:\/\/e.kosmolat.eu\/lt\/wp-json\/wp\/v2\/types\/product"}],"wp:featuredmedia":[{"embeddable":true,"href":"https:\/\/e.kosmolat.eu\/lt\/wp-json\/wp\/v2\/media\/82222"}],"wp:attachment":[{"href":"https:\/\/e.kosmolat.eu\/lt\/wp-json\/wp\/v2\/media?parent=34354"}],"wp:term":[{"taxonomy":"product_cat","embeddable":true,"href":"https:\/\/e.kosmolat.eu\/lt\/wp-json\/wp\/v2\/product_cat?post=34354"},{"taxonomy":"product_tag","embeddable":true,"href":"https:\/\/e.kosmolat.eu\/lt\/wp-json\/wp\/v2\/product_tag?post=34354"}],"curies":[{"name":"wp","href":"https:\/\/api.w.org\/{rel}","templated":true}]}}