{"id":34274,"date":"2023-12-22T15:09:36","date_gmt":"2023-12-22T15:09:36","guid":{"rendered":"https:\/\/e.kosmolat.eu\/product\/lv-lupu-krasa-03-tonis-4-g\/"},"modified":"2025-09-19T18:56:40","modified_gmt":"2025-09-19T18:56:40","slug":"lv-lupu-krasa-03-tonis-4-g","status":"publish","type":"product","link":"https:\/\/e.kosmolat.eu\/lt\/produktas\/lv-lupu-krasa-03-tonis-4-g\/","title":{"rendered":"LUXVISAGE L\u016bpda\u017eis, 03 tonas, 4 g"},"content":{"rendered":"<p>L\u016bp\u0173 da\u017euose yra perlamutrini\u0173 blizgu\u010di\u0173 ir \u017evilgan\u010di\u0173 blizgu\u010di\u0173, kurie sukuria t\u016brini\u0173 l\u016bp\u0173 optin\u012f efekt\u0105 ir suteikia joms akinamo &scaron;vyt\u0117jimo.<\/p>\n<p>Kelias valandas nepraranda spalvos sodrumo, maitina ir dr\u0117kina l\u016bpas.<\/p>\n<p>Intensyv\u016bs perlamutriniai atspalviai su auk&scaron;tu spalv\u0173 perteikimo lygiu.<\/p>\n<p>D\u0117mesio! Pavaizduotos spalvos gali &nbsp;&scaron;iek tiek skirtis nuo tikrosios gaminio spalvos.<br \/>\n&nbsp;<\/p>\n","protected":false},"excerpt":{"rendered":"<p>L\u016bp\u0173 da\u017euose yra perlamutrini\u0173 blizgu\u010di\u0173 ir \u017evilgan\u010di\u0173 blizgu\u010di\u0173, kurie sukuria t\u016brini\u0173 l\u016bp\u0173 optin\u012f efekt\u0105 ir suteikia joms akinamo &scaron;vyt\u0117jimo. Kelias valandas nepraranda spalvos sodrumo, maitina ir dr\u0117kina l\u016bpas. Intensyv\u016bs perlamutriniai atspalviai su auk&scaron;tu spalv\u0173 perteikimo lygiu. D\u0117mesio! Pavaizduotos spalvos gali &nbsp;&scaron;iek tiek skirtis nuo tikrosios gaminio spalvos. &nbsp;<\/p>\n","protected":false},"featured_media":82310,"template":"","meta":[],"product_cat":[1269],"product_tag":[],"class_list":{"0":"post-34274","1":"product","2":"type-product","3":"status-publish","4":"has-post-thumbnail","6":"product_brand-lux-visage_by-lt","7":"product_cat-lupu-dazai","9":"first","10":"outofstock","11":"taxable","12":"shipping-taxable","13":"product-type-simple"},"_links":{"self":[{"href":"https:\/\/e.kosmolat.eu\/lt\/wp-json\/wp\/v2\/product\/34274","targetHints":{"allow":["GET"]}}],"collection":[{"href":"https:\/\/e.kosmolat.eu\/lt\/wp-json\/wp\/v2\/product"}],"about":[{"href":"https:\/\/e.kosmolat.eu\/lt\/wp-json\/wp\/v2\/types\/product"}],"wp:featuredmedia":[{"embeddable":true,"href":"https:\/\/e.kosmolat.eu\/lt\/wp-json\/wp\/v2\/media\/82310"}],"wp:attachment":[{"href":"https:\/\/e.kosmolat.eu\/lt\/wp-json\/wp\/v2\/media?parent=34274"}],"wp:term":[{"taxonomy":"product_cat","embeddable":true,"href":"https:\/\/e.kosmolat.eu\/lt\/wp-json\/wp\/v2\/product_cat?post=34274"},{"taxonomy":"product_tag","embeddable":true,"href":"https:\/\/e.kosmolat.eu\/lt\/wp-json\/wp\/v2\/product_tag?post=34274"}],"curies":[{"name":"wp","href":"https:\/\/api.w.org\/{rel}","templated":true}]}}