{"id":34198,"date":"2023-12-22T15:03:52","date_gmt":"2023-12-22T15:03:52","guid":{"rendered":"https:\/\/e.kosmolat.eu\/product\/sl-kremveida-dusas-zeleja-izvelies-mani-445-ml\/"},"modified":"2025-09-19T18:07:56","modified_gmt":"2025-09-19T18:07:56","slug":"sl-kremveida-dusas-zeleja-izvelies-mani-445-ml","status":"publish","type":"product","link":"https:\/\/e.kosmolat.eu\/lt\/produktas\/sl-kremveida-dusas-zeleja-izvelies-mani-445-ml\/","title":{"rendered":"BIO WORLD Secret Life Su\u0161o kremas-gelis &#8220;I\u0161sirink mane&#8217;, 445 ml"},"content":{"rendered":"<p>\u017dvalum\u0105 suteikiantis m\u0117tinis-citrusinis aromatas pagerina nuotaik\u0105 ir \u012fkraus energijos ilgam laikui. Citrinos ekstraktas tonizuoja, padeda kovoti su celiulitu, suteikia odai stangrum\u0105. Tonizuojant\u012f SPA-procedur\u0105 nuotaikai sukurti.<\/p>\n<p><strong>Naudojimo b\u016bdas:<\/strong> tepkite gel\u012f ant dr\u0117gnos k\u016bno odos masa\u017euojamaisiais judesiais. Nuplaukite &scaron;iltu vandeniu.<\/p>\n","protected":false},"excerpt":{"rendered":"<p>\u017dvalum\u0105 suteikiantis m\u0117tinis-citrusinis aromatas pagerina nuotaik\u0105 ir \u012fkraus energijos ilgam laikui. Citrinos ekstraktas tonizuoja, padeda kovoti su celiulitu, suteikia odai stangrum\u0105. Tonizuojant\u012f SPA-procedur\u0105 nuotaikai sukurti. Naudojimo b\u016bdas: tepkite gel\u012f ant dr\u0117gnos k\u016bno odos masa\u017euojamaisiais judesiais. Nuplaukite &scaron;iltu vandeniu.<\/p>\n","protected":false},"featured_media":81482,"template":"","meta":[],"product_cat":[1282],"product_tag":[],"class_list":{"0":"post-34198","1":"product","2":"type-product","3":"status-publish","4":"has-post-thumbnail","6":"product_brand-matbea_sivis_by-lt","7":"product_cat-duso-geliai-ir-duso-aliejai","9":"first","10":"outofstock","11":"taxable","12":"shipping-taxable","13":"product-type-simple"},"_links":{"self":[{"href":"https:\/\/e.kosmolat.eu\/lt\/wp-json\/wp\/v2\/product\/34198","targetHints":{"allow":["GET"]}}],"collection":[{"href":"https:\/\/e.kosmolat.eu\/lt\/wp-json\/wp\/v2\/product"}],"about":[{"href":"https:\/\/e.kosmolat.eu\/lt\/wp-json\/wp\/v2\/types\/product"}],"wp:featuredmedia":[{"embeddable":true,"href":"https:\/\/e.kosmolat.eu\/lt\/wp-json\/wp\/v2\/media\/81482"}],"wp:attachment":[{"href":"https:\/\/e.kosmolat.eu\/lt\/wp-json\/wp\/v2\/media?parent=34198"}],"wp:term":[{"taxonomy":"product_cat","embeddable":true,"href":"https:\/\/e.kosmolat.eu\/lt\/wp-json\/wp\/v2\/product_cat?post=34198"},{"taxonomy":"product_tag","embeddable":true,"href":"https:\/\/e.kosmolat.eu\/lt\/wp-json\/wp\/v2\/product_tag?post=34198"}],"curies":[{"name":"wp","href":"https:\/\/api.w.org\/{rel}","templated":true}]}}