{"id":34194,"date":"2023-12-22T15:03:34","date_gmt":"2023-12-22T15:03:34","guid":{"rendered":"https:\/\/e.kosmolat.eu\/product\/sl-kremveida-dusas-zeleja-gribu-uz-provanci-445-ml\/"},"modified":"2025-09-19T18:07:44","modified_gmt":"2025-09-19T18:07:44","slug":"sl-kremveida-dusas-zeleja-gribu-uz-provanci-445-ml","status":"publish","type":"product","link":"https:\/\/e.kosmolat.eu\/lt\/produktas\/sl-kremveida-dusas-zeleja-gribu-uz-provanci-445-ml\/","title":{"rendered":"BIO WORLD Secret Life Du\u0161o kremas-gelis &#8220;Noriu \u012f Provans\u0105&#8221;, 445 ml"},"content":{"rendered":"<p>&Scaron;velnus du&scaron;o kremas-gelis su levandos eteriniu aliejumi. Idealiai atpalaiduoja, ramina ir sukuria SPA-salono atmosfer\u0105. Apsaugo od\u0105 nuo sausumo ir traukimo jausmo, apsaugo nuo galimo odos &scaron;erp\u0117tojimo. Atpalaiduojanti SPA-proced\u016bra poilsiui.&nbsp;<\/p>\n<p><strong>Naudojimo b\u016bdas: <\/strong>tepkite gel\u012f ant dr\u0117gnos k\u016bno odos masa\u017euojamaisiais judesiais. Nuplaukite &scaron;iltu vandeniu.<\/p>\n","protected":false},"excerpt":{"rendered":"<p>&Scaron;velnus du&scaron;o kremas-gelis su levandos eteriniu aliejumi. Idealiai atpalaiduoja, ramina ir sukuria SPA-salono atmosfer\u0105. Apsaugo od\u0105 nuo sausumo ir traukimo jausmo, apsaugo nuo galimo odos &scaron;erp\u0117tojimo. Atpalaiduojanti SPA-proced\u016bra poilsiui.&nbsp; Naudojimo b\u016bdas: tepkite gel\u012f ant dr\u0117gnos k\u016bno odos masa\u017euojamaisiais judesiais. Nuplaukite &scaron;iltu vandeniu.<\/p>\n","protected":false},"featured_media":81478,"template":"","meta":[],"product_cat":[1282],"product_tag":[],"class_list":{"0":"post-34194","1":"product","2":"type-product","3":"status-publish","4":"has-post-thumbnail","6":"product_brand-matbea_sivis_by-lt","7":"product_cat-duso-geliai-ir-duso-aliejai","9":"first","10":"outofstock","11":"taxable","12":"shipping-taxable","13":"product-type-simple"},"_links":{"self":[{"href":"https:\/\/e.kosmolat.eu\/lt\/wp-json\/wp\/v2\/product\/34194","targetHints":{"allow":["GET"]}}],"collection":[{"href":"https:\/\/e.kosmolat.eu\/lt\/wp-json\/wp\/v2\/product"}],"about":[{"href":"https:\/\/e.kosmolat.eu\/lt\/wp-json\/wp\/v2\/types\/product"}],"wp:featuredmedia":[{"embeddable":true,"href":"https:\/\/e.kosmolat.eu\/lt\/wp-json\/wp\/v2\/media\/81478"}],"wp:attachment":[{"href":"https:\/\/e.kosmolat.eu\/lt\/wp-json\/wp\/v2\/media?parent=34194"}],"wp:term":[{"taxonomy":"product_cat","embeddable":true,"href":"https:\/\/e.kosmolat.eu\/lt\/wp-json\/wp\/v2\/product_cat?post=34194"},{"taxonomy":"product_tag","embeddable":true,"href":"https:\/\/e.kosmolat.eu\/lt\/wp-json\/wp\/v2\/product_tag?post=34194"}],"curies":[{"name":"wp","href":"https:\/\/api.w.org\/{rel}","templated":true}]}}